{"id":56,"date":"2026-01-12T18:33:06","date_gmt":"2026-01-12T18:33:06","guid":{"rendered":"https:\/\/promociondeeventos.sld.cu\/sofwarer\/?page_id=56"},"modified":"2026-01-12T18:34:03","modified_gmt":"2026-01-12T18:34:03","slug":"para-que-sirve-r","status":"publish","type":"page","link":"https:\/\/promociondeeventos.sld.cu\/sofwarer\/para-que-sirve-r\/","title":{"rendered":"\u00bfPara qu\u00e9 sirve R?"},"content":{"rendered":"<div id=\"_VztlaZ24GeuIwbkP2-2Z2AY_95\" class=\"bCOlv\" data-ved=\"2ahUKEwjdv-rlzoaSAxVrRDABHdt2BmsQ7NUEegQINRAE\">\n<div class=\"IZE3Td\">\n<div class=\"r2fjmd t0bRye Sbgr0\" data-hveid=\"CDUQBQ\" data-ved=\"2ahUKEwjdv-rlzoaSAxVrRDABHdt2BmsQu04oAHoECDUQBQ\">\n<div id=\"VztlaZ24GeuIwbkP2-2Z2AY__34\">\n<div class=\"wDYxhc\" data-md=\"61\">\n<div class=\"LGOjhe\" data-attrid=\"wa:\/description\" data-hveid=\"CCgQAA\"><span class=\"ILfuVd\" lang=\"es\"><span class=\"hgKElc pOOWX\">R es un <b>lenguaje de programaci\u00f3n utilizado como software estad\u00edstico en muchas disciplinas<\/b>. Al ser gratuito y f\u00e1cil de utilizar se ha convertido en la plataforma estad\u00edstica m\u00e1s utilizada para el an\u00e1lisis de datos y big data; est\u00e1 a la altura de otros lenguajes y programas estad\u00edsticos como Python, Julia, SPSS y SAS.<\/span><\/span><\/div>\n<\/div>\n<\/div>\n<\/div>\n<\/div>\n<\/div>\n","protected":false},"excerpt":{"rendered":"<p>R es un lenguaje de programaci\u00f3n utilizado como software estad\u00edstico en muchas disciplinas. Al ser gratuito y f\u00e1cil de utilizar se ha convertido en la plataforma estad\u00edstica m\u00e1s utilizada para el an\u00e1lisis de datos y big data; est\u00e1 a la altura de otros lenguajes y programas estad\u00edsticos como Python, Julia, SPSS y SAS.<\/p>\n","protected":false},"author":3257,"featured_media":0,"parent":0,"menu_order":0,"comment_status":"closed","ping_status":"closed","template":"","meta":[],"_links":{"self":[{"href":"https:\/\/promociondeeventos.sld.cu\/sofwarer\/wp-json\/wp\/v2\/pages\/56"}],"collection":[{"href":"https:\/\/promociondeeventos.sld.cu\/sofwarer\/wp-json\/wp\/v2\/pages"}],"about":[{"href":"https:\/\/promociondeeventos.sld.cu\/sofwarer\/wp-json\/wp\/v2\/types\/page"}],"author":[{"embeddable":true,"href":"https:\/\/promociondeeventos.sld.cu\/sofwarer\/wp-json\/wp\/v2\/users\/3257"}],"replies":[{"embeddable":true,"href":"https:\/\/promociondeeventos.sld.cu\/sofwarer\/wp-json\/wp\/v2\/comments?post=56"}],"version-history":[{"count":1,"href":"https:\/\/promociondeeventos.sld.cu\/sofwarer\/wp-json\/wp\/v2\/pages\/56\/revisions"}],"predecessor-version":[{"id":58,"href":"https:\/\/promociondeeventos.sld.cu\/sofwarer\/wp-json\/wp\/v2\/pages\/56\/revisions\/58"}],"wp:attachment":[{"href":"https:\/\/promociondeeventos.sld.cu\/sofwarer\/wp-json\/wp\/v2\/media?parent=56"}],"curies":[{"name":"wp","href":"https:\/\/api.w.org\/{rel}","templated":true}]}}