{"id":45,"date":"2026-01-12T18:25:45","date_gmt":"2026-01-12T18:25:45","guid":{"rendered":"https:\/\/promociondeeventos.sld.cu\/sofwarer\/?page_id=45"},"modified":"2026-01-12T18:25:45","modified_gmt":"2026-01-12T18:25:45","slug":"que-es-el-software-r","status":"publish","type":"page","link":"https:\/\/promociondeeventos.sld.cu\/sofwarer\/que-es-el-software-r\/","title":{"rendered":"\u00bfQu\u00e9 es el software R?"},"content":{"rendered":"<p><span class=\"BxUVEf ILfuVd\" lang=\"es\"><span class=\"hgKElc pOOWX\">R es un <b>software de procesamiento y an\u00e1lisis de datos<\/b> particularmente popular entre la comunidad cient\u00edfica y estad\u00edstica, el cual es distribuido gratuitamente bajo licencia p\u00fablica general (GNU). R es multiplataforma. R est\u00e1 disponible para usuarios de tres sistemas operativos: Unix-Like, Windows y Mac-OS.<\/span><\/span><\/p>\n","protected":false},"excerpt":{"rendered":"<p>R es un software de procesamiento y an\u00e1lisis de datos particularmente popular entre la comunidad cient\u00edfica y estad\u00edstica, el cual es distribuido gratuitamente bajo licencia p\u00fablica general (GNU). R es multiplataforma. R est\u00e1 disponible para usuarios de tres sistemas operativos: Unix-Like, Windows y Mac-OS.<\/p>\n","protected":false},"author":3257,"featured_media":0,"parent":0,"menu_order":0,"comment_status":"closed","ping_status":"closed","template":"","meta":[],"_links":{"self":[{"href":"https:\/\/promociondeeventos.sld.cu\/sofwarer\/wp-json\/wp\/v2\/pages\/45"}],"collection":[{"href":"https:\/\/promociondeeventos.sld.cu\/sofwarer\/wp-json\/wp\/v2\/pages"}],"about":[{"href":"https:\/\/promociondeeventos.sld.cu\/sofwarer\/wp-json\/wp\/v2\/types\/page"}],"author":[{"embeddable":true,"href":"https:\/\/promociondeeventos.sld.cu\/sofwarer\/wp-json\/wp\/v2\/users\/3257"}],"replies":[{"embeddable":true,"href":"https:\/\/promociondeeventos.sld.cu\/sofwarer\/wp-json\/wp\/v2\/comments?post=45"}],"version-history":[{"count":1,"href":"https:\/\/promociondeeventos.sld.cu\/sofwarer\/wp-json\/wp\/v2\/pages\/45\/revisions"}],"predecessor-version":[{"id":46,"href":"https:\/\/promociondeeventos.sld.cu\/sofwarer\/wp-json\/wp\/v2\/pages\/45\/revisions\/46"}],"wp:attachment":[{"href":"https:\/\/promociondeeventos.sld.cu\/sofwarer\/wp-json\/wp\/v2\/media?parent=45"}],"curies":[{"name":"wp","href":"https:\/\/api.w.org\/{rel}","templated":true}]}}