{"id":2,"date":"2026-01-08T18:52:41","date_gmt":"2026-01-08T18:52:41","guid":{"rendered":"https:\/\/promociondeeventos.sld.cu\/sofwarer\/?page_id=2"},"modified":"2026-01-11T01:43:31","modified_gmt":"2026-01-11T01:43:31","slug":"pagina-ejemplo","status":"publish","type":"page","link":"https:\/\/promociondeeventos.sld.cu\/sofwarer\/","title":{"rendered":"Convocatoria"},"content":{"rendered":"<p>El curso Nociones b\u00e1sicos para el manejo de Software R, dise\u00f1ado para introducir a los participantes en el uso de este entorno de programaci\u00f3n aplicado a la estad\u00edstica y la investigaci\u00f3n cient\u00edfica.<\/p>\n<p>El curso tendr\u00e1 como objetivo principal brindar las competencias necesarias para comprender la l\u00f3gica del lenguaje R, manejar sus funciones b\u00e1sicas y aplicar herramientas iniciales de an\u00e1lisis y visualizaci\u00f3n de datos.<\/p>\n<p>Se abordar\u00e1n temas como instalaci\u00f3n y configuraci\u00f3n del software, manipulaci\u00f3n de datos, uso de paquetes esenciales, generaci\u00f3n de gr\u00e1ficos y buenas pr\u00e1cticas de programaci\u00f3n reproducible.<\/p>\n<p>Al finalizar, los participantes estar\u00e1n en condiciones de utilizar R para realizar an\u00e1lisis b\u00e1sicos, organizar datos y producir representaciones gr\u00e1ficas, sentando las bases para estudios m\u00e1s avanzados en estad\u00edstica, epidemiolog\u00eda, ciencias sociales y otras disciplinas.<\/p>\n","protected":false},"excerpt":{"rendered":"<p>El curso Nociones b\u00e1sicos para el manejo de Software R, dise\u00f1ado para introducir a los participantes en el uso de este entorno de programaci\u00f3n aplicado a la estad\u00edstica y la investigaci\u00f3n cient\u00edfica. El curso tendr\u00e1 como objetivo principal brindar las competencias necesarias para comprender la l\u00f3gica del lenguaje R, manejar sus funciones b\u00e1sicas y aplicar [&hellip;]<\/p>\n","protected":false},"author":3257,"featured_media":0,"parent":0,"menu_order":0,"comment_status":"closed","ping_status":"open","template":"","meta":[],"_links":{"self":[{"href":"https:\/\/promociondeeventos.sld.cu\/sofwarer\/wp-json\/wp\/v2\/pages\/2"}],"collection":[{"href":"https:\/\/promociondeeventos.sld.cu\/sofwarer\/wp-json\/wp\/v2\/pages"}],"about":[{"href":"https:\/\/promociondeeventos.sld.cu\/sofwarer\/wp-json\/wp\/v2\/types\/page"}],"author":[{"embeddable":true,"href":"https:\/\/promociondeeventos.sld.cu\/sofwarer\/wp-json\/wp\/v2\/users\/3257"}],"replies":[{"embeddable":true,"href":"https:\/\/promociondeeventos.sld.cu\/sofwarer\/wp-json\/wp\/v2\/comments?post=2"}],"version-history":[{"count":3,"href":"https:\/\/promociondeeventos.sld.cu\/sofwarer\/wp-json\/wp\/v2\/pages\/2\/revisions"}],"predecessor-version":[{"id":44,"href":"https:\/\/promociondeeventos.sld.cu\/sofwarer\/wp-json\/wp\/v2\/pages\/2\/revisions\/44"}],"wp:attachment":[{"href":"https:\/\/promociondeeventos.sld.cu\/sofwarer\/wp-json\/wp\/v2\/media?parent=2"}],"curies":[{"name":"wp","href":"https:\/\/api.w.org\/{rel}","templated":true}]}}