{"id":8,"date":"2022-03-10T17:47:52","date_gmt":"2022-03-10T17:47:52","guid":{"rendered":"http:\/\/promociondeeventos.sld.cu\/socuenfciego2022\/?page_id=8"},"modified":"2022-03-18T20:26:04","modified_gmt":"2022-03-18T20:26:04","slug":"organizan-y-auspician","status":"publish","type":"page","link":"https:\/\/promociondeeventos.sld.cu\/socuenfciego2022\/organizan-y-auspician\/","title":{"rendered":"Organizan y auspician"},"content":{"rendered":"<p>-Cap\u00edtulo Ciego de \u00c1vila de la Sociedad Cubana de Enfermer\u00eda<br \/>\n-Universidad de Ciencias M\u00e9dicas de Ciego de \u00c1vila<br \/>\n-Centro Provincial de Informaci\u00f3n de Ciencias M\u00e9dicas de Ciego de \u00c1vila<br \/>\n-Centro Nacional de Informaci\u00f3n de Ciencias M\u00e9dicas<\/p>\n","protected":false},"excerpt":{"rendered":"<p>-Cap\u00edtulo Ciego de \u00c1vila de la Sociedad Cubana de Enfermer\u00eda -Universidad de Ciencias M\u00e9dicas de Ciego de \u00c1vila -Centro Provincial de Informaci\u00f3n de Ciencias M\u00e9dicas de Ciego de \u00c1vila -Centro Nacional de Informaci\u00f3n de Ciencias M\u00e9dicas<\/p>\n","protected":false},"author":3262,"featured_media":0,"parent":0,"menu_order":0,"comment_status":"closed","ping_status":"open","template":"","meta":[],"_links":{"self":[{"href":"https:\/\/promociondeeventos.sld.cu\/socuenfciego2022\/wp-json\/wp\/v2\/pages\/8"}],"collection":[{"href":"https:\/\/promociondeeventos.sld.cu\/socuenfciego2022\/wp-json\/wp\/v2\/pages"}],"about":[{"href":"https:\/\/promociondeeventos.sld.cu\/socuenfciego2022\/wp-json\/wp\/v2\/types\/page"}],"author":[{"embeddable":true,"href":"https:\/\/promociondeeventos.sld.cu\/socuenfciego2022\/wp-json\/wp\/v2\/users\/3262"}],"replies":[{"embeddable":true,"href":"https:\/\/promociondeeventos.sld.cu\/socuenfciego2022\/wp-json\/wp\/v2\/comments?post=8"}],"version-history":[{"count":4,"href":"https:\/\/promociondeeventos.sld.cu\/socuenfciego2022\/wp-json\/wp\/v2\/pages\/8\/revisions"}],"predecessor-version":[{"id":73,"href":"https:\/\/promociondeeventos.sld.cu\/socuenfciego2022\/wp-json\/wp\/v2\/pages\/8\/revisions\/73"}],"wp:attachment":[{"href":"https:\/\/promociondeeventos.sld.cu\/socuenfciego2022\/wp-json\/wp\/v2\/media?parent=8"}],"curies":[{"name":"wp","href":"https:\/\/api.w.org\/{rel}","templated":true}]}}