{"id":4,"date":"2022-03-10T17:47:04","date_gmt":"2022-03-10T17:47:04","guid":{"rendered":"http:\/\/promociondeeventos.sld.cu\/socuenfciego2022\/?page_id=4"},"modified":"2022-03-18T20:25:49","modified_gmt":"2022-03-18T20:25:49","slug":"comite-cientifico","status":"publish","type":"page","link":"https:\/\/promociondeeventos.sld.cu\/socuenfciego2022\/comite-cientifico\/","title":{"rendered":"Comit\u00e9 cient\u00edfico"},"content":{"rendered":"<p><strong>Presidente:<\/strong><\/p>\n<ul>\n<li>Dr. C. Eduardo Guillermo Diago Soto. Hospital Provincial General Docente Dr. Antonio Luaces\u00a0\u00a0 Iraola.diagoeduardo@infomed.sld.cu<\/li>\n<\/ul>\n<p><strong>Miembros:<\/strong><\/p>\n<ul>\n<li>M. Sc. Aracelys S\u00e1nchez Fern\u00e1ndez. Policl\u00ednico Docente \u201cJuan Olimpo Valc\u00e1rcel. aracelyssf@infomed.sld.cu<\/li>\n<li>Esp. AnaidYudelkis Gonz\u00e1lez L\u00f3pez. FCM Jos\u00e9 Aseff Yara.<\/li>\n<li>M. Sc.\u00a0 Nadiova Victoria Zayas Iznaga. Direcci\u00f3n Provincial de Salud. nadiova@infomed.sld.cu<\/li>\n<li>Lic. Yaite Qui\u00f1ones\u00a0 G\u00e1lvez. FCM Jos\u00e9 Aseff Yara.yaite@infomed.sld.cu<\/li>\n<\/ul>\n","protected":false},"excerpt":{"rendered":"<p>Presidente: Dr. C. Eduardo Guillermo Diago Soto. Hospital Provincial General Docente Dr. Antonio Luaces\u00a0\u00a0 Iraola.diagoeduardo@infomed.sld.cu Miembros: M. Sc. Aracelys S\u00e1nchez Fern\u00e1ndez. Policl\u00ednico Docente \u201cJuan Olimpo Valc\u00e1rcel. aracelyssf@infomed.sld.cu Esp. AnaidYudelkis Gonz\u00e1lez L\u00f3pez. FCM Jos\u00e9 Aseff Yara. M. Sc.\u00a0 Nadiova Victoria Zayas Iznaga. Direcci\u00f3n Provincial de Salud. nadiova@infomed.sld.cu Lic. Yaite Qui\u00f1ones\u00a0 G\u00e1lvez. FCM Jos\u00e9 Aseff Yara.yaite@infomed.sld.cu<\/p>\n","protected":false},"author":3262,"featured_media":0,"parent":0,"menu_order":0,"comment_status":"closed","ping_status":"open","template":"","meta":[],"_links":{"self":[{"href":"https:\/\/promociondeeventos.sld.cu\/socuenfciego2022\/wp-json\/wp\/v2\/pages\/4"}],"collection":[{"href":"https:\/\/promociondeeventos.sld.cu\/socuenfciego2022\/wp-json\/wp\/v2\/pages"}],"about":[{"href":"https:\/\/promociondeeventos.sld.cu\/socuenfciego2022\/wp-json\/wp\/v2\/types\/page"}],"author":[{"embeddable":true,"href":"https:\/\/promociondeeventos.sld.cu\/socuenfciego2022\/wp-json\/wp\/v2\/users\/3262"}],"replies":[{"embeddable":true,"href":"https:\/\/promociondeeventos.sld.cu\/socuenfciego2022\/wp-json\/wp\/v2\/comments?post=4"}],"version-history":[{"count":4,"href":"https:\/\/promociondeeventos.sld.cu\/socuenfciego2022\/wp-json\/wp\/v2\/pages\/4\/revisions"}],"predecessor-version":[{"id":72,"href":"https:\/\/promociondeeventos.sld.cu\/socuenfciego2022\/wp-json\/wp\/v2\/pages\/4\/revisions\/72"}],"wp:attachment":[{"href":"https:\/\/promociondeeventos.sld.cu\/socuenfciego2022\/wp-json\/wp\/v2\/media?parent=4"}],"curies":[{"name":"wp","href":"https:\/\/api.w.org\/{rel}","templated":true}]}}