{"id":2,"date":"2022-03-10T17:39:31","date_gmt":"2022-03-10T17:39:31","guid":{"rendered":"http:\/\/promociondeeventos.sld.cu\/socuenfciego2022\/?page_id=2"},"modified":"2022-04-01T17:00:07","modified_gmt":"2022-04-01T17:00:07","slug":"pagina-ejemplo","status":"publish","type":"page","link":"https:\/\/promociondeeventos.sld.cu\/socuenfciego2022\/","title":{"rendered":"Convocatoria"},"content":{"rendered":"<p>El Cap\u00edtulo de la Sociedad Cuba de Enfermer\u00eda de Ciego de \u00c1vila los invita a participar en la II Jornada Cient\u00edfica Virtual de Enfermer\u00eda, que desarrollar\u00e1 la comunidad cient\u00edfica de enfermeros avile\u00f1os en saludo al d\u00eda internacional y nacional de Enfermeria y en homenaje a la labor realizada por los trabajadores de la salud<\/p>\n<p>Socuenfciego2022 se desarrollar\u00e1 del 1 de mayo al 3 de junio 2022 con el objetivo de interactuar, presentar, debatir y divulgar los resultados de las investigaciones en el campo de la Enfermer\u00eda<\/p>\n<p>Les invitamos a participar y exponer sus experiencias sobre temas relacionados. Podr\u00e1n participar profesionales y estudiantes de enfermer\u00eda, investigadores y otros profesionales que deseen conocer y compartir experiencias.<\/p>\n<p>&nbsp;<\/p>\n<p><a href=\"http:\/\/promociondeeventos.sld.cu\/socuenfciego2022\/files\/2022\/03\/ciego-de-avila-17.jpg\"><img decoding=\"async\" loading=\"lazy\" class=\"  wp-image-74 aligncenter\" src=\"http:\/\/promociondeeventos.sld.cu\/socuenfciego2022\/files\/2022\/03\/ciego-de-avila-17-300x95.jpg\" alt=\"ciego-de-avila-17\" width=\"394\" height=\"125\" srcset=\"https:\/\/promociondeeventos.sld.cu\/socuenfciego2022\/files\/2022\/03\/ciego-de-avila-17-300x95.jpg 300w, https:\/\/promociondeeventos.sld.cu\/socuenfciego2022\/files\/2022\/03\/ciego-de-avila-17-1024x323.jpg 1024w, https:\/\/promociondeeventos.sld.cu\/socuenfciego2022\/files\/2022\/03\/ciego-de-avila-17.jpg 1900w\" sizes=\"(max-width: 394px) 100vw, 394px\" \/><\/a><\/p>\n<p>&nbsp;<\/p>\n<p>&nbsp;<\/p>\n<p>&nbsp;<\/p>\n<p>&nbsp;<\/p>\n<p>&nbsp;<\/p>\n<p>&nbsp;<\/p>\n","protected":false},"excerpt":{"rendered":"<p>El Cap\u00edtulo de la Sociedad Cuba de Enfermer\u00eda de Ciego de \u00c1vila los invita a participar en la II Jornada Cient\u00edfica Virtual de Enfermer\u00eda, que desarrollar\u00e1 la comunidad cient\u00edfica de enfermeros avile\u00f1os en saludo al d\u00eda internacional y nacional de Enfermeria y en homenaje a la labor realizada por los trabajadores de la salud Socuenfciego2022 [&hellip;]<\/p>\n","protected":false},"author":3288,"featured_media":0,"parent":0,"menu_order":0,"comment_status":"closed","ping_status":"open","template":"","meta":[],"_links":{"self":[{"href":"https:\/\/promociondeeventos.sld.cu\/socuenfciego2022\/wp-json\/wp\/v2\/pages\/2"}],"collection":[{"href":"https:\/\/promociondeeventos.sld.cu\/socuenfciego2022\/wp-json\/wp\/v2\/pages"}],"about":[{"href":"https:\/\/promociondeeventos.sld.cu\/socuenfciego2022\/wp-json\/wp\/v2\/types\/page"}],"author":[{"embeddable":true,"href":"https:\/\/promociondeeventos.sld.cu\/socuenfciego2022\/wp-json\/wp\/v2\/users\/3288"}],"replies":[{"embeddable":true,"href":"https:\/\/promociondeeventos.sld.cu\/socuenfciego2022\/wp-json\/wp\/v2\/comments?post=2"}],"version-history":[{"count":8,"href":"https:\/\/promociondeeventos.sld.cu\/socuenfciego2022\/wp-json\/wp\/v2\/pages\/2\/revisions"}],"predecessor-version":[{"id":129,"href":"https:\/\/promociondeeventos.sld.cu\/socuenfciego2022\/wp-json\/wp\/v2\/pages\/2\/revisions\/129"}],"wp:attachment":[{"href":"https:\/\/promociondeeventos.sld.cu\/socuenfciego2022\/wp-json\/wp\/v2\/media?parent=2"}],"curies":[{"name":"wp","href":"https:\/\/api.w.org\/{rel}","templated":true}]}}