{"id":10,"date":"2022-03-10T17:48:50","date_gmt":"2022-03-10T17:48:50","guid":{"rendered":"http:\/\/promociondeeventos.sld.cu\/socuenfciego2022\/?page_id=10"},"modified":"2022-03-17T14:52:09","modified_gmt":"2022-03-17T14:52:09","slug":"tematicas","status":"publish","type":"page","link":"https:\/\/promociondeeventos.sld.cu\/socuenfciego2022\/tematicas\/","title":{"rendered":"Tem\u00e1ticas"},"content":{"rendered":"<ul>\n<li>Atenci\u00f3n primaria en la enfermer\u00eda.<\/li>\n<li>Resiliencia de los enfermeros en tiempo de pandemia.<\/li>\n<li>Proceso de formaci\u00f3n profesional.<\/li>\n<li>Historia de la enfermer\u00eda en Ciego de \u00c1vila.<\/li>\n<li>Tendencias actuales de la calidad de enfermer\u00eda, en la docencia, en la gesti\u00f3n y en la investigaci\u00f3n.<\/li>\n<li>Enfermer\u00eda y desarrollo sostenible.<\/li>\n<\/ul>\n","protected":false},"excerpt":{"rendered":"<p>Atenci\u00f3n primaria en la enfermer\u00eda. Resiliencia de los enfermeros en tiempo de pandemia. Proceso de formaci\u00f3n profesional. Historia de la enfermer\u00eda en Ciego de \u00c1vila. Tendencias actuales de la calidad de enfermer\u00eda, en la docencia, en la gesti\u00f3n y en la investigaci\u00f3n. Enfermer\u00eda y desarrollo sostenible.<\/p>\n","protected":false},"author":3262,"featured_media":0,"parent":0,"menu_order":0,"comment_status":"closed","ping_status":"open","template":"","meta":[],"_links":{"self":[{"href":"https:\/\/promociondeeventos.sld.cu\/socuenfciego2022\/wp-json\/wp\/v2\/pages\/10"}],"collection":[{"href":"https:\/\/promociondeeventos.sld.cu\/socuenfciego2022\/wp-json\/wp\/v2\/pages"}],"about":[{"href":"https:\/\/promociondeeventos.sld.cu\/socuenfciego2022\/wp-json\/wp\/v2\/types\/page"}],"author":[{"embeddable":true,"href":"https:\/\/promociondeeventos.sld.cu\/socuenfciego2022\/wp-json\/wp\/v2\/users\/3262"}],"replies":[{"embeddable":true,"href":"https:\/\/promociondeeventos.sld.cu\/socuenfciego2022\/wp-json\/wp\/v2\/comments?post=10"}],"version-history":[{"count":3,"href":"https:\/\/promociondeeventos.sld.cu\/socuenfciego2022\/wp-json\/wp\/v2\/pages\/10\/revisions"}],"predecessor-version":[{"id":67,"href":"https:\/\/promociondeeventos.sld.cu\/socuenfciego2022\/wp-json\/wp\/v2\/pages\/10\/revisions\/67"}],"wp:attachment":[{"href":"https:\/\/promociondeeventos.sld.cu\/socuenfciego2022\/wp-json\/wp\/v2\/media?parent=10"}],"curies":[{"name":"wp","href":"https:\/\/api.w.org\/{rel}","templated":true}]}}