{"id":8,"date":"2021-11-18T16:53:25","date_gmt":"2021-11-18T16:53:25","guid":{"rendered":"http:\/\/promociondeeventos.sld.cu\/socuenfciego2021\/?page_id=8"},"modified":"2021-11-26T21:21:05","modified_gmt":"2021-11-26T21:21:05","slug":"tematicas","status":"publish","type":"page","link":"https:\/\/promociondeeventos.sld.cu\/socuenfciego2021\/tematicas\/","title":{"rendered":"Tem\u00e1ticas"},"content":{"rendered":"<h3>-Atenci\u00f3n primaria en la enfermer\u00eda<br \/>\n-Resilencia de los enfermeros en tiempo de pandemia<br \/>\n-Proceso de formaci\u00f3n profesional<br \/>\n-Enfermer\u00eda en tiempos de COVID-19<br \/>\n-Adulto mayor y Covid<br \/>\n-Historia de la enfermer\u00eda en Ciego de \u00c1vila<br \/>\n-Embarazo en la adolescencia<\/h3>\n<h3><strong>\u00a0<\/strong><\/h3>\n","protected":false},"excerpt":{"rendered":"<p>-Atenci\u00f3n primaria en la enfermer\u00eda -Resilencia de los enfermeros en tiempo de pandemia -Proceso de formaci\u00f3n profesional -Enfermer\u00eda en tiempos de COVID-19 -Adulto mayor y Covid -Historia de la enfermer\u00eda en Ciego de \u00c1vila -Embarazo en la adolescencia \u00a0<\/p>\n","protected":false},"author":3262,"featured_media":0,"parent":0,"menu_order":0,"comment_status":"closed","ping_status":"open","template":"","meta":[],"_links":{"self":[{"href":"https:\/\/promociondeeventos.sld.cu\/socuenfciego2021\/wp-json\/wp\/v2\/pages\/8"}],"collection":[{"href":"https:\/\/promociondeeventos.sld.cu\/socuenfciego2021\/wp-json\/wp\/v2\/pages"}],"about":[{"href":"https:\/\/promociondeeventos.sld.cu\/socuenfciego2021\/wp-json\/wp\/v2\/types\/page"}],"author":[{"embeddable":true,"href":"https:\/\/promociondeeventos.sld.cu\/socuenfciego2021\/wp-json\/wp\/v2\/users\/3262"}],"replies":[{"embeddable":true,"href":"https:\/\/promociondeeventos.sld.cu\/socuenfciego2021\/wp-json\/wp\/v2\/comments?post=8"}],"version-history":[{"count":3,"href":"https:\/\/promociondeeventos.sld.cu\/socuenfciego2021\/wp-json\/wp\/v2\/pages\/8\/revisions"}],"predecessor-version":[{"id":180,"href":"https:\/\/promociondeeventos.sld.cu\/socuenfciego2021\/wp-json\/wp\/v2\/pages\/8\/revisions\/180"}],"wp:attachment":[{"href":"https:\/\/promociondeeventos.sld.cu\/socuenfciego2021\/wp-json\/wp\/v2\/media?parent=8"}],"curies":[{"name":"wp","href":"https:\/\/api.w.org\/{rel}","templated":true}]}}