{"id":5,"date":"2021-11-18T16:50:52","date_gmt":"2021-11-18T16:50:52","guid":{"rendered":"http:\/\/promociondeeventos.sld.cu\/socuenfciego2021\/?page_id=5"},"modified":"2021-11-26T18:56:05","modified_gmt":"2021-11-26T18:56:05","slug":"comite-cientifico","status":"publish","type":"page","link":"https:\/\/promociondeeventos.sld.cu\/socuenfciego2021\/comite-cientifico\/","title":{"rendered":"Comit\u00e9 cient\u00edfico"},"content":{"rendered":"<h3>Presidente<\/h3>\n<h3>-Dr. C. Eduardo Guillermo Diago Soto<\/h3>\n<h3><strong>Miembros:<\/strong><\/h3>\n<h3>-MSc. Aracelys S\u00e1nchez Fern\u00e1ndez<\/h3>\n<h3>-Esp. Ildania Rodr\u00edguez Santos<\/h3>\n<h3>-MSc. Josefa Rodr\u00edguez Ara\u00f1a<\/h3>\n<h3>-Lic. Yaite Qui\u00f1ones\u00a0 G\u00e1lvez<\/h3>\n","protected":false},"excerpt":{"rendered":"<p>Presidente -Dr. C. Eduardo Guillermo Diago Soto Miembros: -MSc. Aracelys S\u00e1nchez Fern\u00e1ndez -Esp. Ildania Rodr\u00edguez Santos -MSc. Josefa Rodr\u00edguez Ara\u00f1a -Lic. Yaite Qui\u00f1ones\u00a0 G\u00e1lvez<\/p>\n","protected":false},"author":3262,"featured_media":0,"parent":0,"menu_order":0,"comment_status":"closed","ping_status":"open","template":"","meta":[],"_links":{"self":[{"href":"https:\/\/promociondeeventos.sld.cu\/socuenfciego2021\/wp-json\/wp\/v2\/pages\/5"}],"collection":[{"href":"https:\/\/promociondeeventos.sld.cu\/socuenfciego2021\/wp-json\/wp\/v2\/pages"}],"about":[{"href":"https:\/\/promociondeeventos.sld.cu\/socuenfciego2021\/wp-json\/wp\/v2\/types\/page"}],"author":[{"embeddable":true,"href":"https:\/\/promociondeeventos.sld.cu\/socuenfciego2021\/wp-json\/wp\/v2\/users\/3262"}],"replies":[{"embeddable":true,"href":"https:\/\/promociondeeventos.sld.cu\/socuenfciego2021\/wp-json\/wp\/v2\/comments?post=5"}],"version-history":[{"count":5,"href":"https:\/\/promociondeeventos.sld.cu\/socuenfciego2021\/wp-json\/wp\/v2\/pages\/5\/revisions"}],"predecessor-version":[{"id":158,"href":"https:\/\/promociondeeventos.sld.cu\/socuenfciego2021\/wp-json\/wp\/v2\/pages\/5\/revisions\/158"}],"wp:attachment":[{"href":"https:\/\/promociondeeventos.sld.cu\/socuenfciego2021\/wp-json\/wp\/v2\/media?parent=5"}],"curies":[{"name":"wp","href":"https:\/\/api.w.org\/{rel}","templated":true}]}}