{"id":4,"date":"2021-11-18T16:51:18","date_gmt":"2021-11-18T16:51:18","guid":{"rendered":"http:\/\/promociondeeventos.sld.cu\/socuenfciego2021\/?page_id=4"},"modified":"2021-12-06T15:30:15","modified_gmt":"2021-12-06T15:30:15","slug":"convocatoria","status":"publish","type":"page","link":"https:\/\/promociondeeventos.sld.cu\/socuenfciego2021\/","title":{"rendered":"Convocatoria"},"content":{"rendered":"<h3 style=\"text-align: justify;\">El Cap\u00edtulo de la Sociedad Cuba de Enfermer\u00eda de Ciego de \u00c1vila los invita a participar en la I Jornada Cient\u00edfica Virtual de Enfermer\u00eda en homenaje a la labor realizada por los trabajadores de la salud frente a la Covid-19 y al 45 aniversario de la creaci\u00f3n de la Sociedad Cubana de Enfermer\u00eda.<\/h3>\n<h3 style=\"text-align: justify;\">Socuenfciego2021 se desarrollar\u00e1 del 1 al 23 de diciembre 2021 con el objetivo de Interactuar, presentar, debatir y divulgar los resultados de las investigaciones en el campo de la Enfermer\u00eda.<\/h3>\n<h3 style=\"text-align: justify;\">Les invitamos a participar y exponer sus experiencias sobre temas relacionados. Podr\u00e1n participar profesionales y estudiantes de enfermer\u00eda, investigadores y otros profesionales que deseen conocer y compartir experiencias.<\/h3>\n<h3 style=\"text-align: justify;\"><a href=\"http:\/\/promociondeeventos.sld.cu\/socuenfciego2021\/files\/2021\/11\/enfermeria.png\"><img decoding=\"async\" loading=\"lazy\" class=\"aligncenter  wp-image-11\" src=\"http:\/\/promociondeeventos.sld.cu\/socuenfciego2021\/files\/2021\/11\/enfermeria.png\" alt=\"enfermeria\" width=\"138\" height=\"111\" \/><\/a><\/h3>\n<p>&nbsp;<\/p>\n<p>&nbsp;<\/p>\n","protected":false},"excerpt":{"rendered":"<p>El Cap\u00edtulo de la Sociedad Cuba de Enfermer\u00eda de Ciego de \u00c1vila los invita a participar en la I Jornada Cient\u00edfica Virtual de Enfermer\u00eda en homenaje a la labor realizada por los trabajadores de la salud frente a la Covid-19 y al 45 aniversario de la creaci\u00f3n de la Sociedad Cubana de Enfermer\u00eda. Socuenfciego2021 se [&hellip;]<\/p>\n","protected":false},"author":3262,"featured_media":0,"parent":0,"menu_order":0,"comment_status":"closed","ping_status":"open","template":"sidebar-content.php","meta":[],"_links":{"self":[{"href":"https:\/\/promociondeeventos.sld.cu\/socuenfciego2021\/wp-json\/wp\/v2\/pages\/4"}],"collection":[{"href":"https:\/\/promociondeeventos.sld.cu\/socuenfciego2021\/wp-json\/wp\/v2\/pages"}],"about":[{"href":"https:\/\/promociondeeventos.sld.cu\/socuenfciego2021\/wp-json\/wp\/v2\/types\/page"}],"author":[{"embeddable":true,"href":"https:\/\/promociondeeventos.sld.cu\/socuenfciego2021\/wp-json\/wp\/v2\/users\/3262"}],"replies":[{"embeddable":true,"href":"https:\/\/promociondeeventos.sld.cu\/socuenfciego2021\/wp-json\/wp\/v2\/comments?post=4"}],"version-history":[{"count":12,"href":"https:\/\/promociondeeventos.sld.cu\/socuenfciego2021\/wp-json\/wp\/v2\/pages\/4\/revisions"}],"predecessor-version":[{"id":296,"href":"https:\/\/promociondeeventos.sld.cu\/socuenfciego2021\/wp-json\/wp\/v2\/pages\/4\/revisions\/296"}],"wp:attachment":[{"href":"https:\/\/promociondeeventos.sld.cu\/socuenfciego2021\/wp-json\/wp\/v2\/media?parent=4"}],"curies":[{"name":"wp","href":"https:\/\/api.w.org\/{rel}","templated":true}]}}