{"id":268,"date":"2021-12-02T14:38:49","date_gmt":"2021-12-02T14:38:49","guid":{"rendered":"http:\/\/promociondeeventos.sld.cu\/socuenfciego2021\/?page_id=268"},"modified":"2022-02-02T22:11:58","modified_gmt":"2022-02-02T22:11:58","slug":"certificados-de-participacion","status":"publish","type":"page","link":"https:\/\/promociondeeventos.sld.cu\/socuenfciego2021\/certificados-de-participacion\/","title":{"rendered":"Certificados de participaci\u00f3n"},"content":{"rendered":"<p><a title=\"Autores\" href=\"http:\/\/promociondeeventos.sld.cu\/socuenfciego2021\/?p=279\" target=\"_blank\">Autores<\/a><\/p>\n<p><a title=\"Comit\u00e9\" href=\"http:\/\/promociondeeventos.sld.cu\/socuenfciego2021\/?p=270\" target=\"_blank\">Comit\u00e9 Cient\u00edfico y Comit\u00e9 organizador<\/a><\/p>\n<p><a title=\"Otros participantes\" href=\"http:\/\/promociondeeventos.sld.cu\/socuenfciego2021\/?p=452\" target=\"_blank\">Otros participantes<\/a><\/p>\n","protected":false},"excerpt":{"rendered":"<p>Autores Comit\u00e9 Cient\u00edfico y Comit\u00e9 organizador Otros participantes<\/p>\n","protected":false},"author":3262,"featured_media":0,"parent":0,"menu_order":0,"comment_status":"closed","ping_status":"closed","template":"","meta":[],"_links":{"self":[{"href":"https:\/\/promociondeeventos.sld.cu\/socuenfciego2021\/wp-json\/wp\/v2\/pages\/268"}],"collection":[{"href":"https:\/\/promociondeeventos.sld.cu\/socuenfciego2021\/wp-json\/wp\/v2\/pages"}],"about":[{"href":"https:\/\/promociondeeventos.sld.cu\/socuenfciego2021\/wp-json\/wp\/v2\/types\/page"}],"author":[{"embeddable":true,"href":"https:\/\/promociondeeventos.sld.cu\/socuenfciego2021\/wp-json\/wp\/v2\/users\/3262"}],"replies":[{"embeddable":true,"href":"https:\/\/promociondeeventos.sld.cu\/socuenfciego2021\/wp-json\/wp\/v2\/comments?post=268"}],"version-history":[{"count":19,"href":"https:\/\/promociondeeventos.sld.cu\/socuenfciego2021\/wp-json\/wp\/v2\/pages\/268\/revisions"}],"predecessor-version":[{"id":574,"href":"https:\/\/promociondeeventos.sld.cu\/socuenfciego2021\/wp-json\/wp\/v2\/pages\/268\/revisions\/574"}],"wp:attachment":[{"href":"https:\/\/promociondeeventos.sld.cu\/socuenfciego2021\/wp-json\/wp\/v2\/media?parent=268"}],"curies":[{"name":"wp","href":"https:\/\/api.w.org\/{rel}","templated":true}]}}