{"id":3,"date":"2024-09-18T03:21:38","date_gmt":"2024-09-18T03:21:38","guid":{"rendered":"https:\/\/promociondeeventos.sld.cu\/snip2024\/?page_id=3"},"modified":"2024-12-11T15:42:15","modified_gmt":"2024-12-11T15:42:15","slug":"convocatoria","status":"publish","type":"page","link":"https:\/\/promociondeeventos.sld.cu\/snip2024\/","title":{"rendered":"Convocatoria"},"content":{"rendered":"<p>Entre las principales visiones de la Hoja de Ruta Mundial de la Organizaci\u00f3n Mundial de la Salud (OMS) para el a\u00f1o 2030 se encuentra mejorar la calidad de vida de las personas con afectaci\u00f3n del Sistema Nervioso Central. Siguiendo estas proyecciones, ning\u00fan cuadro neurol\u00f3gico de Meningitis y\/o Encefalitis de causa infecciosa queda exento de este plan de actuaci\u00f3n. Abordar el tema del S\u00edndrome Neurol\u00f3gico Infeccioso Parasitario contribuir\u00e1 a la prevenci\u00f3n de complicaciones, como la muerte o el da\u00f1o neurol\u00f3gico permanente, en individuos infectados por par\u00e1sitos de importancia m\u00e9dica.<\/p>\n<p>Sin duda, su experiencia agregar\u00e1 un valor significativo a los asistentes a nuestro Taller. Lo alentamos a compartir conocimientos pr\u00e1cticos, estudios de casos e investigaciones para atraer a la audiencia e inspirar un debate significativo. Es una oportunidad para interactuar con distinguidos oradores y expertos.<\/p>\n<p>Este evento se realiza con el apoyo de la Agencia Francesa para el Desarrollo y la Uni\u00f3n Europea<\/p>\n","protected":false},"excerpt":{"rendered":"<p>Entre las principales visiones de la Hoja de Ruta Mundial de la Organizaci\u00f3n Mundial de la Salud (OMS) para el a\u00f1o 2030 se encuentra mejorar la calidad de vida de las personas con afectaci\u00f3n del Sistema Nervioso Central. Siguiendo estas proyecciones, ning\u00fan cuadro neurol\u00f3gico de Meningitis y\/o Encefalitis de causa infecciosa queda exento de este [&hellip;]<\/p>\n","protected":false},"author":3262,"featured_media":0,"parent":0,"menu_order":0,"comment_status":"closed","ping_status":"closed","template":"","meta":[],"_links":{"self":[{"href":"https:\/\/promociondeeventos.sld.cu\/snip2024\/wp-json\/wp\/v2\/pages\/3"}],"collection":[{"href":"https:\/\/promociondeeventos.sld.cu\/snip2024\/wp-json\/wp\/v2\/pages"}],"about":[{"href":"https:\/\/promociondeeventos.sld.cu\/snip2024\/wp-json\/wp\/v2\/types\/page"}],"author":[{"embeddable":true,"href":"https:\/\/promociondeeventos.sld.cu\/snip2024\/wp-json\/wp\/v2\/users\/3262"}],"replies":[{"embeddable":true,"href":"https:\/\/promociondeeventos.sld.cu\/snip2024\/wp-json\/wp\/v2\/comments?post=3"}],"version-history":[{"count":3,"href":"https:\/\/promociondeeventos.sld.cu\/snip2024\/wp-json\/wp\/v2\/pages\/3\/revisions"}],"predecessor-version":[{"id":91,"href":"https:\/\/promociondeeventos.sld.cu\/snip2024\/wp-json\/wp\/v2\/pages\/3\/revisions\/91"}],"wp:attachment":[{"href":"https:\/\/promociondeeventos.sld.cu\/snip2024\/wp-json\/wp\/v2\/media?parent=3"}],"curies":[{"name":"wp","href":"https:\/\/api.w.org\/{rel}","templated":true}]}}