{"id":17,"date":"2024-09-18T03:23:48","date_gmt":"2024-09-18T03:23:48","guid":{"rendered":"https:\/\/promociondeeventos.sld.cu\/snip2024\/?page_id=17"},"modified":"2024-09-27T15:37:45","modified_gmt":"2024-09-27T15:37:45","slug":"normas-de-presentacion","status":"publish","type":"page","link":"https:\/\/promociondeeventos.sld.cu\/snip2024\/normas-de-presentacion\/","title":{"rendered":"Normas de presentaci\u00f3n"},"content":{"rendered":"<p><strong><em>Normas de presentaci\u00f3n:<\/em><\/strong><\/p>\n<p><em>Enviar resumen del trabajo en formato Microsoft Word (fecha de env\u00edo del 1 de septiembre al 15 de octubre de 2024).<\/em><\/p>\n<p><em>A: Prof. Zhaily Gonz\u00e1lez rodr\u00edguez; \u00a0<a href=\"mailto:zhaily@ipk.sld.cu\">zhaily@ipk.sld.cu<\/a><br \/>\n<\/em><\/p>\n<p><strong><em>Caracter\u00edsticas de los p\u00f3steres:<\/em><\/strong><\/p>\n<ul>\n<li><em> Los p\u00f3steres deben ser trabajos de una sola p\u00e1gina, estructurados de forma sint\u00e9tica, sencilla y visual.<\/em><\/li>\n<li><em> En el resumen deben aparecer todos los \u00edtems del resumen enviado anteriormente.<\/em><\/li>\n<li><em> Se recomienda que tengan 30 % de elementos gr\u00e1ficos e im\u00e1genes y 70 % de texto.<\/em><\/li>\n<li><em> Los p\u00f3steres se presentar\u00e1n en formato vertical, tama\u00f1o aproximado DINa4 (4:3, en color y con la suficiente visualizaci\u00f3n e informaci\u00f3n del trabajo que se aporta en el resumen.<\/em><\/li>\n<li><em> La presentaci\u00f3n del p\u00f3ster se realizar\u00e1 en formato PDF, y con un tama\u00f1o no mayor de 5 Megabytes. Para presentar la bibliograf\u00eda, puedes a\u00f1adir un c\u00f3digo QR, que est\u00e9 enlazado con la bibliograf\u00eda utilizada.<\/em><\/li>\n<\/ul>\n","protected":false},"excerpt":{"rendered":"<p>Normas de presentaci\u00f3n: Enviar resumen del trabajo en formato Microsoft Word (fecha de env\u00edo del 1 de septiembre al 15 de octubre de 2024). A: Prof. Zhaily Gonz\u00e1lez rodr\u00edguez; \u00a0zhaily@ipk.sld.cu Caracter\u00edsticas de los p\u00f3steres: Los p\u00f3steres deben ser trabajos de una sola p\u00e1gina, estructurados de forma sint\u00e9tica, sencilla y visual. En el resumen deben aparecer [&hellip;]<\/p>\n","protected":false},"author":3262,"featured_media":0,"parent":0,"menu_order":0,"comment_status":"closed","ping_status":"closed","template":"","meta":[],"_links":{"self":[{"href":"https:\/\/promociondeeventos.sld.cu\/snip2024\/wp-json\/wp\/v2\/pages\/17"}],"collection":[{"href":"https:\/\/promociondeeventos.sld.cu\/snip2024\/wp-json\/wp\/v2\/pages"}],"about":[{"href":"https:\/\/promociondeeventos.sld.cu\/snip2024\/wp-json\/wp\/v2\/types\/page"}],"author":[{"embeddable":true,"href":"https:\/\/promociondeeventos.sld.cu\/snip2024\/wp-json\/wp\/v2\/users\/3262"}],"replies":[{"embeddable":true,"href":"https:\/\/promociondeeventos.sld.cu\/snip2024\/wp-json\/wp\/v2\/comments?post=17"}],"version-history":[{"count":3,"href":"https:\/\/promociondeeventos.sld.cu\/snip2024\/wp-json\/wp\/v2\/pages\/17\/revisions"}],"predecessor-version":[{"id":69,"href":"https:\/\/promociondeeventos.sld.cu\/snip2024\/wp-json\/wp\/v2\/pages\/17\/revisions\/69"}],"wp:attachment":[{"href":"https:\/\/promociondeeventos.sld.cu\/snip2024\/wp-json\/wp\/v2\/media?parent=17"}],"curies":[{"name":"wp","href":"https:\/\/api.w.org\/{rel}","templated":true}]}}