{"id":9,"date":"2026-03-06T19:49:46","date_gmt":"2026-03-06T19:49:46","guid":{"rendered":"https:\/\/promociondeeventos.sld.cu\/sifilis2026\/?page_id=9"},"modified":"2026-03-16T14:49:12","modified_gmt":"2026-03-16T14:49:12","slug":"comite-cientifico","status":"publish","type":"page","link":"https:\/\/promociondeeventos.sld.cu\/sifilis2026\/comite-cientifico\/","title":{"rendered":"Comit\u00e9 Cient\u00edfico"},"content":{"rendered":"<p><strong>Presidente:<\/strong><br \/>\nLic. Islay Rodr\u00edguez Gonz\u00e1lez, Dr. C;<br \/>\nResponsable del Laboratorio Nacional de Referencia de Treponemas y Pat\u00f3genos Especiales,<br \/>\nDpto. de Bacteriolog\u00eda-Micolog\u00eda, Centro de Investigaci\u00f3n, Diagn\u00f3stico y Referencia, IPK (<a href=\"mailto:islay@ipk.sld.cu\" target=\"_blank\" rel=\"noopener\">islay@ipk.sld.cu<\/a>)<\/p>\n<p><strong>Miembros:<\/strong><\/p>\n<ul>\n<li>Dra. Jaqueline S\u00e1nchez Fuentes, MSc; Programa Nacional de Prevenci\u00f3n y Control de ITS, VIH y Hepatitis. Ministerio de Salud P\u00fablica (<a href=\"mailto:yakysanchez@infomed.sld.cu\" target=\"_blank\" rel=\"noopener\">yakysanchez@infomed.sld.cu<\/a>)<br \/>\nEpidemiolog\u00eda<\/li>\n<li>Dr. Rigoberto Garc\u00eda G\u00f3mez, Dr.C; Jefe del Grupo Nacional de Dermatolog\u00eda. Cl\u00ednica Central Cira Garc\u00eda (<a href=\"mailto:director@cirag.cu\" target=\"_blank\" rel=\"noopener\">director@cirag.cu<\/a>)<\/li>\n<\/ul>\n","protected":false},"excerpt":{"rendered":"<p>Presidente: Lic. Islay Rodr\u00edguez Gonz\u00e1lez, Dr. C; Responsable del Laboratorio Nacional de Referencia de Treponemas y Pat\u00f3genos Especiales, Dpto. de Bacteriolog\u00eda-Micolog\u00eda, Centro de Investigaci\u00f3n, Diagn\u00f3stico y Referencia, IPK (islay@ipk.sld.cu) Miembros: Dra. Jaqueline S\u00e1nchez Fuentes, MSc; Programa Nacional de Prevenci\u00f3n y Control de ITS, VIH y Hepatitis. Ministerio de Salud P\u00fablica (yakysanchez@infomed.sld.cu) Epidemiolog\u00eda Dr. Rigoberto Garc\u00eda [&hellip;]<\/p>\n","protected":false},"author":4,"featured_media":0,"parent":0,"menu_order":0,"comment_status":"closed","ping_status":"closed","template":"","meta":[],"_links":{"self":[{"href":"https:\/\/promociondeeventos.sld.cu\/sifilis2026\/wp-json\/wp\/v2\/pages\/9"}],"collection":[{"href":"https:\/\/promociondeeventos.sld.cu\/sifilis2026\/wp-json\/wp\/v2\/pages"}],"about":[{"href":"https:\/\/promociondeeventos.sld.cu\/sifilis2026\/wp-json\/wp\/v2\/types\/page"}],"author":[{"embeddable":true,"href":"https:\/\/promociondeeventos.sld.cu\/sifilis2026\/wp-json\/wp\/v2\/users\/4"}],"replies":[{"embeddable":true,"href":"https:\/\/promociondeeventos.sld.cu\/sifilis2026\/wp-json\/wp\/v2\/comments?post=9"}],"version-history":[{"count":4,"href":"https:\/\/promociondeeventos.sld.cu\/sifilis2026\/wp-json\/wp\/v2\/pages\/9\/revisions"}],"predecessor-version":[{"id":31,"href":"https:\/\/promociondeeventos.sld.cu\/sifilis2026\/wp-json\/wp\/v2\/pages\/9\/revisions\/31"}],"wp:attachment":[{"href":"https:\/\/promociondeeventos.sld.cu\/sifilis2026\/wp-json\/wp\/v2\/media?parent=9"}],"curies":[{"name":"wp","href":"https:\/\/api.w.org\/{rel}","templated":true}]}}