{"id":2,"date":"2026-03-06T19:33:55","date_gmt":"2026-03-06T19:33:55","guid":{"rendered":"https:\/\/promociondeeventos.sld.cu\/sifilis2026\/?page_id=2"},"modified":"2026-03-06T19:47:29","modified_gmt":"2026-03-06T19:47:29","slug":"pagina-ejemplo","status":"publish","type":"page","link":"https:\/\/promociondeeventos.sld.cu\/sifilis2026\/","title":{"rendered":"Convocatoria"},"content":{"rendered":"<p>A pesar de ser prevenibles y tratables, las treponematosis siguen siendo un problema en muchas regiones debido a factores como la pobreza, el acceso limitado a la atenci\u00f3n m\u00e9dica y la falta de conciencia. Este grupo de enfermedades infecciosas, causadas por bacterias del g\u00e9nero <em>Treponema<\/em>, incluye la s\u00edfilis ven\u00e9rea, el pian, la pinta y el bejel (s\u00edfilis end\u00e9mica).<\/p>\n<p>La s\u00edfilis ven\u00e9rea se considera el prototipo de infecci\u00f3n de transmisi\u00f3n sexual y es la m\u00e1s importante tanto por su frecuencia como por sus connotaciones hist\u00f3ricas y sociales. Seg\u00fan la Organizaci\u00f3n Mundial de la Salud (OMS), globalmente se producen aproximadamente 12 millones de casos nuevos al a\u00f1o, de ellos 2 millones en mujeres embarazadas, lo cual se traduce en complicaciones para la madre y el feto en el 80 % de los casos.<\/p>\n<p>La situaci\u00f3n de las restantes treponematosis var\u00eda seg\u00fan la regi\u00f3n. Organizaciones, como M\u00e9dicos Sin Fronteras y la OMS, trabajan para mejorar el diagn\u00f3stico, el tratamiento y la prevenci\u00f3n de estas enfermedades, lo cual es esencial para reducir su impacto en las poblaciones vulnerables y avanzar hacia su erradicaci\u00f3n.<\/p>\n<p>Como parte de la estrategia mundial, se propone la realizaci\u00f3n del presente taller en el que se pretende bridar una actualizaci\u00f3n sobre estas enfermedades infecciosas y proponer acciones\u00a0en aras de interrumpir la transmisi\u00f3n evitando el recrudecimiento en las zonas donde estas enfermedades se han eliminado.<\/p>\n<p>Dirigido a: personal de laboratorio de microbiolog\u00eda, m\u00e9dicos y enfermeras de los diferentes niveles de atenci\u00f3n a la poblaci\u00f3n, directivos de instituciones de salud, otros profesionales y t\u00e9cnicos de la salud.<\/p>\n","protected":false},"excerpt":{"rendered":"<p>A pesar de ser prevenibles y tratables, las treponematosis siguen siendo un problema en muchas regiones debido a factores como la pobreza, el acceso limitado a la atenci\u00f3n m\u00e9dica y la falta de conciencia. Este grupo de enfermedades infecciosas, causadas por bacterias del g\u00e9nero Treponema, incluye la s\u00edfilis ven\u00e9rea, el pian, la pinta y el [&hellip;]<\/p>\n","protected":false},"author":3257,"featured_media":0,"parent":0,"menu_order":0,"comment_status":"closed","ping_status":"open","template":"","meta":[],"_links":{"self":[{"href":"https:\/\/promociondeeventos.sld.cu\/sifilis2026\/wp-json\/wp\/v2\/pages\/2"}],"collection":[{"href":"https:\/\/promociondeeventos.sld.cu\/sifilis2026\/wp-json\/wp\/v2\/pages"}],"about":[{"href":"https:\/\/promociondeeventos.sld.cu\/sifilis2026\/wp-json\/wp\/v2\/types\/page"}],"author":[{"embeddable":true,"href":"https:\/\/promociondeeventos.sld.cu\/sifilis2026\/wp-json\/wp\/v2\/users\/3257"}],"replies":[{"embeddable":true,"href":"https:\/\/promociondeeventos.sld.cu\/sifilis2026\/wp-json\/wp\/v2\/comments?post=2"}],"version-history":[{"count":2,"href":"https:\/\/promociondeeventos.sld.cu\/sifilis2026\/wp-json\/wp\/v2\/pages\/2\/revisions"}],"predecessor-version":[{"id":8,"href":"https:\/\/promociondeeventos.sld.cu\/sifilis2026\/wp-json\/wp\/v2\/pages\/2\/revisions\/8"}],"wp:attachment":[{"href":"https:\/\/promociondeeventos.sld.cu\/sifilis2026\/wp-json\/wp\/v2\/media?parent=2"}],"curies":[{"name":"wp","href":"https:\/\/api.w.org\/{rel}","templated":true}]}}