{"id":16,"date":"2026-03-06T19:54:11","date_gmt":"2026-03-06T19:54:11","guid":{"rendered":"https:\/\/promociondeeventos.sld.cu\/sifilis2026\/?page_id=16"},"modified":"2026-03-06T19:54:11","modified_gmt":"2026-03-06T19:54:11","slug":"tematicas","status":"publish","type":"page","link":"https:\/\/promociondeeventos.sld.cu\/sifilis2026\/tematicas\/","title":{"rendered":"Tem\u00e1ticas:"},"content":{"rendered":"<ul>\n<li>Panor\u00e1mica nacional e internacional de las treponematosis (s\u00edfilis ven\u00e9rea, pinta, bejel y pian)<\/li>\n<li>Diagn\u00f3stico y manejo de pacientes con s\u00edfilis ven\u00e9rea y cong\u00e9nita<\/li>\n<li>Diagn\u00f3stico y manejo de los pacientes con sospecha de pinta, bejel y pian<\/li>\n<li>Nuevas alternativas diagn\u00f3sticas<\/li>\n<li>Propuestas de acciones para la vigilancia integrada de las treponematosis y la interrupci\u00f3n de su transmisi\u00f3n.<\/li>\n<\/ul>\n","protected":false},"excerpt":{"rendered":"<p>Panor\u00e1mica nacional e internacional de las treponematosis (s\u00edfilis ven\u00e9rea, pinta, bejel y pian) Diagn\u00f3stico y manejo de pacientes con s\u00edfilis ven\u00e9rea y cong\u00e9nita Diagn\u00f3stico y manejo de los pacientes con sospecha de pinta, bejel y pian Nuevas alternativas diagn\u00f3sticas Propuestas de acciones para la vigilancia integrada de las treponematosis y la interrupci\u00f3n de su transmisi\u00f3n.<\/p>\n","protected":false},"author":4,"featured_media":0,"parent":0,"menu_order":0,"comment_status":"closed","ping_status":"closed","template":"","meta":[],"_links":{"self":[{"href":"https:\/\/promociondeeventos.sld.cu\/sifilis2026\/wp-json\/wp\/v2\/pages\/16"}],"collection":[{"href":"https:\/\/promociondeeventos.sld.cu\/sifilis2026\/wp-json\/wp\/v2\/pages"}],"about":[{"href":"https:\/\/promociondeeventos.sld.cu\/sifilis2026\/wp-json\/wp\/v2\/types\/page"}],"author":[{"embeddable":true,"href":"https:\/\/promociondeeventos.sld.cu\/sifilis2026\/wp-json\/wp\/v2\/users\/4"}],"replies":[{"embeddable":true,"href":"https:\/\/promociondeeventos.sld.cu\/sifilis2026\/wp-json\/wp\/v2\/comments?post=16"}],"version-history":[{"count":1,"href":"https:\/\/promociondeeventos.sld.cu\/sifilis2026\/wp-json\/wp\/v2\/pages\/16\/revisions"}],"predecessor-version":[{"id":17,"href":"https:\/\/promociondeeventos.sld.cu\/sifilis2026\/wp-json\/wp\/v2\/pages\/16\/revisions\/17"}],"wp:attachment":[{"href":"https:\/\/promociondeeventos.sld.cu\/sifilis2026\/wp-json\/wp\/v2\/media?parent=16"}],"curies":[{"name":"wp","href":"https:\/\/api.w.org\/{rel}","templated":true}]}}