{"id":6,"date":"2023-10-25T16:49:42","date_gmt":"2023-10-25T16:49:42","guid":{"rendered":"https:\/\/promociondeeventos.sld.cu\/saludybienestar2023\/?page_id=6"},"modified":"2023-10-26T18:21:13","modified_gmt":"2023-10-26T18:21:13","slug":"comite-cientifico","status":"publish","type":"page","link":"https:\/\/promociondeeventos.sld.cu\/saludybienestar2023\/comite-cientifico\/","title":{"rendered":"Comit\u00e9 Cient\u00edfico"},"content":{"rendered":"<p>Presidente:<br \/>\nDr.C Ambar Rivero Morales Correo: ambar@infomed.sld.cu<\/p>\n<p>Miembros:<br \/>\nDr.C Mar\u00eda Ir\u00edan Percedo Abreu<\/p>\n<p>Dr.C Norberto Valc\u00e1rcel Izquierdo<\/p>\n<p>Dr.C Vivian Mena Miranda<\/p>\n<p>Dr.C Pastor Alfonso Zamora<\/p>\n<p>Dr. Luis Heredia Guerra<\/p>\n<p>Dr.C Mirta \u00c1lvarez Castell\u00f3n<\/p>\n<p>Dr.C Dianelys Qui\u00f1ones P\u00e9rez<\/p>\n<p>Dr.C Judith A Caballero B\u00e1ez<\/p>\n<p>Dr.C Daima Pelegrino de la Vega<\/p>\n<p>Dr.C Manuel Casal Hechevarr\u00eda<\/p>\n<p>Dr.C Am\u00e9rica P\u00e9rez S\u00e1nchez<\/p>\n<p>Dr. Julio Cesar Esp\u00edn Falc\u00f3n<\/p>\n<p>Dr.C Guillermo Mesa Ridel<\/p>\n<p>Dr.C Niurka Taureaux Diaz<\/p>\n<p>&nbsp;<\/p>\n","protected":false},"excerpt":{"rendered":"<p>Presidente: Dr.C Ambar Rivero Morales Correo: ambar@infomed.sld.cu Miembros: Dr.C Mar\u00eda Ir\u00edan Percedo Abreu Dr.C Norberto Valc\u00e1rcel Izquierdo Dr.C Vivian Mena Miranda Dr.C Pastor Alfonso Zamora Dr. Luis Heredia Guerra Dr.C Mirta \u00c1lvarez Castell\u00f3n Dr.C Dianelys Qui\u00f1ones P\u00e9rez Dr.C Judith A Caballero B\u00e1ez Dr.C Daima Pelegrino de la Vega Dr.C Manuel Casal Hechevarr\u00eda Dr.C Am\u00e9rica P\u00e9rez [&hellip;]<\/p>\n","protected":false},"author":4,"featured_media":0,"parent":0,"menu_order":0,"comment_status":"closed","ping_status":"closed","template":"","meta":[],"_links":{"self":[{"href":"https:\/\/promociondeeventos.sld.cu\/saludybienestar2023\/wp-json\/wp\/v2\/pages\/6"}],"collection":[{"href":"https:\/\/promociondeeventos.sld.cu\/saludybienestar2023\/wp-json\/wp\/v2\/pages"}],"about":[{"href":"https:\/\/promociondeeventos.sld.cu\/saludybienestar2023\/wp-json\/wp\/v2\/types\/page"}],"author":[{"embeddable":true,"href":"https:\/\/promociondeeventos.sld.cu\/saludybienestar2023\/wp-json\/wp\/v2\/users\/4"}],"replies":[{"embeddable":true,"href":"https:\/\/promociondeeventos.sld.cu\/saludybienestar2023\/wp-json\/wp\/v2\/comments?post=6"}],"version-history":[{"count":3,"href":"https:\/\/promociondeeventos.sld.cu\/saludybienestar2023\/wp-json\/wp\/v2\/pages\/6\/revisions"}],"predecessor-version":[{"id":61,"href":"https:\/\/promociondeeventos.sld.cu\/saludybienestar2023\/wp-json\/wp\/v2\/pages\/6\/revisions\/61"}],"wp:attachment":[{"href":"https:\/\/promociondeeventos.sld.cu\/saludybienestar2023\/wp-json\/wp\/v2\/media?parent=6"}],"curies":[{"name":"wp","href":"https:\/\/api.w.org\/{rel}","templated":true}]}}