{"id":2,"date":"2023-10-25T16:21:13","date_gmt":"2023-10-25T16:21:13","guid":{"rendered":"https:\/\/promociondeeventos.sld.cu\/bienestarysalud2023\/?page_id=2"},"modified":"2023-10-26T18:26:22","modified_gmt":"2023-10-26T18:26:22","slug":"pagina-ejemplo","status":"publish","type":"page","link":"https:\/\/promociondeeventos.sld.cu\/saludybienestar2023\/","title":{"rendered":"Convocatoria"},"content":{"rendered":"\r\n<p>Estimados Colegas:<\/p>\r\n<p>La C\u00e1tedra Multidisciplinaria Una Salud de la Facultad de Ciencias M\u00e9dicas Calixto Garc\u00eda se complace en invitarlos a participar en la I Jornada Cient\u00edfica Virtual: Una Salud, Un Bienestar para todos: Retos y desaf\u00edos para las Ciencias M\u00e9dicas, a celebrarse en el escenario de nuestra Facultad, enclavada en el hist\u00f3rico Hospital Universitario General Calixto Garc\u00eda, durante los d\u00edas del 3 al 11 de noviembre de 2023 en la modalidad hibrida .El d\u00eda 10 de Noviembre de 2023 se efectuar\u00e1 de manera presencial en el Teatro de nuestra Facultad . El tema central ser\u00e1: Una Salud: retos y desaf\u00edos para las Ciencias M\u00e9dicas.<br \/>El Webinario (Videoconferencias) que dar\u00e1n inicio a las actividades del evento sesionar\u00e1 los d\u00edas 3,5,6,7,8,9 y 11 de noviembre desde el sitio https:\/\/confvirtual.sld.cu\/ en la sala: Una salud2023<br \/>El evento ser\u00e1 espacio de intercambio de saberes, resultados de proyectos, propuestas de colaboraci\u00f3n e integraci\u00f3n desde la visi\u00f3n hol\u00edstica y transdisciplinar de la C\u00e1tedra a los diferentes escenarios, en especial comunitario, donde los profesionales del Sistema de Salud P\u00fablica realizan acciones de prevenci\u00f3n y promoci\u00f3n de salud. Investigadores y expertos en Salud Humana, Salud Animal, Salud del Medio Ambiente nos acompa\u00f1ar\u00e1n en este evento de Ciencia en funci\u00f3n del desarrollo sostenible. Conferencistas reconocidos a nivel mundial disertar\u00e1n sobre los principales temas que abarca el enfoque Una Salud con la intenci\u00f3n de trazar nuevas metas a partir de retos y desaf\u00edos en las Ciencias M\u00e9dicas. En modalidad hibrida se ofrecer\u00e1n conferencias magistrales en temas que abarca el enfoque Una Salud y que hoy son de gran importancia para la vigilancia en salud. La resiliencia comunitaria es el camino antes los enormes desaf\u00edos que nos impone el cambio clim\u00e1tico, las crisis ambientales, sociales, econ\u00f3micas y pol\u00edticas a nivel regional y global, donde el enfoque Una Salud es determinante para dar respuesta oportuna, eficaz y sostenible.<br \/>Por tal motivo tenemos el gusto de invitar a todos los investigadores, profesionales, funcionarios, docentes, estudiantes, as\u00ed como aquellas personas que se vinculen a las diferentes aristas del Enfoque Una Salud como nuevo Paradigma Sanitario, nos acompa\u00f1en para debatir, profundizar e intercambiar opiniones sobre las experiencias nacionales y el estado del conocimiento en las investigaciones multidisciplinarias con visi\u00f3n hol\u00edstica y y transdisciplinar del enfoque.<\/p>\r\n<p>La matr\u00edcula al evento se realizar\u00e1 mediante el enlace<br \/>https:\/\/docs.google.com\/forms\/d\/1Re44U5UAmfa_K4P23izO4AYCSgXMDkwT2SP3vQdyEFY\/edit?usp=drivesdk<br \/>El env\u00edo y recepci\u00f3n de trabajos al evento se realizar\u00e1 a trav\u00e9s de la direcci\u00f3n de correo: unasaludparatodos@gmail.com<br \/>Los trabajos a enviar deben cumplir con las normas que se anexan (Anexo1)<br \/>La fecha l\u00edmite de entrega ser\u00e1 el d\u00eda 1 de Noviembre 2023<br \/>Los trabajos seleccionados se visualizar\u00e1n para intercambio, debates con sus autores a partir del d\u00eda 3 de Noviembre en el sitio: https:\/\/aulavirtual.sld.cu\/course\/view.php?id=8619<br \/>Los participantes podr\u00e1n recibir informaci\u00f3n en tiempo real a trav\u00e9s del enlace https:\/\/t.me\/+mJtUZZ2ae9cyNjA5<br \/><br \/><\/p>\r\n","protected":false},"excerpt":{"rendered":"<p>Estimados Colegas: La C\u00e1tedra Multidisciplinaria Una Salud de la Facultad de Ciencias M\u00e9dicas Calixto Garc\u00eda se complace en invitarlos a participar en la I Jornada Cient\u00edfica Virtual: Una Salud, Un Bienestar para todos: Retos y desaf\u00edos para las Ciencias M\u00e9dicas, a celebrarse en el escenario de nuestra Facultad, enclavada en el hist\u00f3rico Hospital Universitario General [&hellip;]<\/p>\n","protected":false},"author":3296,"featured_media":0,"parent":0,"menu_order":0,"comment_status":"closed","ping_status":"open","template":"special.php","meta":[],"_links":{"self":[{"href":"https:\/\/promociondeeventos.sld.cu\/saludybienestar2023\/wp-json\/wp\/v2\/pages\/2"}],"collection":[{"href":"https:\/\/promociondeeventos.sld.cu\/saludybienestar2023\/wp-json\/wp\/v2\/pages"}],"about":[{"href":"https:\/\/promociondeeventos.sld.cu\/saludybienestar2023\/wp-json\/wp\/v2\/types\/page"}],"author":[{"embeddable":true,"href":"https:\/\/promociondeeventos.sld.cu\/saludybienestar2023\/wp-json\/wp\/v2\/users\/3296"}],"replies":[{"embeddable":true,"href":"https:\/\/promociondeeventos.sld.cu\/saludybienestar2023\/wp-json\/wp\/v2\/comments?post=2"}],"version-history":[{"count":6,"href":"https:\/\/promociondeeventos.sld.cu\/saludybienestar2023\/wp-json\/wp\/v2\/pages\/2\/revisions"}],"predecessor-version":[{"id":65,"href":"https:\/\/promociondeeventos.sld.cu\/saludybienestar2023\/wp-json\/wp\/v2\/pages\/2\/revisions\/65"}],"wp:attachment":[{"href":"https:\/\/promociondeeventos.sld.cu\/saludybienestar2023\/wp-json\/wp\/v2\/media?parent=2"}],"curies":[{"name":"wp","href":"https:\/\/api.w.org\/{rel}","templated":true}]}}