{"id":12,"date":"2023-10-25T17:06:11","date_gmt":"2023-10-25T17:06:11","guid":{"rendered":"https:\/\/promociondeeventos.sld.cu\/saludybienestar2023\/?page_id=12"},"modified":"2023-10-26T18:29:38","modified_gmt":"2023-10-26T18:29:38","slug":"normas-de-presentacion","status":"publish","type":"page","link":"https:\/\/promociondeeventos.sld.cu\/saludybienestar2023\/normas-de-presentacion\/","title":{"rendered":"Normas de presentaci\u00f3n de los trabajos"},"content":{"rendered":"<p>NORMAS DE PRESENTACI\u00d3N<br \/>\nComo parte del proceso de env\u00edo, los autores est\u00e1n obligados a comprobar que el trabajo enviado cumpla todos los elementos que se muestran a continuaci\u00f3n:<br \/>\n\u2713 El env\u00edo no ha sido publicado, ni enviado previamente a otra revista, debe ser in\u00e9dito y original.<br \/>\n\u2713 El archivo de env\u00edo ser\u00e1 en formato Microsoft Word (*doc, .docx), p\u00e1ginas formato carta; texto con espacio interlineado de 1.15, fuente Arial y 12 puntos de tama\u00f1o. No se admiten archivos comprimidos en ning\u00fan formato.<br \/>\n\u2713 Se aceptar\u00e1n hasta 6000 palabras, incluidas las referencias bibliogr\u00e1ficas, las tablas y las figuras.<br \/>\n\u2713 Adecuada calidad en cuanto a la redacci\u00f3n y la ortograf\u00eda.<br \/>\n\u2713 No emplear decimales con puntos (.), utilizar las comas (,).<br \/>\n\u2713 No m\u00e1s de cinco tablas, gr\u00e1ficos y\/o figuras.<br \/>\n\u2713 El env\u00edo no debe contener fragmentos de textos procedentes de trabajos previamente publicados o en proceso de publicaci\u00f3n en revistas u otro soporte sin la debida citaci\u00f3n. Cualquier violaci\u00f3n de tipo \u00e9tica relacionada con el documento, ser\u00e1 resuelta utilizando los protocolos establecidos por el Comit\u00e9 Internacional de \u00c9tica en la Publicaci\u00f3n Cient\u00edfica (COPE).<br \/>\n(http:\/\/publicationethics.org\/files\/All_Flowcharts_Spanish_0.pdf)<\/p>\n<p>ESTRUCTURA GENERAL<br \/>\n<strong>Primera p\u00e1gina<\/strong><br \/>\n\u2713 Nombre de la instituci\u00f3n que auspicia el trabajo y a la que pertenece(n) el\/los autores(es).<br \/>\n\u2713 T\u00edtulo que no exceder\u00e1 las 15 palabras, en idioma espa\u00f1ol e ingl\u00e9s. No poner la palabra \u201cT\u00edtulo\u201d.<br \/>\n\u2713 Nombres y apellidos completos de todos los autores ordenados seg\u00fan su participaci\u00f3n. No se consignar\u00e1n m\u00e1s de cinco autores.<br \/>\n\u2713 Identificador digital ORCID para todos los autores (www.orcid.org).<br \/>\n<strong>T\u00edtulo<\/strong><br \/>\nDebe corresponder con el tema del art\u00edculo. Ser conciso, comprensible e informativo. No debe exceder de 15 palabras. No debe incluir siglas ni abreviaturas. Si se utilizan nombres de instituciones, deben ser los oficiales y estar actualizados. En idioma espa\u00f1ol e ingl\u00e9s.<br \/>\n<strong>Resumen<\/strong><br \/>\nEstructurado por secciones (introducci\u00f3n motivadora, objetivos, m\u00e9todos, resultados m\u00e1s relevantes, conclusiones), con un l\u00edmite m\u00e1ximo de 250 palabras, en idioma espa\u00f1ol e ingl\u00e9s y en pasado. No debe incluir abreviaturas ni siglas.<br \/>\n<strong>Palabras clave<\/strong><br \/>\nDeben ser concretas y representativas del contenido sem\u00e1ntico del documento, tanto en los contenidos principales como secundarios. Debe contener como m\u00ednimo tres<br \/>\npalabras o frases clave. Se recomienda utilizar el tesauro DeCs. (Descriptores en Ciencias de la Salud) http:\/\/decs.bvs.br\/E\/homepagee.htm<br \/>\n<strong>Introducci\u00f3n<\/strong><br \/>\nPresentar una breve explicaci\u00f3n y fundamentaci\u00f3n general del problema cient\u00edfico, sus antecedentes. Describir con claridad el objetivo(s) del trabajo, claros, precisos, medibles, en correspondencia con el tipo de estudio y declararlos al final de la misma, no de forma independiente.<br \/>\n<strong>M\u00e9todos<\/strong><br \/>\nDefinir el tipo de estudio, per\u00edodo y lugar, universo y muestra en s\u00edntesis, as\u00ed como describir los criterios y la justificaci\u00f3n para la selecci\u00f3n de la muestra, en caso de ser pertinente. Las variables analizadas deben ser descritas con claridad. Exponer las t\u00e9cnicas y procedimientos de obtenci\u00f3n de la informaci\u00f3n y de procesamiento y an\u00e1lisis utilizados. El m\u00e9todo estad\u00edstico debe ser el apropiado seg\u00fan el tipo de estudio. Declarar los aspectos \u00e9ticos en s\u00edntesis. Esta secci\u00f3n se redacta en tiempo pasado.<br \/>\n<strong>Resultados<\/strong><br \/>\nExposici\u00f3n acorde con los objetivos del trabajo. Uso apropiado de los estad\u00edgrafos (cuando se requieran). Figuras y tablas destacan los resultados relevantes sin incurrir en repeticiones de informaci\u00f3n entre unas y otras.<br \/>\n<strong>Tablas<\/strong><br \/>\nEl t\u00edtulo de la tabla se debe corresponder adecuadamente con su contenido. La informaci\u00f3n que presentan debe justificar su existencia. No repetir informaci\u00f3n ya se\u00f1alada en el texto.<br \/>\n<strong>Figuras<\/strong><br \/>\nLas fotograf\u00edas, gr\u00e1ficos, dibujos, esquemas, mapas y otras representaciones gr\u00e1ficas se denominar\u00e1n figuras y tendr\u00e1n numeraci\u00f3n ar\u00e1biga consecutiva. Solo se presentar\u00e1n las que sean necesarias y pertinentes. Las fotograf\u00edas no propias del autor deber\u00e1n contener la fuente de origen de las mismas. Se aceptar\u00e1 un m\u00e1ximo de tres. Las im\u00e1genes deben ser en formato JPG para las fotograf\u00edas y en formato GIF para los esquemas y dem\u00e1s figuras a l\u00edneas. Otros formatos no se aceptar\u00e1n. No deben exceder los 580 pixeles de anchura. Las figuras no podr\u00e1n exceder los 500 Kb.<br \/>\n<strong>Gr\u00e1ficos y esquemas<\/strong><br \/>\nEvitar la presentaci\u00f3n de los mismos en formatos de im\u00e1genes (JPG, GIF, etc.). El total de las figuras y tablas no exceder\u00e1 de cinco.<br \/>\n<strong>Discusi\u00f3n<\/strong><br \/>\nRealizar an\u00e1lisis cr\u00edtico de los resultados del estudio en comparaci\u00f3n con otros estudios publicados por otros investigadores del \u00e1rea nacional e internacional.<br \/>\n<strong>Conclusiones o consideraciones finales<\/strong><br \/>\nDeben presentarse en forma de p\u00e1rrafo y poseer un adecuado grado de generalizaci\u00f3n. Coherencia entre los objetivos, dise\u00f1o del estudio, resultados del an\u00e1lisis y la discusi\u00f3n. No repetir resultados. Colocadas al final del trabajo enviado.<br \/>\n<strong>Referencias Bibliogr\u00e1ficas<\/strong><br \/>\nEl 50 % de las referencias deben ser publicaciones de los \u00faltimos cinco a\u00f1os para los art\u00edculos de revistas cient\u00edficas y 10 a\u00f1os de los libros; adem\u00e1s de ser las necesarias. Se referenciar\u00e1n despu\u00e9s del signo de puntuaci\u00f3n, con n\u00fameros ar\u00e1bicos, con super\u00edndice, entre par\u00e9ntesis y se numerar\u00e1n seg\u00fan el orden de menci\u00f3n en el texto. Debe estar representada la literatura nacional e internacional relevante sobre el tema. El estilo bibliogr\u00e1fico a utilizar es el de Vancouver y siempre que sea posible, se proporcionan direcciones URL para las referencias.<br \/>\n<strong>OBSERVACION<\/strong><br \/>\nDebe seguir las normas de presentaci\u00f3n detalladas en este documento, y someterse a la revisi\u00f3n de los miembros del Comit\u00e9 Cient\u00edfico del Evento. Los trabajos que no cumplan con las normas presentadas no ser\u00e1n aceptados.<\/p>\n","protected":false},"excerpt":{"rendered":"<p>NORMAS DE PRESENTACI\u00d3N Como parte del proceso de env\u00edo, los autores est\u00e1n obligados a comprobar que el trabajo enviado cumpla todos los elementos que se muestran a continuaci\u00f3n: \u2713 El env\u00edo no ha sido publicado, ni enviado previamente a otra revista, debe ser in\u00e9dito y original. \u2713 El archivo de env\u00edo ser\u00e1 en formato Microsoft [&hellip;]<\/p>\n","protected":false},"author":4,"featured_media":0,"parent":0,"menu_order":0,"comment_status":"closed","ping_status":"closed","template":"","meta":[],"_links":{"self":[{"href":"https:\/\/promociondeeventos.sld.cu\/saludybienestar2023\/wp-json\/wp\/v2\/pages\/12"}],"collection":[{"href":"https:\/\/promociondeeventos.sld.cu\/saludybienestar2023\/wp-json\/wp\/v2\/pages"}],"about":[{"href":"https:\/\/promociondeeventos.sld.cu\/saludybienestar2023\/wp-json\/wp\/v2\/types\/page"}],"author":[{"embeddable":true,"href":"https:\/\/promociondeeventos.sld.cu\/saludybienestar2023\/wp-json\/wp\/v2\/users\/4"}],"replies":[{"embeddable":true,"href":"https:\/\/promociondeeventos.sld.cu\/saludybienestar2023\/wp-json\/wp\/v2\/comments?post=12"}],"version-history":[{"count":5,"href":"https:\/\/promociondeeventos.sld.cu\/saludybienestar2023\/wp-json\/wp\/v2\/pages\/12\/revisions"}],"predecessor-version":[{"id":67,"href":"https:\/\/promociondeeventos.sld.cu\/saludybienestar2023\/wp-json\/wp\/v2\/pages\/12\/revisions\/67"}],"wp:attachment":[{"href":"https:\/\/promociondeeventos.sld.cu\/saludybienestar2023\/wp-json\/wp\/v2\/media?parent=12"}],"curies":[{"name":"wp","href":"https:\/\/api.w.org\/{rel}","templated":true}]}}