{"id":2,"date":"2025-10-29T16:27:23","date_gmt":"2025-10-29T16:27:23","guid":{"rendered":"https:\/\/promociondeeventos.sld.cu\/rit\/?page_id=2"},"modified":"2025-10-30T14:26:34","modified_gmt":"2025-10-30T14:26:34","slug":"pagina-ejemplo","status":"publish","type":"page","link":"https:\/\/promociondeeventos.sld.cu\/rit\/","title":{"rendered":"Convocatoria"},"content":{"rendered":"<p><img decoding=\"async\" loading=\"lazy\" class=\"alignleft\" src=\"http:\/\/promociondeeventos.sld.cu\/rit\/files\/2025\/10\/Logo-RIT-scaled.jpg\" width=\"259\" height=\"259\" \/>El Grupo de Investigaciones Sociales y Econom\u00eda de la Salud del Instituto de Medicina Tropical \u201cPedro Kour\u00ed\u201d (IPK), convoca a suscolaboradores nacionales e internacionales, tanto individuales como institucionales, a vincularse a la Red de Investigaci\u00f3n Transdisciplinar en Enfermedades Transmisibles, No Transmisibles y sus Sindemias. Esta Red tiene como prop\u00f3sito fortalecer el intercambio cient\u00edfico, la cooperaci\u00f3n t\u00e9cnica y la producci\u00f3n de conocimiento transdisciplinar en torno a los determinantes sociales, biol\u00f3gicos, ambientales y estructurales que configuran los procesos de salud-enfermedad en contextos sind\u00e9micos. A trav\u00e9s de esta iniciativa se busca:<\/p>\n<p>1) promover investigaciones colaborativas que integren perspectivas biom\u00e9dicas, sociales y ambientales;<\/p>\n<p>2) favorecer el di\u00e1logo de saberes entre instituciones acad\u00e9micas, comunidades, y actores del sistema de salud;<\/p>\n<p>3) desarrollar estrategias de formaci\u00f3n, comunicaci\u00f3n cient\u00edfica y transferencia de resultados orientadas a la equidad en salud, y<\/p>\n<p>4) contribuir a la formulaci\u00f3n de pol\u00edticas y pr\u00e1cticas basadas en evidencia para la prevenci\u00f3n y el control de enfermedades transmisibles y no transmisibles. La Red estar\u00e1 conformada por grupos y personas con experiencia o inter\u00e9s en investigaci\u00f3n interdisciplinar, epidemiolog\u00eda social, ciencias de la salud, ciencias sociales, salud p\u00fablica, y otras \u00e1reas afines. Invitamos a investigadores, profesionales, estudiantes, organizaciones e instituciones interesadas en formar parte de esta Red.<\/p>\n","protected":false},"excerpt":{"rendered":"<p>El Grupo de Investigaciones Sociales y Econom\u00eda de la Salud del Instituto de Medicina Tropical \u201cPedro Kour\u00ed\u201d (IPK), convoca a suscolaboradores nacionales e internacionales, tanto individuales como institucionales, a vincularse a la Red de Investigaci\u00f3n Transdisciplinar en Enfermedades Transmisibles, No Transmisibles y sus Sindemias. Esta Red tiene como prop\u00f3sito fortalecer el intercambio cient\u00edfico, la cooperaci\u00f3n [&hellip;]<\/p>\n","protected":false},"author":3257,"featured_media":0,"parent":0,"menu_order":0,"comment_status":"closed","ping_status":"open","template":"","meta":[],"_links":{"self":[{"href":"https:\/\/promociondeeventos.sld.cu\/rit\/wp-json\/wp\/v2\/pages\/2"}],"collection":[{"href":"https:\/\/promociondeeventos.sld.cu\/rit\/wp-json\/wp\/v2\/pages"}],"about":[{"href":"https:\/\/promociondeeventos.sld.cu\/rit\/wp-json\/wp\/v2\/types\/page"}],"author":[{"embeddable":true,"href":"https:\/\/promociondeeventos.sld.cu\/rit\/wp-json\/wp\/v2\/users\/3257"}],"replies":[{"embeddable":true,"href":"https:\/\/promociondeeventos.sld.cu\/rit\/wp-json\/wp\/v2\/comments?post=2"}],"version-history":[{"count":5,"href":"https:\/\/promociondeeventos.sld.cu\/rit\/wp-json\/wp\/v2\/pages\/2\/revisions"}],"predecessor-version":[{"id":38,"href":"https:\/\/promociondeeventos.sld.cu\/rit\/wp-json\/wp\/v2\/pages\/2\/revisions\/38"}],"wp:attachment":[{"href":"https:\/\/promociondeeventos.sld.cu\/rit\/wp-json\/wp\/v2\/media?parent=2"}],"curies":[{"name":"wp","href":"https:\/\/api.w.org\/{rel}","templated":true}]}}