{"id":9,"date":"2025-12-08T16:06:40","date_gmt":"2025-12-08T16:06:40","guid":{"rendered":"https:\/\/promociondeeventos.sld.cu\/resultados2026\/?page_id=9"},"modified":"2025-12-10T16:57:34","modified_gmt":"2025-12-10T16:57:34","slug":"comite-organizador","status":"publish","type":"page","link":"https:\/\/promociondeeventos.sld.cu\/resultados2026\/comite-organizador\/","title":{"rendered":"Comit\u00e9 organizador"},"content":{"rendered":"<ul>\n<li>Presidente:<\/li>\n<\/ul>\n<p>Dr. Karel Borroto Mart\u00ednez. MsC. <a href=\"mailto:karelborroto@infomed.sld.cu\" target=\"_blank\" rel=\"noopener\">karelborroto@infomed.sld.cu<\/a><\/p>\n<ul>\n<li>Miembros:<\/li>\n<\/ul>\n<p>Dra. Yoanna Ram\u00edrez Fern\u00e1ndez. MsC. <a href=\"mailto:yoannaramirez@ipk.sld.cu\" target=\"_blank\" rel=\"noopener\">yoannaramirez@ipk.sld.cu<\/a><br \/>\nDr. Manuel Alejandro Ceballos Rojas. <a href=\"mailto:mnu.ceballosr@gmail.com\" target=\"_blank\" rel=\"noopener\">mnu.ceballosr@gmail.com<\/a><br \/>\nDr. Ironel Barrios Pilotos.<br \/>\nDra. Camila Larramendi Mart\u00ednez. <a href=\"mailto:cami.larramendi@gmail.com\" target=\"_blank\" rel=\"noopener\">cami.larramendi@gmail.com<\/a><br \/>\nTec. Jorge Campos Diaz \u00a0<a href=\"mailto:jcampos@ipk.sld.cu\" target=\"_blank\" rel=\"noopener\">jcampos@ipk.sld.cu<\/a><\/p>\n","protected":false},"excerpt":{"rendered":"<p>Presidente: Dr. Karel Borroto Mart\u00ednez. MsC. karelborroto@infomed.sld.cu Miembros: Dra. Yoanna Ram\u00edrez Fern\u00e1ndez. MsC. yoannaramirez@ipk.sld.cu Dr. Manuel Alejandro Ceballos Rojas. mnu.ceballosr@gmail.com Dr. Ironel Barrios Pilotos. Dra. Camila Larramendi Mart\u00ednez. cami.larramendi@gmail.com Tec. Jorge Campos Diaz \u00a0jcampos@ipk.sld.cu<\/p>\n","protected":false},"author":3262,"featured_media":0,"parent":0,"menu_order":0,"comment_status":"closed","ping_status":"closed","template":"","meta":[],"_links":{"self":[{"href":"https:\/\/promociondeeventos.sld.cu\/resultados2026\/wp-json\/wp\/v2\/pages\/9"}],"collection":[{"href":"https:\/\/promociondeeventos.sld.cu\/resultados2026\/wp-json\/wp\/v2\/pages"}],"about":[{"href":"https:\/\/promociondeeventos.sld.cu\/resultados2026\/wp-json\/wp\/v2\/types\/page"}],"author":[{"embeddable":true,"href":"https:\/\/promociondeeventos.sld.cu\/resultados2026\/wp-json\/wp\/v2\/users\/3262"}],"replies":[{"embeddable":true,"href":"https:\/\/promociondeeventos.sld.cu\/resultados2026\/wp-json\/wp\/v2\/comments?post=9"}],"version-history":[{"count":3,"href":"https:\/\/promociondeeventos.sld.cu\/resultados2026\/wp-json\/wp\/v2\/pages\/9\/revisions"}],"predecessor-version":[{"id":35,"href":"https:\/\/promociondeeventos.sld.cu\/resultados2026\/wp-json\/wp\/v2\/pages\/9\/revisions\/35"}],"wp:attachment":[{"href":"https:\/\/promociondeeventos.sld.cu\/resultados2026\/wp-json\/wp\/v2\/media?parent=9"}],"curies":[{"name":"wp","href":"https:\/\/api.w.org\/{rel}","templated":true}]}}