{"id":7,"date":"2025-12-08T16:03:33","date_gmt":"2025-12-08T16:03:33","guid":{"rendered":"https:\/\/promociondeeventos.sld.cu\/resultados2026\/?page_id=7"},"modified":"2026-01-05T15:32:06","modified_gmt":"2026-01-05T15:32:06","slug":"comite-cientifico","status":"publish","type":"page","link":"https:\/\/promociondeeventos.sld.cu\/resultados2026\/comite-cientifico\/","title":{"rendered":"Comit\u00e9 cient\u00edfico"},"content":{"rendered":"<p>Presidente:<\/p>\n<p>Dr. Karel Borroto Mart\u00ednez. MsC. <a href=\"mailto:karelborroto@infomed.sld.cu\" target=\"_blank\" rel=\"noopener\">karelborroto@infomed.sld.cu<\/a><\/p>\n<p>Miembros:<\/p>\n<p>Dra. Yoanna Ram\u00edrez Fern\u00e1ndez. MsC. <a href=\"mailto:yoannaramirez@ipk.sld.cu\" target=\"_blank\" rel=\"noopener\">yoannaramirez@ipk.sld.cu<\/a><br \/>\nDra. Zail\u00e9 Cartaya de la Celda. MsC. <a href=\"mailto:zailecartaya1997@gmail.com\" target=\"_blank\" rel=\"noopener\">zailecartaya1997@gmail.com<\/a><br \/>\nDr. Miguel A. Acosta Su\u00e1rez. MsC. <a href=\"mailto:mscmiguel@ipk.sld.cu\" target=\"_blank\" rel=\"noopener\">mscmiguel@ipk.sld.cu<\/a><\/p>\n","protected":false},"excerpt":{"rendered":"<p>Presidente: Dr. Karel Borroto Mart\u00ednez. MsC. karelborroto@infomed.sld.cu Miembros: Dra. Yoanna Ram\u00edrez Fern\u00e1ndez. MsC. yoannaramirez@ipk.sld.cu Dra. Zail\u00e9 Cartaya de la Celda. MsC. zailecartaya1997@gmail.com Dr. Miguel A. Acosta Su\u00e1rez. MsC. mscmiguel@ipk.sld.cu<\/p>\n","protected":false},"author":3262,"featured_media":0,"parent":0,"menu_order":0,"comment_status":"closed","ping_status":"closed","template":"","meta":[],"_links":{"self":[{"href":"https:\/\/promociondeeventos.sld.cu\/resultados2026\/wp-json\/wp\/v2\/pages\/7"}],"collection":[{"href":"https:\/\/promociondeeventos.sld.cu\/resultados2026\/wp-json\/wp\/v2\/pages"}],"about":[{"href":"https:\/\/promociondeeventos.sld.cu\/resultados2026\/wp-json\/wp\/v2\/types\/page"}],"author":[{"embeddable":true,"href":"https:\/\/promociondeeventos.sld.cu\/resultados2026\/wp-json\/wp\/v2\/users\/3262"}],"replies":[{"embeddable":true,"href":"https:\/\/promociondeeventos.sld.cu\/resultados2026\/wp-json\/wp\/v2\/comments?post=7"}],"version-history":[{"count":3,"href":"https:\/\/promociondeeventos.sld.cu\/resultados2026\/wp-json\/wp\/v2\/pages\/7\/revisions"}],"predecessor-version":[{"id":71,"href":"https:\/\/promociondeeventos.sld.cu\/resultados2026\/wp-json\/wp\/v2\/pages\/7\/revisions\/71"}],"wp:attachment":[{"href":"https:\/\/promociondeeventos.sld.cu\/resultados2026\/wp-json\/wp\/v2\/media?parent=7"}],"curies":[{"name":"wp","href":"https:\/\/api.w.org\/{rel}","templated":true}]}}