{"id":5,"date":"2025-12-08T16:02:49","date_gmt":"2025-12-08T16:02:49","guid":{"rendered":"https:\/\/promociondeeventos.sld.cu\/resultados2026\/?page_id=5"},"modified":"2025-12-10T20:59:55","modified_gmt":"2025-12-10T20:59:55","slug":"convocatoria","status":"publish","type":"page","link":"https:\/\/promociondeeventos.sld.cu\/resultados2026\/","title":{"rendered":"Convocatoria"},"content":{"rendered":"<p style=\"text-align: justify;\">Los avances en el tratamiento antirretroviral han transformado la infecci\u00f3n por VIH en una condici\u00f3n cr\u00f3nica manejable, lo que hace esencial optimizar todos los aspectos de la atenci\u00f3n, incluida la cirug\u00eda mayor ambulatoria. Realizar un taller sobre la evaluaci\u00f3n de resultados, seguridad e influencia en la calidad de vida de la CMA en pacientes con VIH es, por tanto, de suma importancia para la ciencia, la salud y la educaci\u00f3n del personal sanitario que labora con esta poblaci\u00f3n.<\/p>\n<p style=\"text-align: justify;\">A nivel global, se estima que 40,8 millones de personas viven con el VIH, de las cuales 31,6 millones ten\u00edan acceso a terapia antirretroviral a finales de 2024. Esto significa que una vasta poblaci\u00f3n que envejece con el virus puede requerir intervenciones quir\u00fargicas electivas a lo largo de su vida. Adem\u00e1s, las estad\u00edsticas revelan que, si bien la esperanza de vida ha aumentado, persisten desaf\u00edos en la calidad de vida relacionada con la salud.<\/p>\n<p style=\"text-align: justify;\">Un taller que ense\u00f1e a evaluar met\u00f3dicamente los resultados de la CMA, incluyendo mediante medidas de resultados reportados por los pacientes, permitir\u00eda no solo medir el \u00e9xito t\u00e9cnico de la cirug\u00eda, sino tambi\u00e9n su impacto en el bienestar f\u00edsico, psicol\u00f3gico y social del individuo, dominios que son cruciales para una atenci\u00f3n verdaderamente centrada en el paciente.<\/p>\n","protected":false},"excerpt":{"rendered":"<p>Los avances en el tratamiento antirretroviral han transformado la infecci\u00f3n por VIH en una condici\u00f3n cr\u00f3nica manejable, lo que hace esencial optimizar todos los aspectos de la atenci\u00f3n, incluida la cirug\u00eda mayor ambulatoria. Realizar un taller sobre la evaluaci\u00f3n de resultados, seguridad e influencia en la calidad de vida de la CMA en pacientes con [&hellip;]<\/p>\n","protected":false},"author":3262,"featured_media":0,"parent":0,"menu_order":0,"comment_status":"closed","ping_status":"closed","template":"","meta":[],"_links":{"self":[{"href":"https:\/\/promociondeeventos.sld.cu\/resultados2026\/wp-json\/wp\/v2\/pages\/5"}],"collection":[{"href":"https:\/\/promociondeeventos.sld.cu\/resultados2026\/wp-json\/wp\/v2\/pages"}],"about":[{"href":"https:\/\/promociondeeventos.sld.cu\/resultados2026\/wp-json\/wp\/v2\/types\/page"}],"author":[{"embeddable":true,"href":"https:\/\/promociondeeventos.sld.cu\/resultados2026\/wp-json\/wp\/v2\/users\/3262"}],"replies":[{"embeddable":true,"href":"https:\/\/promociondeeventos.sld.cu\/resultados2026\/wp-json\/wp\/v2\/comments?post=5"}],"version-history":[{"count":3,"href":"https:\/\/promociondeeventos.sld.cu\/resultados2026\/wp-json\/wp\/v2\/pages\/5\/revisions"}],"predecessor-version":[{"id":49,"href":"https:\/\/promociondeeventos.sld.cu\/resultados2026\/wp-json\/wp\/v2\/pages\/5\/revisions\/49"}],"wp:attachment":[{"href":"https:\/\/promociondeeventos.sld.cu\/resultados2026\/wp-json\/wp\/v2\/media?parent=5"}],"curies":[{"name":"wp","href":"https:\/\/api.w.org\/{rel}","templated":true}]}}