{"id":43,"date":"2025-12-10T17:11:54","date_gmt":"2025-12-10T17:11:54","guid":{"rendered":"https:\/\/promociondeeventos.sld.cu\/resultados2026\/?page_id=43"},"modified":"2026-01-05T15:10:58","modified_gmt":"2026-01-05T15:10:58","slug":"programa","status":"publish","type":"page","link":"https:\/\/promociondeeventos.sld.cu\/resultados2026\/programa\/","title":{"rendered":"Programa"},"content":{"rendered":"<table style=\"width: 84.2378%\" width=\"780\">\n<tbody>\n<tr>\n<td style=\"width: 14.9616%;text-align: left\" width=\"189\"><strong>Cronograma<\/strong><\/td>\n<td style=\"width: 28.8028%;text-align: left\" width=\"252\"><strong>Actividad<\/strong><\/td>\n<td style=\"width: 12.0312%;text-align: left\" width=\"126\"><strong>Categor\u00eda<\/strong><\/td>\n<td style=\"width: 36.7223%;text-align: left\" width=\"213\"><strong>Presentador<\/strong><\/td>\n<\/tr>\n<tr>\n<td style=\"width: 14.9616%;text-align: left\" width=\"189\">9:00am-9:30am<\/td>\n<td style=\"width: 40.834%;text-align: left\" colspan=\"2\" width=\"378\">Recibimiento y presentaci\u00f3n del Taller.<\/td>\n<td style=\"width: 36.7223%;text-align: left\" width=\"213\">Dr. Karel Borroto Mart\u00ednez.<\/p>\n<p>Dra. Yoanna Ram\u00edrez Fern\u00e1ndez<\/td>\n<\/tr>\n<tr>\n<td style=\"width: 14.9616%;text-align: left\" width=\"189\">9:30am-10:00am<\/td>\n<td style=\"width: 28.8028%;text-align: left\" width=\"252\">Cirug\u00eda Mayor Ambulatoria en pacientes VIH. Pasado, Presente y Futuro.<\/td>\n<td style=\"width: 12.0312%;text-align: left\" width=\"126\">Conferencia<\/td>\n<td style=\"width: 36.7223%;text-align: left\" width=\"213\">Dra. Yoanna Ram\u00edrez Fern\u00e1ndez<\/p>\n<p>&nbsp;<\/td>\n<\/tr>\n<tr>\n<td style=\"width: 14.9616%;text-align: left\" width=\"189\">10:00am-10:30am<\/td>\n<td style=\"width: 28.8028%;text-align: left\" width=\"252\">Calidad de vida relacionada con la salud. MOS-HIV experiencia institucional.<\/td>\n<td style=\"width: 12.0312%;text-align: left\" width=\"126\">Conferencia<\/td>\n<td style=\"width: 36.7223%;text-align: left\" width=\"213\">Ing. Carlos Aragon\u00e9s L\u00f3pez, MsC<\/td>\n<\/tr>\n<tr>\n<td style=\"width: 14.9616%;text-align: left\" width=\"189\">10:30am-11:00am<\/td>\n<td style=\"width: 28.8028%;text-align: left\" width=\"252\">Presentaci\u00f3n del Proyecto.<\/td>\n<td style=\"width: 12.0312%;text-align: left\" width=\"126\">Conferencia<\/td>\n<td style=\"width: 36.7223%;text-align: left\" width=\"213\">Dr. Karel Borroto Mart\u00ednez.<\/td>\n<\/tr>\n<tr>\n<td style=\"width: 14.9616%;text-align: left\" width=\"189\">11:00am-11:30pm<\/td>\n<td style=\"width: 28.8028%;text-align: left\" width=\"252\">Armonizaci\u00f3n de los datos.<\/td>\n<td style=\"width: 12.0312%;text-align: left\" width=\"126\">Conferencia<\/td>\n<td style=\"width: 36.7223%;text-align: left\" width=\"213\">Dr. Karel Borroto Mart\u00ednez.<\/td>\n<\/tr>\n<tr>\n<td style=\"width: 14.9616%;text-align: left\" width=\"189\">11:30am-12:30pm<\/td>\n<td style=\"width: 40.834%;text-align: left\" colspan=\"2\" width=\"378\">Debate<\/td>\n<td style=\"width: 36.7223%;text-align: left\" width=\"213\">Dr. Karel Borroto Mart\u00ednez.<\/p>\n<p>Dra. Yoanna Ram\u00edrez Fern\u00e1ndez<\/td>\n<\/tr>\n<\/tbody>\n<\/table>\n","protected":false},"excerpt":{"rendered":"<p>Cronograma Actividad Categor\u00eda Presentador 9:00am-9:30am Recibimiento y presentaci\u00f3n del Taller. Dr. Karel Borroto Mart\u00ednez. Dra. Yoanna Ram\u00edrez Fern\u00e1ndez 9:30am-10:00am Cirug\u00eda Mayor Ambulatoria en pacientes VIH. Pasado, Presente y Futuro. Conferencia Dra. Yoanna Ram\u00edrez Fern\u00e1ndez &nbsp; 10:00am-10:30am Calidad de vida relacionada con la salud. MOS-HIV experiencia institucional. Conferencia Ing. Carlos Aragon\u00e9s L\u00f3pez, MsC 10:30am-11:00am Presentaci\u00f3n del [&hellip;]<\/p>\n","protected":false},"author":3257,"featured_media":0,"parent":0,"menu_order":0,"comment_status":"closed","ping_status":"closed","template":"","meta":[],"_links":{"self":[{"href":"https:\/\/promociondeeventos.sld.cu\/resultados2026\/wp-json\/wp\/v2\/pages\/43"}],"collection":[{"href":"https:\/\/promociondeeventos.sld.cu\/resultados2026\/wp-json\/wp\/v2\/pages"}],"about":[{"href":"https:\/\/promociondeeventos.sld.cu\/resultados2026\/wp-json\/wp\/v2\/types\/page"}],"author":[{"embeddable":true,"href":"https:\/\/promociondeeventos.sld.cu\/resultados2026\/wp-json\/wp\/v2\/users\/3257"}],"replies":[{"embeddable":true,"href":"https:\/\/promociondeeventos.sld.cu\/resultados2026\/wp-json\/wp\/v2\/comments?post=43"}],"version-history":[{"count":9,"href":"https:\/\/promociondeeventos.sld.cu\/resultados2026\/wp-json\/wp\/v2\/pages\/43\/revisions"}],"predecessor-version":[{"id":67,"href":"https:\/\/promociondeeventos.sld.cu\/resultados2026\/wp-json\/wp\/v2\/pages\/43\/revisions\/67"}],"wp:attachment":[{"href":"https:\/\/promociondeeventos.sld.cu\/resultados2026\/wp-json\/wp\/v2\/media?parent=43"}],"curies":[{"name":"wp","href":"https:\/\/api.w.org\/{rel}","templated":true}]}}