{"id":2,"date":"2024-04-03T21:12:11","date_gmt":"2024-04-03T21:12:11","guid":{"rendered":"https:\/\/promociondeeventos.sld.cu\/reanimacion2024\/?page_id=2"},"modified":"2024-04-04T14:00:49","modified_gmt":"2024-04-04T14:00:49","slug":"pagina-ejemplo","status":"publish","type":"page","link":"https:\/\/promociondeeventos.sld.cu\/reanimacion2024\/","title":{"rendered":"Convocatoria"},"content":{"rendered":"<p>Existe evidencia de que la mortalidad y secuelas del PCR tanto en el medio intra como extrahospitalario pueden disminuir si se mejora la respuesta al evento. El inicio inmediato de maniobras de reanimaci\u00f3n es esencial, pues existe un 80% de posibilidades de que la persona llegue viva al hospital si se la reanima dentro del primer minuto.<\/p>\n<p>Un estudio publicado en la revista Circulaci\u00f3n de la AHA evidenci\u00f3 que las tasas de reanimaci\u00f3n cardiopulmonar exitosa casi se duplicaron en pacientes a los cuales se le iniciaron maniobras de RCP b\u00e1sica de forma inmediata y con calidad en el mismo lugar de la PCR.<\/p>\n<p>El curso proporcionar\u00e1 un foro para el intercambio de ideas y discusi\u00f3n de los conocimientos m\u00e1s actualizados sobre la Reanimaci\u00f3n Cardiopulmonar y Cerebral apoy\u00e1ndonos en las Gu\u00edas de Reanimaci\u00f3n Cardiopulmonar de la Sociedad Americana del Coraz\u00f3n 2020 (AHA). Se har\u00e1 una revisi\u00f3n actualizada sobre la reanimaci\u00f3n cardiopulmonar b\u00e1sica y avanzada.<\/p>\n","protected":false},"excerpt":{"rendered":"<p>Existe evidencia de que la mortalidad y secuelas del PCR tanto en el medio intra como extrahospitalario pueden disminuir si se mejora la respuesta al evento. El inicio inmediato de maniobras de reanimaci\u00f3n es esencial, pues existe un 80% de posibilidades de que la persona llegue viva al hospital si se la reanima dentro del [&hellip;]<\/p>\n","protected":false},"author":3257,"featured_media":0,"parent":0,"menu_order":0,"comment_status":"closed","ping_status":"open","template":"","meta":[],"_links":{"self":[{"href":"https:\/\/promociondeeventos.sld.cu\/reanimacion2024\/wp-json\/wp\/v2\/pages\/2"}],"collection":[{"href":"https:\/\/promociondeeventos.sld.cu\/reanimacion2024\/wp-json\/wp\/v2\/pages"}],"about":[{"href":"https:\/\/promociondeeventos.sld.cu\/reanimacion2024\/wp-json\/wp\/v2\/types\/page"}],"author":[{"embeddable":true,"href":"https:\/\/promociondeeventos.sld.cu\/reanimacion2024\/wp-json\/wp\/v2\/users\/3257"}],"replies":[{"embeddable":true,"href":"https:\/\/promociondeeventos.sld.cu\/reanimacion2024\/wp-json\/wp\/v2\/comments?post=2"}],"version-history":[{"count":2,"href":"https:\/\/promociondeeventos.sld.cu\/reanimacion2024\/wp-json\/wp\/v2\/pages\/2\/revisions"}],"predecessor-version":[{"id":9,"href":"https:\/\/promociondeeventos.sld.cu\/reanimacion2024\/wp-json\/wp\/v2\/pages\/2\/revisions\/9"}],"wp:attachment":[{"href":"https:\/\/promociondeeventos.sld.cu\/reanimacion2024\/wp-json\/wp\/v2\/media?parent=2"}],"curies":[{"name":"wp","href":"https:\/\/api.w.org\/{rel}","templated":true}]}}