{"id":17,"date":"2024-04-04T14:08:35","date_gmt":"2024-04-04T14:08:35","guid":{"rendered":"https:\/\/promociondeeventos.sld.cu\/reanimacion2024\/?page_id=17"},"modified":"2024-04-04T19:29:11","modified_gmt":"2024-04-04T19:29:11","slug":"tematicas","status":"publish","type":"page","link":"https:\/\/promociondeeventos.sld.cu\/reanimacion2024\/tematicas\/","title":{"rendered":"Tem\u00e1ticas"},"content":{"rendered":"<ul>\n<li>Paro Cardiorrespiratorio. Diagn\u00f3stico<\/li>\n<li>Reanimaci\u00f3n Cardiopulmonar y Cerebral B\u00e1sica<\/li>\n<li>Reanimaci\u00f3n Cardiopulmonar y Cerebral Avanzada<\/li>\n<\/ul>\n","protected":false},"excerpt":{"rendered":"<p>Paro Cardiorrespiratorio. Diagn\u00f3stico Reanimaci\u00f3n Cardiopulmonar y Cerebral B\u00e1sica Reanimaci\u00f3n Cardiopulmonar y Cerebral Avanzada<\/p>\n","protected":false},"author":4,"featured_media":0,"parent":0,"menu_order":0,"comment_status":"closed","ping_status":"closed","template":"","meta":[],"_links":{"self":[{"href":"https:\/\/promociondeeventos.sld.cu\/reanimacion2024\/wp-json\/wp\/v2\/pages\/17"}],"collection":[{"href":"https:\/\/promociondeeventos.sld.cu\/reanimacion2024\/wp-json\/wp\/v2\/pages"}],"about":[{"href":"https:\/\/promociondeeventos.sld.cu\/reanimacion2024\/wp-json\/wp\/v2\/types\/page"}],"author":[{"embeddable":true,"href":"https:\/\/promociondeeventos.sld.cu\/reanimacion2024\/wp-json\/wp\/v2\/users\/4"}],"replies":[{"embeddable":true,"href":"https:\/\/promociondeeventos.sld.cu\/reanimacion2024\/wp-json\/wp\/v2\/comments?post=17"}],"version-history":[{"count":5,"href":"https:\/\/promociondeeventos.sld.cu\/reanimacion2024\/wp-json\/wp\/v2\/pages\/17\/revisions"}],"predecessor-version":[{"id":46,"href":"https:\/\/promociondeeventos.sld.cu\/reanimacion2024\/wp-json\/wp\/v2\/pages\/17\/revisions\/46"}],"wp:attachment":[{"href":"https:\/\/promociondeeventos.sld.cu\/reanimacion2024\/wp-json\/wp\/v2\/media?parent=17"}],"curies":[{"name":"wp","href":"https:\/\/api.w.org\/{rel}","templated":true}]}}