{"id":10,"date":"2024-04-04T14:02:16","date_gmt":"2024-04-04T14:02:16","guid":{"rendered":"https:\/\/promociondeeventos.sld.cu\/reanimacion2024\/?page_id=10"},"modified":"2024-04-04T17:07:36","modified_gmt":"2024-04-04T17:07:36","slug":"comite-cientifico","status":"publish","type":"page","link":"https:\/\/promociondeeventos.sld.cu\/reanimacion2024\/comite-cientifico\/","title":{"rendered":"Comit\u00e9 Cient\u00edfico"},"content":{"rendered":"<p><strong>Presidente:<\/strong><\/p>\n<p>Dr. Ironel Barrios Piloto. Especialista 1er grado en Anestesiolog\u00eda y Reanimaci\u00f3n. Profesor Asistente. <a href=\"mailto:ironelbp@infomed.sld.cu\" target=\"_blank\" rel=\"noopener\">ironelbp@infomed.sld.cu<\/a><\/p>\n<p><strong>Vicepresidente:<\/strong><br \/>\nLeidy Fuentes de Malas. Especialista 1er grado en Anestesiolog\u00eda y Reanimaci\u00f3n. Profesor Asistente. <a href=\"mailto:fuentesdemalasleidy@gmail.com\" target=\"_blank\" rel=\"noopener\">fuentesdemalasleidy@gmail.com<\/a><\/p>\n<p><strong>Miembros:<\/strong><\/p>\n<p>Prof. Vivian Kour\u00ed; Dr Cs., Investigador Titular, Profesor Titular; IPK <a href=\"mailto:vkouri@ipk.sld.cu\" target=\"_blank\" rel=\"noopener\">vkouri@ipk.sld.cu<\/a><br \/>\nProf. Licel Rodr\u00edguez; Dr C., Investigador Titular, Profesor Titular; IPK <a href=\"mailto:licel@ipk.sld.cu\" target=\"_blank\" rel=\"noopener\">licel@ipk.sld.cu<\/a><br \/>\nDr. El\u00edas Guilarte; M. Sc.; IPK <a href=\"mailto:elias@ipk.sld.cu\" target=\"_blank\" rel=\"noopener\">elias@ipk.sld.cu<\/a><\/p>\n","protected":false},"excerpt":{"rendered":"<p>Presidente: Dr. Ironel Barrios Piloto. Especialista 1er grado en Anestesiolog\u00eda y Reanimaci\u00f3n. Profesor Asistente. ironelbp@infomed.sld.cu Vicepresidente: Leidy Fuentes de Malas. Especialista 1er grado en Anestesiolog\u00eda y Reanimaci\u00f3n. Profesor Asistente. fuentesdemalasleidy@gmail.com Miembros: Prof. Vivian Kour\u00ed; Dr Cs., Investigador Titular, Profesor Titular; IPK vkouri@ipk.sld.cu Prof. Licel Rodr\u00edguez; Dr C., Investigador Titular, Profesor Titular; IPK licel@ipk.sld.cu Dr. El\u00edas [&hellip;]<\/p>\n","protected":false},"author":4,"featured_media":0,"parent":0,"menu_order":0,"comment_status":"closed","ping_status":"closed","template":"","meta":[],"_links":{"self":[{"href":"https:\/\/promociondeeventos.sld.cu\/reanimacion2024\/wp-json\/wp\/v2\/pages\/10"}],"collection":[{"href":"https:\/\/promociondeeventos.sld.cu\/reanimacion2024\/wp-json\/wp\/v2\/pages"}],"about":[{"href":"https:\/\/promociondeeventos.sld.cu\/reanimacion2024\/wp-json\/wp\/v2\/types\/page"}],"author":[{"embeddable":true,"href":"https:\/\/promociondeeventos.sld.cu\/reanimacion2024\/wp-json\/wp\/v2\/users\/4"}],"replies":[{"embeddable":true,"href":"https:\/\/promociondeeventos.sld.cu\/reanimacion2024\/wp-json\/wp\/v2\/comments?post=10"}],"version-history":[{"count":4,"href":"https:\/\/promociondeeventos.sld.cu\/reanimacion2024\/wp-json\/wp\/v2\/pages\/10\/revisions"}],"predecessor-version":[{"id":35,"href":"https:\/\/promociondeeventos.sld.cu\/reanimacion2024\/wp-json\/wp\/v2\/pages\/10\/revisions\/35"}],"wp:attachment":[{"href":"https:\/\/promociondeeventos.sld.cu\/reanimacion2024\/wp-json\/wp\/v2\/media?parent=10"}],"curies":[{"name":"wp","href":"https:\/\/api.w.org\/{rel}","templated":true}]}}