{"id":2,"date":"2024-04-23T13:06:00","date_gmt":"2024-04-23T13:06:00","guid":{"rendered":"https:\/\/promociondeeventos.sld.cu\/psicosaludhabana2024\/?page_id=2"},"modified":"2024-05-03T21:20:45","modified_gmt":"2024-05-03T21:20:45","slug":"pagina-ejemplo","status":"publish","type":"page","link":"https:\/\/promociondeeventos.sld.cu\/psicosaludhabana2024\/","title":{"rendered":"Convocatoria"},"content":{"rendered":"<p>Nuevamente corresponde al Cap\u00edtulo de La Habana de la Sociedad Cubana de Psicolog\u00eda de la Salud organizar una Jornada Cient\u00edfica para valorar, seleccionar y promover las ponencias e investigaciones m\u00e1s representativas de nuestra especialidad en la capital. En esta oportunidad hemos decidido hacerlo en el marco de la I Jonada de Psicolog\u00eda de la Salud del Hospital Cl\u00ednico Quir\u00fargico Hermanos Ameijeiras. Como ya es tradici\u00f3n, el incentivo principal ser\u00e1 participar en la Conferencia Internacional de Psicolog\u00eda de la Salud, cuya d\u00e9cima edici\u00f3n ha sido convocada para los dias entre el 18 y 22 de noviembre de 2024.\u00a0 La V Jornada Habanera de Psicolog\u00eda de la Salud se desarrollar\u00e1 del 8 y 12 de julio de 2024. Trabajemos en aras de sustentar que la Psicolog\u00eda de la Salud no solo naci\u00f3 en Cuba, sino que adem\u00e1s aqu\u00ed crece y se desarrolla con fuerza vital. La Habana y su emblem\u00e1tica Giraldilla (tambi\u00e9n s\u00edmbolo del Cap\u00edtulo de La Habana de la Sociedad Cubana de Psicolog\u00eda de la Salud), ser\u00e1 sede de otra jornada memorable para nuestra ciencia.<\/p>\n<p>Dr. C. Justo Reinaldo Fabelo Roche<\/p>\n<p>Presidente del Cap\u00edtulo de La Habana de la Sociedad Cubana de Psicolog\u00eda de la Salud<\/p>\n<p>&nbsp;<\/p>\n","protected":false},"excerpt":{"rendered":"<p>Nuevamente corresponde al Cap\u00edtulo de La Habana de la Sociedad Cubana de Psicolog\u00eda de la Salud organizar una Jornada Cient\u00edfica para valorar, seleccionar y promover las ponencias e investigaciones m\u00e1s representativas de nuestra especialidad en la capital. En esta oportunidad hemos decidido hacerlo en el marco de la I Jonada de Psicolog\u00eda de la Salud [&hellip;]<\/p>\n","protected":false},"author":3216,"featured_media":0,"parent":0,"menu_order":0,"comment_status":"closed","ping_status":"open","template":"","meta":[],"_links":{"self":[{"href":"https:\/\/promociondeeventos.sld.cu\/psicosaludhabana2024\/wp-json\/wp\/v2\/pages\/2"}],"collection":[{"href":"https:\/\/promociondeeventos.sld.cu\/psicosaludhabana2024\/wp-json\/wp\/v2\/pages"}],"about":[{"href":"https:\/\/promociondeeventos.sld.cu\/psicosaludhabana2024\/wp-json\/wp\/v2\/types\/page"}],"author":[{"embeddable":true,"href":"https:\/\/promociondeeventos.sld.cu\/psicosaludhabana2024\/wp-json\/wp\/v2\/users\/3216"}],"replies":[{"embeddable":true,"href":"https:\/\/promociondeeventos.sld.cu\/psicosaludhabana2024\/wp-json\/wp\/v2\/comments?post=2"}],"version-history":[{"count":4,"href":"https:\/\/promociondeeventos.sld.cu\/psicosaludhabana2024\/wp-json\/wp\/v2\/pages\/2\/revisions"}],"predecessor-version":[{"id":42,"href":"https:\/\/promociondeeventos.sld.cu\/psicosaludhabana2024\/wp-json\/wp\/v2\/pages\/2\/revisions\/42"}],"wp:attachment":[{"href":"https:\/\/promociondeeventos.sld.cu\/psicosaludhabana2024\/wp-json\/wp\/v2\/media?parent=2"}],"curies":[{"name":"wp","href":"https:\/\/api.w.org\/{rel}","templated":true}]}}