{"id":16,"date":"2024-04-23T13:29:10","date_gmt":"2024-04-23T13:29:10","guid":{"rendered":"https:\/\/promociondeeventos.sld.cu\/psicosaludhabana2024\/?page_id=16"},"modified":"2024-04-23T13:29:24","modified_gmt":"2024-04-23T13:29:24","slug":"normas-de-presentacion-de-los-trabajos","status":"publish","type":"page","link":"https:\/\/promociondeeventos.sld.cu\/psicosaludhabana2024\/normas-de-presentacion-de-los-trabajos\/","title":{"rendered":"Normas de presentaci\u00f3n de los trabajos"},"content":{"rendered":"<p>El resumen debe ser enviado en espa\u00f1ol al correo electr\u00f2nico: <a href=\"mailto:psicosaludhabana2024@infomed.sld.cu\">psicosaludhabana2024@infomed.sld.cu<\/a> y seguir la siguiente estructura:<\/p>\n<p><strong>T\u00edtulo:<\/strong> debe indicar claramente el contenido del trabajo y no exceder de 15 palabras.<\/p>\n<p><strong> Tem\u00e1tica:<\/strong> Debe especificarse la tem\u00e1tica por la que el autor presentar\u00e1 su trabajo. Para ello se debe consultar la secci\u00f3n \u00a8Tem\u00e1ticas\u00a8 y seleccionar una de las 42 propuestas en funci\u00f3n del contenido del trabajo.<\/p>\n<p><strong> Tipo de presentaci\u00f3n:\u00a0<\/strong> oral<\/p>\n<p><strong>Autor principal:<\/strong> nombres y apellidos, instituci\u00f3n, correo electr\u00f3nico, provincia (La Habana) y municipio.<\/p>\n<p><strong>Otros autores:<\/strong> hasta seis autores en total (solo cinco coautores)<\/p>\n<p><strong>Resumen:<\/strong> El texto del resumen no debe contener citas, referencias, abreviaturas o siglas. No debe exceder las 500 palabras. Debe estructurarse del siguiente modo: Breve introducci\u00f3n, aspectos metodol\u00f3gicos, resultados y conclusiones.<\/p>\n<p><strong>Breve introducci\u00f3n:<\/strong> El tema debe tener pertinencia e impacto por el car\u00e1cter novedoso e innovador de los objetivos, la metodolog\u00eda o los resultados que se encontraron.<\/p>\n<p><strong>Aspectos metodol\u00f3gicos:<\/strong> Los objetivos deben estar formulados expl\u00edcitamente. El m\u00e9todo para conseguirlos debe estar descrito de forma suficiente y adecuada.<\/p>\n<p><strong> Resultados y conclusiones:<\/strong> Los resultados y conclusiones deben reflejarse con claridad y precisi\u00f3n. Deben ser coherentes con los objetivos y el m\u00e9todo utilizado.<\/p>\n","protected":false},"excerpt":{"rendered":"<p>El resumen debe ser enviado en espa\u00f1ol al correo electr\u00f2nico: psicosaludhabana2024@infomed.sld.cu y seguir la siguiente estructura: T\u00edtulo: debe indicar claramente el contenido del trabajo y no exceder de 15 palabras. Tem\u00e1tica: Debe especificarse la tem\u00e1tica por la que el autor presentar\u00e1 su trabajo. Para ello se debe consultar la secci\u00f3n \u00a8Tem\u00e1ticas\u00a8 y seleccionar una de [&hellip;]<\/p>\n","protected":false},"author":4,"featured_media":0,"parent":0,"menu_order":0,"comment_status":"closed","ping_status":"closed","template":"","meta":[],"_links":{"self":[{"href":"https:\/\/promociondeeventos.sld.cu\/psicosaludhabana2024\/wp-json\/wp\/v2\/pages\/16"}],"collection":[{"href":"https:\/\/promociondeeventos.sld.cu\/psicosaludhabana2024\/wp-json\/wp\/v2\/pages"}],"about":[{"href":"https:\/\/promociondeeventos.sld.cu\/psicosaludhabana2024\/wp-json\/wp\/v2\/types\/page"}],"author":[{"embeddable":true,"href":"https:\/\/promociondeeventos.sld.cu\/psicosaludhabana2024\/wp-json\/wp\/v2\/users\/4"}],"replies":[{"embeddable":true,"href":"https:\/\/promociondeeventos.sld.cu\/psicosaludhabana2024\/wp-json\/wp\/v2\/comments?post=16"}],"version-history":[{"count":1,"href":"https:\/\/promociondeeventos.sld.cu\/psicosaludhabana2024\/wp-json\/wp\/v2\/pages\/16\/revisions"}],"predecessor-version":[{"id":17,"href":"https:\/\/promociondeeventos.sld.cu\/psicosaludhabana2024\/wp-json\/wp\/v2\/pages\/16\/revisions\/17"}],"wp:attachment":[{"href":"https:\/\/promociondeeventos.sld.cu\/psicosaludhabana2024\/wp-json\/wp\/v2\/media?parent=16"}],"curies":[{"name":"wp","href":"https:\/\/api.w.org\/{rel}","templated":true}]}}