{"id":2,"date":"2019-12-23T17:15:21","date_gmt":"2019-12-23T17:15:21","guid":{"rendered":"http:\/\/promociondeeventos.sld.cu\/psicosaludhabana2020\/?page_id=2"},"modified":"2020-01-13T18:10:35","modified_gmt":"2020-01-13T18:10:35","slug":"pagina-ejemplo","status":"publish","type":"page","link":"https:\/\/promociondeeventos.sld.cu\/psicosaludhabana2020\/pagina-ejemplo\/","title":{"rendered":"Programa"},"content":{"rendered":"<p>La IV Jornada Habanera de Psicolog\u00eda de la Salud se desarrollar\u00e1 a partir de Sesiones Cient\u00edficas que tendr\u00e1n lugar en algunas de las mas prestigiosas instituciones de salud de la capital. El programa preliminar incluye las siguientes sesiones:<\/p>\n<ol>\n<li>Atenci\u00f3n Primaria de Salud (Familia y Comunidad)<\/li>\n<li>Atenci\u00f3n Secundaria de Salud (Psicolog\u00eda Hospitalaria)<\/li>\n<li>Atenci\u00f3n Terciaria de Salud\u00a0 (Psicooncolog\u00eda, etc.)<\/li>\n<li>Psicolog\u00eda Infantil (Infancia y adolescencia)<\/li>\n<li>Intervenci\u00f3n psicol\u00f3gica (Orientaci\u00f3n y Psicoterapia)<\/li>\n<li>Diagn\u00f3stico psicol\u00f3gico (Psicodiagn\u00f3stico de Rorschach, etc)<\/li>\n<li>Comportamiento y Salud (Violencia, adicciones, etc)<\/li>\n<li>Sexualidad, embarazo e identidad sexual<\/li>\n<li>\u00a0Psicolog\u00eda y Neurociencias (Neuropsicolog\u00eda)<\/li>\n<li>Salud Laboral (Psicolog\u00eda Organizacional)<\/li>\n<li>Formaci\u00f3n de Capital Humano (\u00c9tica y medio ambiente)<\/li>\n<li>Psicolog\u00eda y adulto mayor (Psicogerontolog\u00eda)<\/li>\n<\/ol>\n<p>&nbsp;<\/p>\n<p>&nbsp;<\/p>\n<p>&nbsp;<\/p>\n","protected":false},"excerpt":{"rendered":"<p>La IV Jornada Habanera de Psicolog\u00eda de la Salud se desarrollar\u00e1 a partir de Sesiones Cient\u00edficas que tendr\u00e1n lugar en algunas de las mas prestigiosas instituciones de salud de la capital. El programa preliminar incluye las siguientes sesiones: Atenci\u00f3n Primaria de Salud (Familia y Comunidad) Atenci\u00f3n Secundaria de Salud (Psicolog\u00eda Hospitalaria) Atenci\u00f3n Terciaria de Salud\u00a0 [&hellip;]<\/p>\n","protected":false},"author":3216,"featured_media":0,"parent":0,"menu_order":0,"comment_status":"closed","ping_status":"open","template":"sidebar-content.php","meta":[],"_links":{"self":[{"href":"https:\/\/promociondeeventos.sld.cu\/psicosaludhabana2020\/wp-json\/wp\/v2\/pages\/2"}],"collection":[{"href":"https:\/\/promociondeeventos.sld.cu\/psicosaludhabana2020\/wp-json\/wp\/v2\/pages"}],"about":[{"href":"https:\/\/promociondeeventos.sld.cu\/psicosaludhabana2020\/wp-json\/wp\/v2\/types\/page"}],"author":[{"embeddable":true,"href":"https:\/\/promociondeeventos.sld.cu\/psicosaludhabana2020\/wp-json\/wp\/v2\/users\/3216"}],"replies":[{"embeddable":true,"href":"https:\/\/promociondeeventos.sld.cu\/psicosaludhabana2020\/wp-json\/wp\/v2\/comments?post=2"}],"version-history":[{"count":5,"href":"https:\/\/promociondeeventos.sld.cu\/psicosaludhabana2020\/wp-json\/wp\/v2\/pages\/2\/revisions"}],"predecessor-version":[{"id":81,"href":"https:\/\/promociondeeventos.sld.cu\/psicosaludhabana2020\/wp-json\/wp\/v2\/pages\/2\/revisions\/81"}],"wp:attachment":[{"href":"https:\/\/promociondeeventos.sld.cu\/psicosaludhabana2020\/wp-json\/wp\/v2\/media?parent=2"}],"curies":[{"name":"wp","href":"https:\/\/api.w.org\/{rel}","templated":true}]}}