{"id":18,"date":"2019-12-23T18:22:27","date_gmt":"2019-12-23T18:22:27","guid":{"rendered":"http:\/\/promociondeeventos.sld.cu\/psicosaludhabana2020\/?page_id=18"},"modified":"2020-01-13T17:28:30","modified_gmt":"2020-01-13T17:28:30","slug":"organizan-y-auspician","status":"publish","type":"page","link":"https:\/\/promociondeeventos.sld.cu\/psicosaludhabana2020\/organizan-y-auspician\/","title":{"rendered":"Organizan y Auspician"},"content":{"rendered":"<p>Cap\u00edtulo de La Habana de la Sociedad Cubana de Psicolog\u00eda de la Salud<\/p>\n<p>Departamento de Psicolog\u00eda de la Facultad Gral. Calixto Garc\u00eda de la Universidad de Ciencias M\u00e9dicas de La Habana<\/p>\n<p>Departamento de Psicolog\u00eda del Hospital Docente Cl\u00ednico Quir\u00fargico Hemanos Ameijeiras<\/p>\n<p>Centro de Desarrollo Acad\u00e9mico en Drogodependencias de la Universidad de Ciencias M\u00e9dicas de La Habana<\/p>\n","protected":false},"excerpt":{"rendered":"<p>Cap\u00edtulo de La Habana de la Sociedad Cubana de Psicolog\u00eda de la Salud Departamento de Psicolog\u00eda de la Facultad Gral. Calixto Garc\u00eda de la Universidad de Ciencias M\u00e9dicas de La Habana Departamento de Psicolog\u00eda del Hospital Docente Cl\u00ednico Quir\u00fargico Hemanos Ameijeiras Centro de Desarrollo Acad\u00e9mico en Drogodependencias de la Universidad de Ciencias M\u00e9dicas de La [&hellip;]<\/p>\n","protected":false},"author":4,"featured_media":0,"parent":0,"menu_order":0,"comment_status":"closed","ping_status":"open","template":"sidebar-content.php","meta":[],"_links":{"self":[{"href":"https:\/\/promociondeeventos.sld.cu\/psicosaludhabana2020\/wp-json\/wp\/v2\/pages\/18"}],"collection":[{"href":"https:\/\/promociondeeventos.sld.cu\/psicosaludhabana2020\/wp-json\/wp\/v2\/pages"}],"about":[{"href":"https:\/\/promociondeeventos.sld.cu\/psicosaludhabana2020\/wp-json\/wp\/v2\/types\/page"}],"author":[{"embeddable":true,"href":"https:\/\/promociondeeventos.sld.cu\/psicosaludhabana2020\/wp-json\/wp\/v2\/users\/4"}],"replies":[{"embeddable":true,"href":"https:\/\/promociondeeventos.sld.cu\/psicosaludhabana2020\/wp-json\/wp\/v2\/comments?post=18"}],"version-history":[{"count":3,"href":"https:\/\/promociondeeventos.sld.cu\/psicosaludhabana2020\/wp-json\/wp\/v2\/pages\/18\/revisions"}],"predecessor-version":[{"id":71,"href":"https:\/\/promociondeeventos.sld.cu\/psicosaludhabana2020\/wp-json\/wp\/v2\/pages\/18\/revisions\/71"}],"wp:attachment":[{"href":"https:\/\/promociondeeventos.sld.cu\/psicosaludhabana2020\/wp-json\/wp\/v2\/media?parent=18"}],"curies":[{"name":"wp","href":"https:\/\/api.w.org\/{rel}","templated":true}]}}