{"id":14,"date":"2019-12-23T18:19:39","date_gmt":"2019-12-23T18:19:39","guid":{"rendered":"http:\/\/promociondeeventos.sld.cu\/psicosaludhabana2020\/?page_id=14"},"modified":"2020-01-13T14:43:42","modified_gmt":"2020-01-13T14:43:42","slug":"normas-de-presentacion","status":"publish","type":"page","link":"https:\/\/promociondeeventos.sld.cu\/psicosaludhabana2020\/normas-de-presentacion\/","title":{"rendered":"Normas de presentaci\u00f3n"},"content":{"rendered":"<div class=\"entry_content entry-content\">\n<p>El resumen debe ser enviado en espa\u00f1ol al email psicosaludhabana2020@infomed.sld.cu y seguir la siguiente estructura:<\/p>\n<ul>\n<li class=\"pad\">T\u00edtulo: debe indicar claramente el contenido del trabajo y no exceder de 15 palabras.<\/li>\n<li class=\"pad\">Tem\u00e1tica: Debe especificarse la tem\u00e1tica por la que el autor presentar\u00e1 su trabajo. Para ello se debe consultar la secci\u00f3n \u00a8Tem\u00e1ticas\u00a8 y seleccionar una de las 42 propuestas en funci\u00f3n del contenido del trabajo.<\/li>\n<li class=\"pad\">Tipo de presentaci\u00f3n: oral<\/li>\n<li class=\"pad\">Autor principal: nombres y apellidos, instituci\u00f3n, correo electr\u00f3nico, provincia (La Habana) y municipio.<\/li>\n<li class=\"pad\">Otros autores: hasta seis autores en total (solo cinco coautores)<\/li>\n<li class=\"pad\">Resumen: El texto del resumen no debe contener citas, referencias, abreviaturas o siglas. No debe exceder las 500 palabras. Debe estructurarse del siguiente modo: Breve introducci\u00f3n, aspectos metodol\u00f3gicos, resultados y conclusiones:<\/li>\n<li class=\"pad\">Breve introducci\u00f3n: El tema debe tener pertinencia e impacto por el car\u00e1cter novedoso e innovador de los objetivos, la metodolog\u00eda o los resultados que se encontraron.<\/li>\n<li class=\"pad\">Aspectos metodol\u00f3gicos: Los objetivos deben estar formulados expl\u00edcitamente. El m\u00e9todo para conseguirlos debe estar descrito de forma suficiente y adecuada.<\/li>\n<li class=\"pad\">Resultados y conclusiones: Los resultados y conclusiones deben reflejarse con claridad y precisi\u00f3n. Deben ser coherentes con los objetivos y el m\u00e9todo utilizado.<\/li>\n<\/ul>\n<\/div>\n","protected":false},"excerpt":{"rendered":"<p>El resumen debe ser enviado en espa\u00f1ol al email psicosaludhabana2020@infomed.sld.cu y seguir la siguiente estructura: T\u00edtulo: debe indicar claramente el contenido del trabajo y no exceder de 15 palabras. Tem\u00e1tica: Debe especificarse la tem\u00e1tica por la que el autor presentar\u00e1 su trabajo. Para ello se debe consultar la secci\u00f3n \u00a8Tem\u00e1ticas\u00a8 y seleccionar una de las [&hellip;]<\/p>\n","protected":false},"author":4,"featured_media":0,"parent":0,"menu_order":0,"comment_status":"closed","ping_status":"open","template":"sidebar-content.php","meta":[],"_links":{"self":[{"href":"https:\/\/promociondeeventos.sld.cu\/psicosaludhabana2020\/wp-json\/wp\/v2\/pages\/14"}],"collection":[{"href":"https:\/\/promociondeeventos.sld.cu\/psicosaludhabana2020\/wp-json\/wp\/v2\/pages"}],"about":[{"href":"https:\/\/promociondeeventos.sld.cu\/psicosaludhabana2020\/wp-json\/wp\/v2\/types\/page"}],"author":[{"embeddable":true,"href":"https:\/\/promociondeeventos.sld.cu\/psicosaludhabana2020\/wp-json\/wp\/v2\/users\/4"}],"replies":[{"embeddable":true,"href":"https:\/\/promociondeeventos.sld.cu\/psicosaludhabana2020\/wp-json\/wp\/v2\/comments?post=14"}],"version-history":[{"count":11,"href":"https:\/\/promociondeeventos.sld.cu\/psicosaludhabana2020\/wp-json\/wp\/v2\/pages\/14\/revisions"}],"predecessor-version":[{"id":67,"href":"https:\/\/promociondeeventos.sld.cu\/psicosaludhabana2020\/wp-json\/wp\/v2\/pages\/14\/revisions\/67"}],"wp:attachment":[{"href":"https:\/\/promociondeeventos.sld.cu\/psicosaludhabana2020\/wp-json\/wp\/v2\/media?parent=14"}],"curies":[{"name":"wp","href":"https:\/\/api.w.org\/{rel}","templated":true}]}}