{"id":12,"date":"2019-12-23T18:11:52","date_gmt":"2019-12-23T18:11:52","guid":{"rendered":"http:\/\/promociondeeventos.sld.cu\/psicosaludhabana2020\/?page_id=12"},"modified":"2019-12-26T16:32:02","modified_gmt":"2019-12-26T16:32:02","slug":"tematicas","status":"publish","type":"page","link":"https:\/\/promociondeeventos.sld.cu\/psicosaludhabana2020\/tematicas\/","title":{"rendered":"Tem\u00e1ticas"},"content":{"rendered":"<ol>\n<li class=\"entry_header\">\u00a0Psicolog\u00eda, bienestar humano y calidad de vida<\/li>\n<li class=\"entry_header\">Psicolog\u00eda, estilos de vida y salud<\/li>\n<li class=\"entry_header\">Psicolog\u00eda y salud familiar<\/li>\n<li class=\"entry_header\">Psicolog\u00eda y salud comunitaria<\/li>\n<li class=\"entry_header\">Psicolog\u00eda y violencia<\/li>\n<li class=\"entry_header\">Psicolog\u00eda y enfermedades cr\u00f3nicas y degenerativas<\/li>\n<li class=\"entry_header\">Psicolog\u00eda del adulto mayor<\/li>\n<li class=\"entry_header\">Formaci\u00f3n de recursos humanos en Psicolog\u00eda<\/li>\n<li class=\"entry_header\">Psicolog\u00eda, sexualidad, e infecciones de\u00a0transmisi\u00f3n\u00a0sexual<\/li>\n<li class=\"entry_header\">Psicolog\u00eda hospitalaria<\/li>\n<li class=\"entry_header\">Psicolog\u00eda en la prevenci\u00f3n y atenci\u00f3n de los trastornos adictivos<\/li>\n<li class=\"entry_header\">Psicolog\u00eda, cultura y salud<\/li>\n<li class=\"entry_header\">Psicolog\u00eda, religiosidad y salud<\/li>\n<li class=\"entry_header\">Psicolog\u00eda en las terapias alternativas<\/li>\n<li class=\"entry_header\">Psicolog\u00eda y salud de los trabajadores<\/li>\n<li class=\"entry_header\">Psicolog\u00eda y salud infanto-juvenil<\/li>\n<li class=\"entry_header\">Psicolog\u00eda en las Neurociencias<\/li>\n<li class=\"entry_header\">Psicolog\u00eda forense<\/li>\n<li class=\"entry_header\">Psiconeuroinmuno-endrocrinolog\u00eda<\/li>\n<li class=\"entry_header\">Psicolog\u00eda, estr\u00e9s y psicosom\u00e1tica<\/li>\n<li class=\"entry_header\">Psicodrama y Musicoterapia<\/li>\n<li class=\"entry_header\">Psicoterapia. Modelos diversos<\/li>\n<li class=\"entry_header\">Psicooncolog\u00eda<\/li>\n<li class=\"entry_header\">Psicocardiolog\u00eda<\/li>\n<li class=\"entry_header\">Psicolog\u00eda y discapacidades<\/li>\n<li class=\"entry_header\">Psicoan\u00e1lisis y Neopsicoan\u00e1lisis<\/li>\n<li class=\"entry_header\">Psicoballet<\/li>\n<li class=\"entry_header\">Psicolog\u00eda y rehabilitaci\u00f3n<\/li>\n<li class=\"entry_header\">Psicolog\u00eda Social de la Salud<\/li>\n<li class=\"entry_header\">Psicolog\u00eda en Emergencias y Desastres<\/li>\n<li class=\"entry_header\">Psicolog\u00eda en Medicina Deportiva<\/li>\n<li class=\"entry_header\">Hipnosis terap\u00e9utica y t\u00e9cnicas afines<\/li>\n<li class=\"entry_header\">Psicodiagn\u00f3stico de Rorschach<\/li>\n<li class=\"entry_header\">Evaluaci\u00f3n psicol\u00f3gica<\/li>\n<li class=\"entry_header\">Bio\u00e9tica y ejercicio profesional<\/li>\n<li class=\"entry_header\">Psicolog\u00eda, promoci\u00f3n y prevenci\u00f3n en salud<\/li>\n<li class=\"entry_header\">Problemas filos\u00f3ficos, epistemol\u00f3gicos y metodol\u00f3gicos de la Psicolog\u00eda de la Salud<\/li>\n<li class=\"entry_header\">Impacto del psic\u00f3logo en las instituciones de salud p\u00fablica<\/li>\n<li class=\"entry_header\">Psicolog\u00eda e investigaci\u00f3n en servicios de Salud<\/li>\n<li class=\"entry_header\">Psicolog\u00eda y Tanatolog\u00eda<\/li>\n<li class=\"entry_header\">Psicolog\u00eda y cuidados paliativos<\/li>\n<li class=\"entry_header\">Psicolog\u00eda, medioambiente y cambio clim\u00e1tico<\/li>\n<\/ol>\n<div class=\"entry_content entry-content\"><\/div>\n","protected":false},"excerpt":{"rendered":"<p>\u00a0Psicolog\u00eda, bienestar humano y calidad de vida Psicolog\u00eda, estilos de vida y salud Psicolog\u00eda y salud familiar Psicolog\u00eda y salud comunitaria Psicolog\u00eda y violencia Psicolog\u00eda y enfermedades cr\u00f3nicas y degenerativas Psicolog\u00eda del adulto mayor Formaci\u00f3n de recursos humanos en Psicolog\u00eda Psicolog\u00eda, sexualidad, e infecciones de\u00a0transmisi\u00f3n\u00a0sexual Psicolog\u00eda hospitalaria Psicolog\u00eda en la prevenci\u00f3n y atenci\u00f3n de los [&hellip;]<\/p>\n","protected":false},"author":4,"featured_media":0,"parent":0,"menu_order":0,"comment_status":"closed","ping_status":"open","template":"sidebar-content.php","meta":[],"_links":{"self":[{"href":"https:\/\/promociondeeventos.sld.cu\/psicosaludhabana2020\/wp-json\/wp\/v2\/pages\/12"}],"collection":[{"href":"https:\/\/promociondeeventos.sld.cu\/psicosaludhabana2020\/wp-json\/wp\/v2\/pages"}],"about":[{"href":"https:\/\/promociondeeventos.sld.cu\/psicosaludhabana2020\/wp-json\/wp\/v2\/types\/page"}],"author":[{"embeddable":true,"href":"https:\/\/promociondeeventos.sld.cu\/psicosaludhabana2020\/wp-json\/wp\/v2\/users\/4"}],"replies":[{"embeddable":true,"href":"https:\/\/promociondeeventos.sld.cu\/psicosaludhabana2020\/wp-json\/wp\/v2\/comments?post=12"}],"version-history":[{"count":2,"href":"https:\/\/promociondeeventos.sld.cu\/psicosaludhabana2020\/wp-json\/wp\/v2\/pages\/12\/revisions"}],"predecessor-version":[{"id":53,"href":"https:\/\/promociondeeventos.sld.cu\/psicosaludhabana2020\/wp-json\/wp\/v2\/pages\/12\/revisions\/53"}],"wp:attachment":[{"href":"https:\/\/promociondeeventos.sld.cu\/psicosaludhabana2020\/wp-json\/wp\/v2\/media?parent=12"}],"curies":[{"name":"wp","href":"https:\/\/api.w.org\/{rel}","templated":true}]}}