{"id":113,"date":"2020-10-29T16:38:31","date_gmt":"2020-10-29T16:38:31","guid":{"rendered":"http:\/\/promociondeeventos.sld.cu\/psicosaludhabana2020\/?page_id=113"},"modified":"2020-10-29T18:30:42","modified_gmt":"2020-10-29T18:30:42","slug":"sesion-cientifica-diferida","status":"publish","type":"page","link":"https:\/\/promociondeeventos.sld.cu\/psicosaludhabana2020\/sesion-cientifica-diferida\/","title":{"rendered":"Sesi\u00f3n Cient\u00edfica Diferida"},"content":{"rendered":"<p style=\"text-align: justify;\"><strong>PSICOVID-19 2020<\/strong> (Sesi\u00f3n Cient\u00edfica Diferida sobre\u201cPsicolog\u00eda y COVID-19\u201d)<\/p>\n<p style=\"text-align: justify;\"><strong>Convocatoria <\/strong><\/p>\n<p style=\"text-align: justify;\">En el informe final de la IV Jornada Habanera de Psicolog\u00eda de la Salud, desarrollada de forma virtual entre los d\u00edas 6 y 10 de abril de 2020, se informaba que para el mes de diciembre de este a\u00f1o se convocar\u00eda a una sesi\u00f3n cient\u00edfica diferida sobre \u201cPsicolog\u00eda y COVID-19\u201d. En los meses transcurridos, <a title=\"Cap\u00ectulo de la Habana. Sociedad Cubana de Psicolog\u00eca de la Salud\" href=\"https:\/\/instituciones.sld.cu\/psicosaludhabana\/\" target=\"_blank\">los psic\u00f3logos habaneros han estado inmersos en labores de acompa\u00f1amiento psicol\u00f3gico a pacientes y familiares que han sufrido los embates del SARS-CoV 2<\/a>, a trabajadores de la salud que d\u00eda a d\u00eda se enfrentan al riesgo y a la poblaci\u00f3n en general. La atenci\u00f3n especializada, sea directa o a distancia, ha estado centrada en las dificultades psicosociales generadas por la situaci\u00f3n epidemiol\u00f3gica que hemos vivido, contribuyendo a superar las tensiones del momento, apostando por la salud y el bienestar de los habaneros.<br \/>\nDurante el mes de noviembre estaremos recibiendo los trabajos centrados en este tema, los cuales deber\u00e1n enviarse al email: <a href=\"https:\/\/webmail.sld.cu\/imp\/dynamic.php?page=message&amp;buid=26926&amp;mailbox=SU5CT1g&amp;token=ygerN11cmvpR3idcK25wj1p&amp;uniq=1603988889523\">psicosaludhabana2020@infomed.sld.cu<\/a>. Se solicita a los interesados que env\u00eden el informe resumido del trabajo realizado (alrededor de 10 cuartillas).<br \/>\nDeben puntualizar introducci\u00f3n, objetivos, metodolog\u00eda, resultados, conclusiones y referencias bibliogr\u00e1ficas. PSICOVID-19 2020, tendr\u00e1 lugar de forma virtual entre los d\u00edas 14 y 18 de diciembre de 2020 y sus resultados se integrar\u00e1n a los de las 12 sesiones cient\u00edficas realizada en el mes de abril durante la celebraci\u00f3n de la IV Jornada Habanera de Psicolog\u00eda de la Salud<\/p>\n<p style=\"text-align: justify;\">Comit\u00e9 Organizador<\/p>\n","protected":false},"excerpt":{"rendered":"<p>PSICOVID-19 2020 (Sesi\u00f3n Cient\u00edfica Diferida sobre\u201cPsicolog\u00eda y COVID-19\u201d) Convocatoria En el informe final de la IV Jornada Habanera de Psicolog\u00eda de la Salud, desarrollada de forma virtual entre los d\u00edas 6 y 10 de abril de 2020, se informaba que para el mes de diciembre de este a\u00f1o se convocar\u00eda a una sesi\u00f3n cient\u00edfica diferida [&hellip;]<\/p>\n","protected":false},"author":3262,"featured_media":0,"parent":0,"menu_order":0,"comment_status":"closed","ping_status":"open","template":"sidebar-content.php","meta":[],"_links":{"self":[{"href":"https:\/\/promociondeeventos.sld.cu\/psicosaludhabana2020\/wp-json\/wp\/v2\/pages\/113"}],"collection":[{"href":"https:\/\/promociondeeventos.sld.cu\/psicosaludhabana2020\/wp-json\/wp\/v2\/pages"}],"about":[{"href":"https:\/\/promociondeeventos.sld.cu\/psicosaludhabana2020\/wp-json\/wp\/v2\/types\/page"}],"author":[{"embeddable":true,"href":"https:\/\/promociondeeventos.sld.cu\/psicosaludhabana2020\/wp-json\/wp\/v2\/users\/3262"}],"replies":[{"embeddable":true,"href":"https:\/\/promociondeeventos.sld.cu\/psicosaludhabana2020\/wp-json\/wp\/v2\/comments?post=113"}],"version-history":[{"count":7,"href":"https:\/\/promociondeeventos.sld.cu\/psicosaludhabana2020\/wp-json\/wp\/v2\/pages\/113\/revisions"}],"predecessor-version":[{"id":124,"href":"https:\/\/promociondeeventos.sld.cu\/psicosaludhabana2020\/wp-json\/wp\/v2\/pages\/113\/revisions\/124"}],"wp:attachment":[{"href":"https:\/\/promociondeeventos.sld.cu\/psicosaludhabana2020\/wp-json\/wp\/v2\/media?parent=113"}],"curies":[{"name":"wp","href":"https:\/\/api.w.org\/{rel}","templated":true}]}}