{"id":88,"date":"2017-04-07T23:37:28","date_gmt":"2017-04-07T23:37:28","guid":{"rendered":"http:\/\/promociondeeventos.sld.cu\/psicosaludhabana2017\/?page_id=88"},"modified":"2017-04-26T19:21:28","modified_gmt":"2017-04-26T19:21:28","slug":"programa","status":"publish","type":"page","link":"https:\/\/promociondeeventos.sld.cu\/psicosaludhabana2017\/programa\/","title":{"rendered":"Programa"},"content":{"rendered":"<p><em><strong>Jornada de Atenci\u00f3n Primaria de Salud<\/strong><\/em><\/p>\n<p><strong>Responsable<\/strong>: Dra C. Patricia M. Herrera Sant\u00ed.<\/p>\n<p><strong>Tem\u00e1ticas<\/strong>: Familia y Comunidad.<\/p>\n<p><strong>Lugar<\/strong>: Consejo Nacional de Sociedades Cient\u00edficas de la Salud.<\/p>\n<p><strong>Fecha y hora<\/strong>: 10 de mayo de 2017 \u2013 9:00am a 1:00pm<\/p>\n<hr \/>\n<p>&nbsp;<\/p>\n<p><em><strong>Jornada de Psicooncolog\u00eda<\/strong><\/em><\/p>\n<p><strong>Responsable<\/strong>: Dra C. Mar\u00eda del Carmen Llant\u00e1 Abreu.<\/p>\n<p><strong>Tem\u00e1ticas<\/strong>: Atenci\u00f3n especializada y Psicooncolog\u00eda.<\/p>\n<p><strong>Lugar<\/strong>: Instituto Nacional de Oncolog\u00eda y Radiobiolog\u00eda (INOR)<\/p>\n<p><strong>Fecha y hora<\/strong>: 4 de mayo de 2017 \u2013 9:00am<\/p>\n<hr \/>\n<p>&nbsp;<\/p>\n<p><em><strong>Jornada de Psicolog\u00eda Hospitalaria<\/strong><\/em><\/p>\n<p><strong>Responsable<\/strong>: MSc. Mar\u00eda Elena Rodr\u00edguez Lafuente.<\/p>\n<p><strong>Tem\u00e1ticas<\/strong>: Atenci\u00f3n hospitalaria y desastres.<\/p>\n<p><strong>Lugar<\/strong>: Hospital Cl\u00ednico Quir\u00fargico \u201cHermanos Ameijeiras\u201d (Aula 2, 4to piso)<\/p>\n<p><strong>Fecha y hora<\/strong>: 17 de mayo de 2017 &#8211; 9:00am<\/p>\n<hr \/>\n<p>&nbsp;<\/p>\n<p><em><strong>Jornada sobre Atenci\u00f3n a Ni\u00f1os y Adolescentes.<\/strong><\/em><\/p>\n<p><strong>Responsable<\/strong>: MSc. Tereza Isabel Lozano P\u00e9rez.<\/p>\n<p><strong>Tem\u00e1ticas<\/strong>: Evaluaci\u00f3n e intervenci\u00f3n en Psicopatolog\u00eda Infantil.<\/p>\n<p><strong>Lugar<\/strong>: Consejo Nacional de Sociedades Cient\u00edficas de la Salud.<\/p>\n<p><strong>Fecha y hora<\/strong>: 12 de mayo de 2017 \u2013 9:00am<\/p>\n<hr \/>\n<p>&nbsp;<\/p>\n<p><em><strong>Jornada sobre G\u00e9nero y Sexualidad.<\/strong><\/em><\/p>\n<p><strong>Responsable<\/strong>: Dra. Beatr\u00edz Torres Rodr\u00edguez<\/p>\n<p><strong>Tem\u00e1ticas<\/strong>: Identidad y trastornos sexuales<\/p>\n<p>ITS &#8211; VIH &#8211; SIDA.<\/p>\n<p><strong>Lugar<\/strong>: Asociaci\u00f3n de Naciones Unidas.<\/p>\n<p><strong>Fecha y hora<\/strong>: 5 de mayo de 2017 &#8211; 11:30am<\/p>\n<hr \/>\n<p>&nbsp;<\/p>\n<p><strong><em>Jornada sobre Estilo de vida y Trastornos conductuales.<\/em><\/strong><\/p>\n<p><strong>Responsable<\/strong>: Dr C. Justo Reinaldo Fabelo Roche.<\/p>\n<p><strong>Tem\u00e1ticas<\/strong>: Prevenci\u00f3n social, violencia y adicciones.<\/p>\n<p><strong>Lugar<\/strong>: NOVARTIS<\/p>\n<p><strong>Fecha y hora<\/strong>: 5 de mayo de 2017 \u2013 9:00am<\/p>\n<hr \/>\n<p>&nbsp;<\/p>\n<p><em><strong>Jornada de Psicodiagn\u00f3stico y Rorschach.<\/strong><\/em><\/p>\n<p><strong>Responsable<\/strong>: MSc. Felicia Miriam Gonz\u00e1lez Llaneza.<\/p>\n<p><strong>Tem\u00e1ticas<\/strong>: T\u00e9cnicas de evaluaci\u00f3n psicol\u00f3gica y<\/p>\n<p>Validaci\u00f3n de instrumentos.<\/p>\n<p><strong>Lugar<\/strong>: Facultad de Ciencias M\u00e9dicas \u201cMiguel Enr\u00edquez\u201d.<\/p>\n<p><strong>Fecha y hora<\/strong>: 11 de mayo de 2017 \u2013 9:00am<\/p>\n<hr \/>\n<p>&nbsp;<\/p>\n<p><em><strong>Jornada de Psicolog\u00eda Cognitiva y Neurociencias.<\/strong><\/em><\/p>\n<p><strong>Responsable<\/strong>: MSc. Geidy Rodr\u00edguez L\u00f3pez.<\/p>\n<p><strong>Tem\u00e1ticas<\/strong>: Neuropsicolog\u00eda, Discapacidades, y<\/p>\n<p>Rehabilitaci\u00f3n.<\/p>\n<p><strong>Lugar<\/strong>: NOVARTIS<\/p>\n<p><strong>Fecha y hora<\/strong>: 19 de abril de 2017 \u2013 9:00am<\/p>\n<hr \/>\n<p>&nbsp;<\/p>\n<p><em><strong>Jornada de Intervenci\u00f3n psicol\u00f3gica en Salud Mental.<\/strong><\/em><\/p>\n<p><strong>Responsable<\/strong>: MSc. Yasmani Llanes Basulto.<\/p>\n<p><strong>Tem\u00e1ticas<\/strong>: Tratamientos psicol\u00f3gicos y Trastornos<\/p>\n<p>Mentales cr\u00f3nicos.<\/p>\n<p><strong>Lugar<\/strong>: Aula Magna \u2013 Hospital Psiqui\u00e1trico de La Habana.<\/p>\n<p><strong>Fecha y hora<\/strong>: 17 de abril de 2017 \u2013 10:00am<\/p>\n<hr \/>\n<p>&nbsp;<\/p>\n<p><em><strong>Jornada de Salud Laboral.<\/strong><\/em><\/p>\n<p><strong>Responsable<\/strong>: Dra. Lidia de la Caridad Hern\u00e1ndez G\u00f3mez.<\/p>\n<p><strong>Tem\u00e1ticas<\/strong>: Trastornos de la Salud laboral y<\/p>\n<p>Desgaste profesional.<\/p>\n<p><strong>Lugar<\/strong>: NOVARTIS.<\/p>\n<p><strong>Fecha y hora<\/strong>: 4 de mayo de 2017 &#8211; 9:30am<\/p>\n<hr \/>\n<p>&nbsp;<\/p>\n<p><em><strong>Jornada de Atenci\u00f3n al Adulto Mayor.<\/strong><\/em><\/p>\n<p><strong>Responsable<\/strong>: MSc. Raquel P\u00e9rez D\u00edaz.<\/p>\n<p><strong>Tem\u00e1ticas<\/strong>: Enfermedades cr\u00f3nicas y degenerativas.<\/p>\n<p><strong>Lugar<\/strong>: CITED.<\/p>\n<p><strong>Fecha y hora<\/strong>: 27 de abril de 2017 &#8211; 9:00am<\/p>\n<hr \/>\n<p>&nbsp;<\/p>\n<p><em><strong>Jornada sobre Formaci\u00f3n de Recursos Humanos.<\/strong><\/em><\/p>\n<p><strong>Responsable<\/strong>: MSc. Rosa Elena Qui\u00f1ones Colarte.<\/p>\n<p><strong>Tem\u00e1ticas<\/strong>: Desarrollo del Capital humano y<\/p>\n<p>Problemas te\u00f3ricos.<\/p>\n<p><strong>Lugar<\/strong>: Facultad de Ciencias M\u00e9dicas Calixto Garc\u00eda.<\/p>\n<p><strong>Fecha y hora<\/strong>: 18 de mayo de 2017 \u2013 10:00am<\/p>\n","protected":false},"excerpt":{"rendered":"<p>Jornada de Atenci\u00f3n Primaria de Salud Responsable: Dra C. Patricia M. Herrera Sant\u00ed. Tem\u00e1ticas: Familia y Comunidad. Lugar: Consejo Nacional de Sociedades Cient\u00edficas de la Salud. Fecha y hora: 10 de mayo de 2017 \u2013 9:00am a 1:00pm &nbsp; Jornada de Psicooncolog\u00eda Responsable: Dra C. Mar\u00eda del Carmen Llant\u00e1 Abreu. Tem\u00e1ticas: Atenci\u00f3n especializada y Psicooncolog\u00eda. [&hellip;]<\/p>\n","protected":false},"author":3216,"featured_media":0,"parent":0,"menu_order":0,"comment_status":"closed","ping_status":"open","template":"","meta":[],"_links":{"self":[{"href":"https:\/\/promociondeeventos.sld.cu\/psicosaludhabana2017\/wp-json\/wp\/v2\/pages\/88"}],"collection":[{"href":"https:\/\/promociondeeventos.sld.cu\/psicosaludhabana2017\/wp-json\/wp\/v2\/pages"}],"about":[{"href":"https:\/\/promociondeeventos.sld.cu\/psicosaludhabana2017\/wp-json\/wp\/v2\/types\/page"}],"author":[{"embeddable":true,"href":"https:\/\/promociondeeventos.sld.cu\/psicosaludhabana2017\/wp-json\/wp\/v2\/users\/3216"}],"replies":[{"embeddable":true,"href":"https:\/\/promociondeeventos.sld.cu\/psicosaludhabana2017\/wp-json\/wp\/v2\/comments?post=88"}],"version-history":[{"count":4,"href":"https:\/\/promociondeeventos.sld.cu\/psicosaludhabana2017\/wp-json\/wp\/v2\/pages\/88\/revisions"}],"predecessor-version":[{"id":102,"href":"https:\/\/promociondeeventos.sld.cu\/psicosaludhabana2017\/wp-json\/wp\/v2\/pages\/88\/revisions\/102"}],"wp:attachment":[{"href":"https:\/\/promociondeeventos.sld.cu\/psicosaludhabana2017\/wp-json\/wp\/v2\/media?parent=88"}],"curies":[{"name":"wp","href":"https:\/\/api.w.org\/{rel}","templated":true}]}}