{"id":6,"date":"2016-04-21T23:05:15","date_gmt":"2016-04-21T23:05:15","guid":{"rendered":"http:\/\/promociondeeventos.sld.cu\/psicosaludhabana2017\/?page_id=6"},"modified":"2017-02-02T06:14:36","modified_gmt":"2017-02-02T06:14:36","slug":"comite-organizador","status":"publish","type":"page","link":"https:\/\/promociondeeventos.sld.cu\/psicosaludhabana2017\/comite-organizador\/","title":{"rendered":"Comit\u00e9 organizador"},"content":{"rendered":"<p><strong>Presidente<\/strong>: Dr. Justo Reinaldo Fabelo Roche<\/p>\n<p><strong>Secretaria<\/strong>: Dra. Mar\u00eda del Carmen Llant\u00e1 Abreu<\/p>\n<p><strong>Comit\u00e9 Cient\u00edfico<\/strong>: Dra. Patricia Mar\u00eda Herrera Santi, MSc. Mar\u00eda Elena Rodr\u00edguez Lafuente y\u00a0MSc. Geidy Rodr\u00edguez L\u00f3pez<\/p>\n<p><strong>Comisiones de trabajo<\/strong>:<\/p>\n<ul>\n<li>MSc. Teresa Isabel Lozano P\u00e9rez<\/li>\n<li>Dra. Alina Julia Ortega Bravo<\/li>\n<li>MSc Felicia Mirian Gonz\u00e1lez Llaneza<\/li>\n<li>MSc. Yasmani Llanes Basulto<\/li>\n<li>Dra. Lidia de la Caridad Hern\u00e1ndez G\u00f3mez<\/li>\n<li>MSc. Raquel P\u00e9rez D\u00edaz<\/li>\n<li>MSc. Rosa Elena Qui\u00f1ones Colarte<\/li>\n<\/ul>\n<p><strong>Comisi\u00f3n de apoyo<\/strong>:<\/p>\n<ul>\n<li>Alan Batista L\u00f3pez<\/li>\n<li>Lilianne Florez Hechavarr\u00eda<\/li>\n<li>Alberto Ort\u00edz Marrero<\/li>\n<li>Yeney Castro Ayala<\/li>\n<li>Andrea Barrenechea L\u00f3pez<\/li>\n<\/ul>\n","protected":false},"excerpt":{"rendered":"<p>Presidente: Dr. Justo Reinaldo Fabelo Roche Secretaria: Dra. Mar\u00eda del Carmen Llant\u00e1 Abreu Comit\u00e9 Cient\u00edfico: Dra. Patricia Mar\u00eda Herrera Santi, MSc. Mar\u00eda Elena Rodr\u00edguez Lafuente y\u00a0MSc. Geidy Rodr\u00edguez L\u00f3pez Comisiones de trabajo: MSc. Teresa Isabel Lozano P\u00e9rez Dra. Alina Julia Ortega Bravo MSc Felicia Mirian Gonz\u00e1lez Llaneza MSc. Yasmani Llanes Basulto Dra. Lidia de la [&hellip;]<\/p>\n","protected":false},"author":3216,"featured_media":0,"parent":0,"menu_order":2,"comment_status":"closed","ping_status":"closed","template":"","meta":[],"_links":{"self":[{"href":"https:\/\/promociondeeventos.sld.cu\/psicosaludhabana2017\/wp-json\/wp\/v2\/pages\/6"}],"collection":[{"href":"https:\/\/promociondeeventos.sld.cu\/psicosaludhabana2017\/wp-json\/wp\/v2\/pages"}],"about":[{"href":"https:\/\/promociondeeventos.sld.cu\/psicosaludhabana2017\/wp-json\/wp\/v2\/types\/page"}],"author":[{"embeddable":true,"href":"https:\/\/promociondeeventos.sld.cu\/psicosaludhabana2017\/wp-json\/wp\/v2\/users\/3216"}],"replies":[{"embeddable":true,"href":"https:\/\/promociondeeventos.sld.cu\/psicosaludhabana2017\/wp-json\/wp\/v2\/comments?post=6"}],"version-history":[{"count":9,"href":"https:\/\/promociondeeventos.sld.cu\/psicosaludhabana2017\/wp-json\/wp\/v2\/pages\/6\/revisions"}],"predecessor-version":[{"id":71,"href":"https:\/\/promociondeeventos.sld.cu\/psicosaludhabana2017\/wp-json\/wp\/v2\/pages\/6\/revisions\/71"}],"wp:attachment":[{"href":"https:\/\/promociondeeventos.sld.cu\/psicosaludhabana2017\/wp-json\/wp\/v2\/media?parent=6"}],"curies":[{"name":"wp","href":"https:\/\/api.w.org\/{rel}","templated":true}]}}