{"id":17,"date":"2016-04-22T03:20:03","date_gmt":"2016-04-22T03:20:03","guid":{"rendered":"http:\/\/promociondeeventos.sld.cu\/psicosaludhabana2017\/?page_id=17"},"modified":"2017-01-14T23:10:49","modified_gmt":"2017-01-14T23:10:49","slug":"contacto","status":"publish","type":"page","link":"https:\/\/promociondeeventos.sld.cu\/psicosaludhabana2017\/contacto\/","title":{"rendered":"Contacto"},"content":{"rendered":"<p>Toda la informaci\u00f3n relacionada con la III Jornada Habanera de Psicolog\u00eda de la Salud se emitir\u00e1 y recepcionar\u00e1 a trav\u00e9s del correo electr\u00f3nico: psicojornada2017@infomed.sld.cu<\/p>\n<p>Igualmente esta es la \u00fanica v\u00eda v\u00e1lida para el env\u00edo de los res\u00famenes de las ponencias.<\/p>\n","protected":false},"excerpt":{"rendered":"<p>Toda la informaci\u00f3n relacionada con la III Jornada Habanera de Psicolog\u00eda de la Salud se emitir\u00e1 y recepcionar\u00e1 a trav\u00e9s del correo electr\u00f3nico: psicojornada2017@infomed.sld.cu Igualmente esta es la \u00fanica v\u00eda v\u00e1lida para el env\u00edo de los res\u00famenes de las ponencias.<\/p>\n","protected":false},"author":3216,"featured_media":0,"parent":0,"menu_order":10,"comment_status":"closed","ping_status":"closed","template":"","meta":[],"_links":{"self":[{"href":"https:\/\/promociondeeventos.sld.cu\/psicosaludhabana2017\/wp-json\/wp\/v2\/pages\/17"}],"collection":[{"href":"https:\/\/promociondeeventos.sld.cu\/psicosaludhabana2017\/wp-json\/wp\/v2\/pages"}],"about":[{"href":"https:\/\/promociondeeventos.sld.cu\/psicosaludhabana2017\/wp-json\/wp\/v2\/types\/page"}],"author":[{"embeddable":true,"href":"https:\/\/promociondeeventos.sld.cu\/psicosaludhabana2017\/wp-json\/wp\/v2\/users\/3216"}],"replies":[{"embeddable":true,"href":"https:\/\/promociondeeventos.sld.cu\/psicosaludhabana2017\/wp-json\/wp\/v2\/comments?post=17"}],"version-history":[{"count":3,"href":"https:\/\/promociondeeventos.sld.cu\/psicosaludhabana2017\/wp-json\/wp\/v2\/pages\/17\/revisions"}],"predecessor-version":[{"id":44,"href":"https:\/\/promociondeeventos.sld.cu\/psicosaludhabana2017\/wp-json\/wp\/v2\/pages\/17\/revisions\/44"}],"wp:attachment":[{"href":"https:\/\/promociondeeventos.sld.cu\/psicosaludhabana2017\/wp-json\/wp\/v2\/media?parent=17"}],"curies":[{"name":"wp","href":"https:\/\/api.w.org\/{rel}","templated":true}]}}