{"id":15,"date":"2016-04-22T03:19:40","date_gmt":"2016-04-22T03:19:40","guid":{"rendered":"http:\/\/promociondeeventos.sld.cu\/psicosaludhabana2017\/?page_id=15"},"modified":"2017-04-26T17:36:38","modified_gmt":"2017-04-26T17:36:38","slug":"informaciones-importantes","status":"publish","type":"page","link":"https:\/\/promociondeeventos.sld.cu\/psicosaludhabana2017\/informaciones-importantes\/","title":{"rendered":"Informaciones importantes"},"content":{"rendered":"<p>Los res\u00famenes sobre ponencias relacionadas con las Secciones reconocidas por la SCPS ser\u00e1n incluidos para ser valorados por nuestros Grupos de Trabajo en funci\u00f3n de sus contenidos. Ante cualquier duda al respecto se consultar\u00e1 con los presidentes de dichas Secciones si son miembros del CHSCPS y de lo contrario con expertos del cap\u00edtulo de La Habana en dichas tem\u00e1ticas.<\/p>\n<p>1 &#8211; Psicoballet\u00a0 (Presidente: Georgina Fari\u00f1as Garc\u00eda)<\/p>\n<p>2 &#8211; Psicooncolog\u00eda (Presidente: Maria del Carmen Llant\u00e1 Abreu)<\/p>\n<p>3 &#8211; Diagn\u00f3stico psicol\u00f3gico (Presidente: Felicia Mirian Gonz\u00e1lez Llaneza)<\/p>\n<p>4 &#8211; Intervenci\u00f3n psicol\u00f3gica (Presidente: Margarita de las Mercedes Garc\u00eda Vald\u00e9s)<\/p>\n<p>5 &#8211; Emergencia y Desastres (Presidente: Alexis Lorenzo Ru\u00edz)<\/p>\n<p>6 \u2013 Musicoterapia (Presidente: Idida Maria Rigual Gonzalez)<\/p>\n<p>7 &#8211; Hipnosis Terap\u00e9utica (Presidente: Alberto Cobian Mena) &#8211; (Experto CHSCPS: Yasmani Llanes Basulto)<\/p>\n<p>8 \u2013 Psicodrama (Presidente: Tamara T\u00e9llez Veranes) &#8211; (Experto CHSCPS: Belkis Echemendia Tocabens )<\/p>\n<p><em><strong>Comienzan elecciones de las Sociedades Cient\u00edficas de la Salud:<\/strong><\/em><\/p>\n<p>Durante el a\u00f1o 2017 se realizar\u00e1n las elecciones de las Sociedades Cient\u00edficas de la Salud, entre ellas la Sociedad Cubana de Psicolog\u00eda de la Salud.<\/p>\n<p>En el sitio oficial del Consejo Nacional de Sociedades Cient\u00edficas de la Salud (CNSCS) se encuentra disponible la informaci\u00f3n relacionada con el <a title=\"Procedimiento Eleccionario\" href=\"http:\/\/instituciones.sld.cu\/socientificas\/procedmiento-eleccionario\/\" target=\"_blank\">procedimiento eleccionario<\/a>. Adem\u00e1s de que se podr\u00e1 consultar el <a href=\"http:\/\/www.sld.cu\/anuncio\/2017\/02\/14\/comienzan-eleciones-de-las-sociedades-cientificas-de-la-salud\" target=\"_blank\">anuncio<\/a> oficial de las elecciones en el portal de Infomed.<\/p>\n<p><em><strong>Convocatoria \u00abPremio de Psicolog\u00eda de la Salud Dra. Noem\u00ed P\u00e9rez Vald\u00e9s in Memoriam\u00bb<\/strong><\/em><\/p>\n<p>Los psic\u00f3logos habaneros interesados en participar en el Concurso Nacional <strong>\u00ab<\/strong><strong><em>Premio\u00a0de Psicolog\u00eda de la Salud Dra. Noem\u00ed P\u00e9rez Vald\u00e9s in Memoriam<\/em>\u00ab<\/strong>, deber\u00e1n presentar sus solicitudes durante la celebraci\u00f3n de la III Jornada Habanera de Psicolog\u00eda de la Salud. Podr\u00e1n participar los autores cuyas propuestas hayan sido publicadas entre\u00a0los a\u00f1os\u00a02014 y 2017. La fecha limite para la recepci\u00f3n de los informes, art\u00edculos o libros ser\u00e1 el 20 de mayo de 2017 en el Dpto. de Psicolog\u00eda de la Facultad Gral. Calixto Garc\u00eda.<\/p>\n<p><strong>Las Categor\u00edas del Concurso son las siguientes:<\/strong><\/p>\n<ul>\n<li><strong>Informes de Investigaciones concluidas <\/strong><\/li>\n<li><strong>Art\u00edculo Cient\u00edfico<\/strong><\/li>\n<li><strong>Libro<\/strong><\/li>\n<\/ul>\n<p><strong>Nota:<\/strong> Las tesis doctorales, de maestr\u00eda o especialidad cuyos autores deseen presentarlas\u00a0se incluir\u00e1n\u00a0en la categor\u00eda \u00abInformes de Investigaciones concluidas\u00bb. Solo se aceptar\u00e1n las\u00a0tesis que ya hayan sido defendidas y que est\u00e9n basadas en tem\u00e1ticas\u00a0coherentes\u00a0con la Psicolog\u00eda de la Salud.<\/p>\n<p>Los Requisitos Generales para la inscripci\u00f3n de trabajos son los siguientes:<\/p>\n<ul>\n<li><strong>Presentar dos ejemplares impresos en todas las categor\u00edas. El trabajo debe estar escrito a 1 \u00bd espacios, con tipo de letra Arial 12, excepto para las categor\u00edas de Art\u00edculo Cient\u00edfico y Libro, en los que se presentar\u00e1 el documento publicado. Adem\u00e1s deber\u00e1 presentarse una copia en formato digital.<\/strong><\/li>\n<li><strong>En los cr\u00e9ditos del trabajo debe consignarse la instituci\u00f3n de procedencia y el cargo del autor.<\/strong><\/li>\n<li><strong>Carta de solicitud de inscripci\u00f3n del autor expresando por cual de las categor\u00edas de la estructura del premio opta para concursar.<\/strong><\/li>\n<li><strong>Carta o aval del Director de la instituci\u00f3n donde labore(n) el autor o los autores haciendo constar que \u00e9ste o estos es (son) trabajador(es) del centro y que el trabajo se realiz\u00f3 all\u00ed.<\/strong><\/li>\n<li><strong>Acompa\u00f1ar el trabajo con un documento del Consejo Cient\u00edfico de su instituci\u00f3n de procedencia que exprese la valoraci\u00f3n expl\u00edcita de la calidad cient\u00edfica del trabajo, incluyendo los aspectos formales y de su(s) autor(es).<\/strong><\/li>\n<li><strong>Acreditar si el trabajo fue publicado o expuesto, consignando la fecha y lugar de su publicaci\u00f3n o exposici\u00f3n. Para las ramas o categor\u00edas de Art\u00edculo Cient\u00edfico y Libro, ser\u00e1 requisito indispensable que est\u00e9 publicado.<\/strong><\/li>\n<li><strong>Presentar documento acreditativo de que el solicitante es reconocido como autor principal por los coautores o colaboradores.<\/strong><\/li>\n<li><strong>Para inscribir un trabajo cient\u00edfico manteniendo la autor\u00eda colectiva se presentar\u00e1 solicitud de inscripci\u00f3n con documento que precise este car\u00e1cter y acredite la persona que lo presentar\u00e1.<\/strong><\/li>\n<li><strong>Los trabajos deber\u00e1n cumplir con las recomendaciones de la Asociaci\u00f3n Internacional de Editores de Revistas M\u00e9dicas o con los de la APA en cuanto a redacci\u00f3n y formato.<\/strong><\/li>\n<li><strong>Para la rama o categor\u00eda de Art\u00edculo Cient\u00edfico se debe hacer constar la revista en que se public\u00f3 y presentar dos separatas de la publicaci\u00f3n. <\/strong><\/li>\n<li><strong>Los trabajos que lleguen al Concurso Nacional deber\u00e1n acompa\u00f1arse de un resumen estructurado de 10 o 12 p\u00e1ginas, sin el cual no se aceptar\u00e1 el trabajo.<\/strong><\/li>\n<\/ul>\n<p>&nbsp;<\/p>\n<p>&nbsp;<\/p>\n<p><strong>\u00a0<\/strong><\/p>\n<p>&nbsp;<\/p>\n<p>&nbsp;<\/p>\n","protected":false},"excerpt":{"rendered":"<p>Los res\u00famenes sobre ponencias relacionadas con las Secciones reconocidas por la SCPS ser\u00e1n incluidos para ser valorados por nuestros Grupos de Trabajo en funci\u00f3n de sus contenidos. Ante cualquier duda al respecto se consultar\u00e1 con los presidentes de dichas Secciones si son miembros del CHSCPS y de lo contrario con expertos del cap\u00edtulo de La [&hellip;]<\/p>\n","protected":false},"author":3216,"featured_media":0,"parent":0,"menu_order":8,"comment_status":"closed","ping_status":"closed","template":"","meta":[],"_links":{"self":[{"href":"https:\/\/promociondeeventos.sld.cu\/psicosaludhabana2017\/wp-json\/wp\/v2\/pages\/15"}],"collection":[{"href":"https:\/\/promociondeeventos.sld.cu\/psicosaludhabana2017\/wp-json\/wp\/v2\/pages"}],"about":[{"href":"https:\/\/promociondeeventos.sld.cu\/psicosaludhabana2017\/wp-json\/wp\/v2\/types\/page"}],"author":[{"embeddable":true,"href":"https:\/\/promociondeeventos.sld.cu\/psicosaludhabana2017\/wp-json\/wp\/v2\/users\/3216"}],"replies":[{"embeddable":true,"href":"https:\/\/promociondeeventos.sld.cu\/psicosaludhabana2017\/wp-json\/wp\/v2\/comments?post=15"}],"version-history":[{"count":13,"href":"https:\/\/promociondeeventos.sld.cu\/psicosaludhabana2017\/wp-json\/wp\/v2\/pages\/15\/revisions"}],"predecessor-version":[{"id":101,"href":"https:\/\/promociondeeventos.sld.cu\/psicosaludhabana2017\/wp-json\/wp\/v2\/pages\/15\/revisions\/101"}],"wp:attachment":[{"href":"https:\/\/promociondeeventos.sld.cu\/psicosaludhabana2017\/wp-json\/wp\/v2\/media?parent=15"}],"curies":[{"name":"wp","href":"https:\/\/api.w.org\/{rel}","templated":true}]}}