{"id":12,"date":"2016-04-22T03:18:21","date_gmt":"2016-04-22T03:18:21","guid":{"rendered":"http:\/\/promociondeeventos.sld.cu\/psicosaludhabana2017\/?page_id=12"},"modified":"2017-03-16T22:59:02","modified_gmt":"2017-03-16T22:59:02","slug":"tematicas","status":"publish","type":"page","link":"https:\/\/promociondeeventos.sld.cu\/psicosaludhabana2017\/tematicas\/","title":{"rendered":"Tem\u00e1ticas"},"content":{"rendered":"<p>Se aceptar\u00e1n res\u00famenes de\u00a0ponencias de todas las \u00e1reas tem\u00e1ticas de la Psicolog\u00eda de la Salud, los cuales ser\u00e1n clasificados y asignados a alguno de\u00a0nuestros doce Grupos de Trabajo para su valoraci\u00f3n:<\/p>\n<p>Grupo de Trabajo sobre Atenci\u00f3n Primaria de Salud. Tem\u00e1ticas: Familia y Comunidad. Responsable: Dra. Patricia Mar\u00eda Herrera Santi<\/p>\n<p>Grupo de Trabajo sobre Psicolog\u00eda Hospitalaria. Tem\u00e1ticas: Psicolog\u00eda Hospitalaria y Desastres. Responsable: MSc. Mar\u00eda Elena Rodr\u00edguez Lafuente<\/p>\n<p>Grupo de Trabajo sobre Psicooncolog\u00eda. Tem\u00e1ticas: Atenci\u00f3n Especializada y Psicooncolog\u00eda. Responsable: Dra. Mar\u00eda del Carmen Llant\u00e1 Abreu<\/p>\n<p>Grupo de Trabajo sobre Atenci\u00f3n a Ni\u00f1os y Adolescentes. Tem\u00e1ticas: Evaluaci\u00f3n e intervenci\u00f3n en Psicopatolog\u00eda infantil. Responsable: MSc. Teresa Isabel Lozano P\u00e9rez.<\/p>\n<p>Grupo de Trabajo sobre G\u00e9nero y Sexualidad. Tem\u00e1ticas: Identidad y trastornos sexuales. ITS \u2013 VIH \u2013 Sida. Responsable: Dra. Beatr\u00edz Torres Rodr\u00edguez.<\/p>\n<p>Grupo de Trabajo sobre Estilo de Vida y Trastornos Conductuales. Tem\u00e1ticas: Prevenci\u00f3n social, violencia y adicciones. Responsable: Dr. Justo Reinaldo Fabelo Roche<\/p>\n<p>Grupo de Trabajo sobre Psicodiagn\u00f3stico y Rorschach. Tem\u00e1ticas: T\u00e9cnicas de evaluaci\u00f3n psicol\u00f3gica y validaci\u00f3n de instrumentos. Responsable: MSc Felicia Mirian Gonz\u00e1lez Llaneza<\/p>\n<p>Grupo de Trabajo sobre Psicolog\u00eda Cognitiva y Neurociencias. Tem\u00e1ticas: Neuropsicolog\u00eda, Discapacidades y Rehabilitaci\u00f3n. Responsable: MSc. Geidy Rodr\u00edguez L\u00f3pez<\/p>\n<p>Grupo de Trabajo sobre Intervenci\u00f3n Psicol\u00f3gica en Salud Mental. Tem\u00e1ticas: Tratamientos psicol\u00f3gicos y Trastornos mentales cr\u00f3nicos. Responsable: MSc. Yasmani Llanes Basulto<\/p>\n<p>Grupo de Trabajo sobre Salud Laboral. Tem\u00e1ticas: Trastornos de la salud laboral y desgaste profesional. Responsable: Dra. Lidia de la Caridad Hern\u00e1ndez G\u00f3mez<\/p>\n<p>Grupo de Trabajo sobre Atenci\u00f3n al Adulto Mayor. Tem\u00e1ticas: Enfermedades cr\u00f3nicas y degenerativas. Responsable: MSc. Raquel P\u00e9rez D\u00edaz<\/p>\n<p>Grupo de Trabajo sobre Formaci\u00f3n de recursos humanos. Tem\u00e1ticas: Desarrollo del capital humano y problemas te\u00f3ricos. Responsable: MSc. Rosa Elena Qui\u00f1ones Colarte<\/p>\n","protected":false},"excerpt":{"rendered":"<p>Se aceptar\u00e1n res\u00famenes de\u00a0ponencias de todas las \u00e1reas tem\u00e1ticas de la Psicolog\u00eda de la Salud, los cuales ser\u00e1n clasificados y asignados a alguno de\u00a0nuestros doce Grupos de Trabajo para su valoraci\u00f3n: Grupo de Trabajo sobre Atenci\u00f3n Primaria de Salud. Tem\u00e1ticas: Familia y Comunidad. Responsable: Dra. Patricia Mar\u00eda Herrera Santi Grupo de Trabajo sobre Psicolog\u00eda Hospitalaria. [&hellip;]<\/p>\n","protected":false},"author":3216,"featured_media":0,"parent":0,"menu_order":4,"comment_status":"closed","ping_status":"closed","template":"","meta":[],"_links":{"self":[{"href":"https:\/\/promociondeeventos.sld.cu\/psicosaludhabana2017\/wp-json\/wp\/v2\/pages\/12"}],"collection":[{"href":"https:\/\/promociondeeventos.sld.cu\/psicosaludhabana2017\/wp-json\/wp\/v2\/pages"}],"about":[{"href":"https:\/\/promociondeeventos.sld.cu\/psicosaludhabana2017\/wp-json\/wp\/v2\/types\/page"}],"author":[{"embeddable":true,"href":"https:\/\/promociondeeventos.sld.cu\/psicosaludhabana2017\/wp-json\/wp\/v2\/users\/3216"}],"replies":[{"embeddable":true,"href":"https:\/\/promociondeeventos.sld.cu\/psicosaludhabana2017\/wp-json\/wp\/v2\/comments?post=12"}],"version-history":[{"count":9,"href":"https:\/\/promociondeeventos.sld.cu\/psicosaludhabana2017\/wp-json\/wp\/v2\/pages\/12\/revisions"}],"predecessor-version":[{"id":86,"href":"https:\/\/promociondeeventos.sld.cu\/psicosaludhabana2017\/wp-json\/wp\/v2\/pages\/12\/revisions\/86"}],"wp:attachment":[{"href":"https:\/\/promociondeeventos.sld.cu\/psicosaludhabana2017\/wp-json\/wp\/v2\/media?parent=12"}],"curies":[{"name":"wp","href":"https:\/\/api.w.org\/{rel}","templated":true}]}}