{"id":9,"date":"2019-11-14T15:57:46","date_gmt":"2019-11-14T15:57:46","guid":{"rendered":"http:\/\/promociondeeventos.sld.cu\/psicosalud2020\/?page_id=9"},"modified":"2022-04-26T16:48:19","modified_gmt":"2022-04-26T16:48:19","slug":"comite-cientifico","status":"publish","type":"page","link":"https:\/\/promociondeeventos.sld.cu\/psicosalud2020\/comite-cientifico\/","title":{"rendered":"Comit\u00e9 Cient\u00edfico"},"content":{"rendered":"<p><strong>Presidente<\/strong><\/p>\n<ul>\n<li>Dr. Justo Reinaldo Fabelo Roche<\/li>\n<\/ul>\n<p><strong>Subcomisi\u00f3n de Programa Cient\u00edfico<\/strong><\/p>\n<ul>\n<li>Prof. Margarita de las Mercedes Garc\u00eda Vald\u00e9s<\/li>\n<\/ul>\n<p><strong>Subcomisi\u00f3n de Cursos Pre Evento<\/strong><\/p>\n<ul>\n<li>Prof. Anabell Hern\u00e1ndez Hern\u00e1ndez<\/li>\n<li>Lic. Yanelis Mart\u00ednez Ochoa<\/li>\n<\/ul>\n<p><strong>Otros Miembros del Comit\u00e9 Cient\u00edfico<\/strong><\/p>\n<ul>\n<li>Prof. Jorge Adalberto D\u00edaz S\u00e1nchez<\/li>\n<li>Dra. Alina Julia Ortega Bravo<\/li>\n<li>Prof. Gladys Ivette Maynard Berm\u00fadez<\/li>\n<li>Prof. Ada Casal Sosa<\/li>\n<\/ul>\n","protected":false},"excerpt":{"rendered":"<p>Presidente Dr. Justo Reinaldo Fabelo Roche Subcomisi\u00f3n de Programa Cient\u00edfico Prof. Margarita de las Mercedes Garc\u00eda Vald\u00e9s Subcomisi\u00f3n de Cursos Pre Evento Prof. Anabell Hern\u00e1ndez Hern\u00e1ndez Lic. Yanelis Mart\u00ednez Ochoa Otros Miembros del Comit\u00e9 Cient\u00edfico Prof. Jorge Adalberto D\u00edaz S\u00e1nchez Dra. Alina Julia Ortega Bravo Prof. Gladys Ivette Maynard Berm\u00fadez Prof. Ada Casal Sosa<\/p>\n","protected":false},"author":3262,"featured_media":0,"parent":0,"menu_order":0,"comment_status":"closed","ping_status":"open","template":"","meta":[],"_links":{"self":[{"href":"https:\/\/promociondeeventos.sld.cu\/psicosalud2020\/wp-json\/wp\/v2\/pages\/9"}],"collection":[{"href":"https:\/\/promociondeeventos.sld.cu\/psicosalud2020\/wp-json\/wp\/v2\/pages"}],"about":[{"href":"https:\/\/promociondeeventos.sld.cu\/psicosalud2020\/wp-json\/wp\/v2\/types\/page"}],"author":[{"embeddable":true,"href":"https:\/\/promociondeeventos.sld.cu\/psicosalud2020\/wp-json\/wp\/v2\/users\/3262"}],"replies":[{"embeddable":true,"href":"https:\/\/promociondeeventos.sld.cu\/psicosalud2020\/wp-json\/wp\/v2\/comments?post=9"}],"version-history":[{"count":6,"href":"https:\/\/promociondeeventos.sld.cu\/psicosalud2020\/wp-json\/wp\/v2\/pages\/9\/revisions"}],"predecessor-version":[{"id":229,"href":"https:\/\/promociondeeventos.sld.cu\/psicosalud2020\/wp-json\/wp\/v2\/pages\/9\/revisions\/229"}],"wp:attachment":[{"href":"https:\/\/promociondeeventos.sld.cu\/psicosalud2020\/wp-json\/wp\/v2\/media?parent=9"}],"curies":[{"name":"wp","href":"https:\/\/api.w.org\/{rel}","templated":true}]}}