{"id":7,"date":"2019-11-14T15:57:34","date_gmt":"2019-11-14T15:57:34","guid":{"rendered":"http:\/\/promociondeeventos.sld.cu\/psicosalud2020\/?page_id=7"},"modified":"2022-04-26T16:49:12","modified_gmt":"2022-04-26T16:49:12","slug":"comite-organizador","status":"publish","type":"page","link":"https:\/\/promociondeeventos.sld.cu\/psicosalud2020\/comite-organizador\/","title":{"rendered":"Comit\u00e9 Organizador"},"content":{"rendered":"<p><strong>Presidente<\/strong><\/p>\n<ul>\n<li>Dr. Alberto Econvaldo Cobi\u00e1n Mena<\/li>\n<\/ul>\n<p><strong>Vicepresidentes<\/strong><\/p>\n<ul>\n<li>Dra. Mar\u00eda del Carmen Llant\u00e1 Abreu<\/li>\n<li>Prof. Olga Esther Infante Pedreida<\/li>\n<\/ul>\n<p><strong>Coordinadora General<\/strong><\/p>\n<ul>\n<li>Prof. Teresa Isabel Lozano P\u00e9rez<\/li>\n<\/ul>\n<p><strong>Comit\u00e9 Cient\u00edfico<\/strong><\/p>\n<ul>\n<li>Dr. Justo Reinaldo Fabelo Roche<\/li>\n<li>Prof. Jorge Adalberto D\u00edaz S\u00e1nchez<\/li>\n<li>Prof. Margarita de las Mercedes Garc\u00eda Vald\u00e9s<\/li>\n<li>Dra. Alina Julia Ortega Bravo<\/li>\n<li>Prof. Anabell Hern\u00e1ndez Hern\u00e1ndez<\/li>\n<li>Prof. Gladys Ivette Maynard Berm\u00fadez<\/li>\n<li>Prof. Ada Casal Sosa<\/li>\n<\/ul>\n<p><strong>Comit\u00e9 de Log\u00edstica<\/strong><\/p>\n<ul>\n<li>Prof. Mar\u00eda del Carmen Rodr\u00edguez Reyes<\/li>\n<li>Prof. Crist\u00f3bal Eustasio Mesa Simpson<\/li>\n<li>Prof. Ileana Cira Aguilar Garc\u00eda<\/li>\n<li>Prof. Mar\u00eda Esther Ortiz Quesada<\/li>\n<li>Prof. Matilde de la Caridad Molina Cintra<\/li>\n<\/ul>\n","protected":false},"excerpt":{"rendered":"<p>Presidente Dr. Alberto Econvaldo Cobi\u00e1n Mena Vicepresidentes Dra. Mar\u00eda del Carmen Llant\u00e1 Abreu Prof. Olga Esther Infante Pedreida Coordinadora General Prof. Teresa Isabel Lozano P\u00e9rez Comit\u00e9 Cient\u00edfico Dr. Justo Reinaldo Fabelo Roche Prof. Jorge Adalberto D\u00edaz S\u00e1nchez Prof. Margarita de las Mercedes Garc\u00eda Vald\u00e9s Dra. Alina Julia Ortega Bravo Prof. Anabell Hern\u00e1ndez Hern\u00e1ndez Prof. Gladys [&hellip;]<\/p>\n","protected":false},"author":3262,"featured_media":0,"parent":0,"menu_order":0,"comment_status":"closed","ping_status":"open","template":"","meta":[],"_links":{"self":[{"href":"https:\/\/promociondeeventos.sld.cu\/psicosalud2020\/wp-json\/wp\/v2\/pages\/7"}],"collection":[{"href":"https:\/\/promociondeeventos.sld.cu\/psicosalud2020\/wp-json\/wp\/v2\/pages"}],"about":[{"href":"https:\/\/promociondeeventos.sld.cu\/psicosalud2020\/wp-json\/wp\/v2\/types\/page"}],"author":[{"embeddable":true,"href":"https:\/\/promociondeeventos.sld.cu\/psicosalud2020\/wp-json\/wp\/v2\/users\/3262"}],"replies":[{"embeddable":true,"href":"https:\/\/promociondeeventos.sld.cu\/psicosalud2020\/wp-json\/wp\/v2\/comments?post=7"}],"version-history":[{"count":7,"href":"https:\/\/promociondeeventos.sld.cu\/psicosalud2020\/wp-json\/wp\/v2\/pages\/7\/revisions"}],"predecessor-version":[{"id":230,"href":"https:\/\/promociondeeventos.sld.cu\/psicosalud2020\/wp-json\/wp\/v2\/pages\/7\/revisions\/230"}],"wp:attachment":[{"href":"https:\/\/promociondeeventos.sld.cu\/psicosalud2020\/wp-json\/wp\/v2\/media?parent=7"}],"curies":[{"name":"wp","href":"https:\/\/api.w.org\/{rel}","templated":true}]}}