{"id":3,"date":"2019-11-14T15:57:10","date_gmt":"2019-11-14T15:57:10","guid":{"rendered":"http:\/\/promociondeeventos.sld.cu\/psicosalud2020\/?page_id=3"},"modified":"2022-04-26T13:22:39","modified_gmt":"2022-04-26T13:22:39","slug":"bienvenida","status":"publish","type":"page","link":"https:\/\/promociondeeventos.sld.cu\/psicosalud2020\/bienvenida\/","title":{"rendered":"Bienvenida"},"content":{"rendered":"<div class=\"txt-home\" style=\"text-align: justify;\">\n<table style=\"height: 34px;\" width=\"338\">\n<tbody>\n<tr>\n<td><a href=\"http:\/\/promociondeeventos.sld.cu\/psicosalud2020\/files\/2019\/11\/1.jpg\"><img decoding=\"async\" loading=\"lazy\" class=\"  wp-image-66 aligncenter\" src=\"http:\/\/promociondeeventos.sld.cu\/psicosalud2020\/files\/2019\/11\/1.jpg\" alt=\"Psicosalud 2017\" width=\"78\" height=\"59\" \/><\/a><\/td>\n<td><a href=\"http:\/\/promociondeeventos.sld.cu\/psicosalud2020\/files\/2019\/11\/2.jpg\"><img decoding=\"async\" loading=\"lazy\" class=\"  wp-image-67 aligncenter\" src=\"http:\/\/promociondeeventos.sld.cu\/psicosalud2020\/files\/2019\/11\/2.jpg\" alt=\"Psicosalud 2017\" width=\"77\" height=\"59\" \/><\/a><\/td>\n<td><a href=\"http:\/\/promociondeeventos.sld.cu\/psicosalud2020\/files\/2019\/11\/3.jpg\"><img decoding=\"async\" loading=\"lazy\" class=\"  wp-image-68 aligncenter\" src=\"http:\/\/promociondeeventos.sld.cu\/psicosalud2020\/files\/2019\/11\/3.jpg\" alt=\"Psicosalud 2017\" width=\"74\" height=\"56\" \/><\/a><\/td>\n<td><a href=\"http:\/\/promociondeeventos.sld.cu\/psicosalud2020\/files\/2019\/11\/4.jpg\"><img decoding=\"async\" loading=\"lazy\" class=\"  wp-image-69 aligncenter\" src=\"http:\/\/promociondeeventos.sld.cu\/psicosalud2020\/files\/2019\/11\/4.jpg\" alt=\"Psicosalud 2017\" width=\"77\" height=\"57\" \/><\/a><\/td>\n<td><a href=\"http:\/\/promociondeeventos.sld.cu\/psicosalud2020\/files\/2019\/11\/5.jpg\"><img decoding=\"async\" loading=\"lazy\" class=\"  wp-image-70 aligncenter\" src=\"http:\/\/promociondeeventos.sld.cu\/psicosalud2020\/files\/2019\/11\/5.jpg\" alt=\"Psicosalud 2017\" width=\"70\" height=\"53\" \/><\/a><\/td>\n<\/tr>\n<\/tbody>\n<\/table>\n<\/div>\n<div class=\"txt-home\" style=\"text-align: justify;\">Queridos amigos y colegas:<br \/>\nLa Junta de Gobierno de la Sociedad Cubana de Psicolog\u00eda de la Salud y el Grupo Nacional de Psicolog\u00eda del Ministerio de Salud P\u00fablica de la Rep\u00fablica de Cuba agradecen su inter\u00e9s por la web de la <strong>IX Conferencia Internacional de Psicolog\u00eda de la Salud<\/strong> (PSICOSALUD 2020), que se celebrar\u00e1 en el Palacio de Convenciones de La Habana del 19 al 23 de octubre de 2020.<\/div>\n<div class=\"txt-home\" style=\"text-align: justify;\"><\/div>\n<div class=\"txt-home\" style=\"text-align: justify;\">El sitio les ofrece informaci\u00f3n detallada de los diferentes aspectos relacionados con el m\u00e1s concurrido encuentro de los psic\u00f3logos de la salud del mundo y de otros profesionales que hacen significativas contribuciones al bienestar del ser humano, pues entre todos creamos un mundo mejor para el futuro.<\/div>\n<div class=\"txt-home\"><\/div>\n<h3 class=\"txt-home\" style=\"text-align: center;\"><strong>\u00a1Bienvenidos a la IX Conferencia Internacional de Psicolog\u00eda de la Salud!<\/strong><\/h3>\n<h3 class=\"txt-home\" style=\"text-align: center;\"><strong>\u00a1Los esperamos en 2020 en La Habana, Cuba!<\/strong><\/h3>\n<table class=\" aligncenter\" style=\"height: 34px;\" width=\"66\">\n<tbody>\n<tr>\n<td><a href=\"http:\/\/promociondeeventos.sld.cu\/psicosalud2020fr\/\" target=\"_blank\"><img decoding=\"async\" loading=\"lazy\" class=\"  wp-image-183 alignnone\" src=\"http:\/\/promociondeeventos.sld.cu\/psicosalud2020\/files\/2019\/11\/4b84e0_francia3.gif\" alt=\"4b84e0_francia3\" width=\"34\" height=\"24\" \/><\/a><\/td>\n<td><a href=\"http:\/\/promociondeeventos.sld.cu\/psicosalud2020en\" target=\"_blank\"><img decoding=\"async\" loading=\"lazy\" class=\"  wp-image-180 alignnone\" src=\"http:\/\/promociondeeventos.sld.cu\/psicosalud2020\/files\/2019\/11\/bandera_inglaterra.gif\" alt=\"bandera_inglaterra\" width=\"33\" height=\"23\" \/><\/a><\/td>\n<\/tr>\n<\/tbody>\n<\/table>\n<p>&nbsp;<\/p>\n<p>&nbsp;<\/p>\n","protected":false},"excerpt":{"rendered":"<p>Queridos amigos y colegas: La Junta de Gobierno de la Sociedad Cubana de Psicolog\u00eda de la Salud y el Grupo Nacional de Psicolog\u00eda del Ministerio de Salud P\u00fablica de la Rep\u00fablica de Cuba agradecen su inter\u00e9s por la web de la IX Conferencia Internacional de Psicolog\u00eda de la Salud (PSICOSALUD 2020), que se celebrar\u00e1 en [&hellip;]<\/p>\n","protected":false},"author":3262,"featured_media":0,"parent":0,"menu_order":0,"comment_status":"closed","ping_status":"open","template":"","meta":[],"_links":{"self":[{"href":"https:\/\/promociondeeventos.sld.cu\/psicosalud2020\/wp-json\/wp\/v2\/pages\/3"}],"collection":[{"href":"https:\/\/promociondeeventos.sld.cu\/psicosalud2020\/wp-json\/wp\/v2\/pages"}],"about":[{"href":"https:\/\/promociondeeventos.sld.cu\/psicosalud2020\/wp-json\/wp\/v2\/types\/page"}],"author":[{"embeddable":true,"href":"https:\/\/promociondeeventos.sld.cu\/psicosalud2020\/wp-json\/wp\/v2\/users\/3262"}],"replies":[{"embeddable":true,"href":"https:\/\/promociondeeventos.sld.cu\/psicosalud2020\/wp-json\/wp\/v2\/comments?post=3"}],"version-history":[{"count":27,"href":"https:\/\/promociondeeventos.sld.cu\/psicosalud2020\/wp-json\/wp\/v2\/pages\/3\/revisions"}],"predecessor-version":[{"id":225,"href":"https:\/\/promociondeeventos.sld.cu\/psicosalud2020\/wp-json\/wp\/v2\/pages\/3\/revisions\/225"}],"wp:attachment":[{"href":"https:\/\/promociondeeventos.sld.cu\/psicosalud2020\/wp-json\/wp\/v2\/media?parent=3"}],"curies":[{"name":"wp","href":"https:\/\/api.w.org\/{rel}","templated":true}]}}