{"id":25,"date":"2009-01-13T15:05:21","date_gmt":"2009-01-13T15:05:21","guid":{"rendered":"http:\/\/promociondeeventos.sld.cu\/psicohabana2010\/"},"modified":"2010-10-26T15:28:06","modified_gmt":"2010-10-26T13:28:06","slug":"organiza","status":"publish","type":"page","link":"https:\/\/promociondeeventos.sld.cu\/psicohabana2010\/organiza\/","title":{"rendered":"Organizan y Auspician"},"content":{"rendered":"<h1>ORGANIZAN<\/h1>\n<h2>Hospital Psiqui\u00e1trico de La Habana Cdte. Dr. Eduardo Bernab\u00e9 Ordaz Ducung\u00e9<\/h2>\n<h2>Sociedad Cubana de Psiquiatr\u00eda<\/h2>\n<h2>Colegio Cubano de Neuropsicofarmacolog\u00eda (CCuNP)<\/h2>\n<h2>Asociaci\u00f3n Franco-Cubana de Psiquiatr\u00eda y Psicolog\u00eda<\/h2>\n<h2>Palacio de las Convenciones de La Habana<\/h2>\n<h2>Agencia de Viajes CUBANACAN S.A<\/h2>\n<h1>AUSPICIAN<\/h1>\n<h2>Ministerio de Salud P\u00fablica de la Rep\u00fablica de Cuba<\/h2>\n<h2>Consejo de Sociedades Cient\u00edficas del Ministerio de Salud P\u00fablica de Cuba<\/h2>\n<h2>Organizaci\u00f3n Mundial de la\u00a0Psiquiatr\u00eda (WPA)<\/h2>\n<h2>Sociedad Cubana de Enfermer\u00eda (SOCUENF)<\/h2>\n<h2>Cooperativa de Salud Mental Buenos Aires (ATICO)<\/h2>\n<h2>Grupo Operativo de Salud Mental y Adicciones (GOSMA)<\/h2>\n<h2>\u00a0Sociedad Cubana de Psicolog\u00eda<\/h2>\n","protected":false},"excerpt":{"rendered":"<p>ORGANIZAN Hospital Psiqui\u00e1trico de La Habana Cdte. Dr. Eduardo Bernab\u00e9 Ordaz Ducung\u00e9 Sociedad Cubana de Psiquiatr\u00eda Colegio Cubano de Neuropsicofarmacolog\u00eda (CCuNP) Asociaci\u00f3n Franco-Cubana de Psiquiatr\u00eda y Psicolog\u00eda Palacio de las Convenciones de La Habana Agencia de Viajes CUBANACAN S.A AUSPICIAN Ministerio de Salud P\u00fablica de la Rep\u00fablica de Cuba Consejo de Sociedades Cient\u00edficas del Ministerio [&hellip;]<\/p>\n","protected":false},"author":31,"featured_media":0,"parent":0,"menu_order":2,"comment_status":"open","ping_status":"open","template":"","meta":[],"_links":{"self":[{"href":"https:\/\/promociondeeventos.sld.cu\/psicohabana2010\/wp-json\/wp\/v2\/pages\/25"}],"collection":[{"href":"https:\/\/promociondeeventos.sld.cu\/psicohabana2010\/wp-json\/wp\/v2\/pages"}],"about":[{"href":"https:\/\/promociondeeventos.sld.cu\/psicohabana2010\/wp-json\/wp\/v2\/types\/page"}],"author":[{"embeddable":true,"href":"https:\/\/promociondeeventos.sld.cu\/psicohabana2010\/wp-json\/wp\/v2\/users\/31"}],"replies":[{"embeddable":true,"href":"https:\/\/promociondeeventos.sld.cu\/psicohabana2010\/wp-json\/wp\/v2\/comments?post=25"}],"version-history":[{"count":10,"href":"https:\/\/promociondeeventos.sld.cu\/psicohabana2010\/wp-json\/wp\/v2\/pages\/25\/revisions"}],"predecessor-version":[{"id":55,"href":"https:\/\/promociondeeventos.sld.cu\/psicohabana2010\/wp-json\/wp\/v2\/pages\/25\/revisions\/55"}],"wp:attachment":[{"href":"https:\/\/promociondeeventos.sld.cu\/psicohabana2010\/wp-json\/wp\/v2\/media?parent=25"}],"curies":[{"name":"wp","href":"https:\/\/api.w.org\/{rel}","templated":true}]}}