{"id":19,"date":"2009-01-12T20:00:34","date_gmt":"2009-01-12T20:00:34","guid":{"rendered":"http:\/\/promociondeeventos.sld.cu\/psicohabana2010\/"},"modified":"2010-12-11T18:01:26","modified_gmt":"2010-12-11T17:01:26","slug":"programa-cientifico","status":"publish","type":"page","link":"https:\/\/promociondeeventos.sld.cu\/psicohabana2010\/programa-cientifico\/","title":{"rendered":"Normas para autores"},"content":{"rendered":"<p>Comprende conferencias magistrales que ser\u00e1n impartidas por personalidades de reconocido prestigio internacional, conferencias especiales, mesas redondas, talleres, simposios y la presentaci\u00f3n de temas libres est\u00e1ticos (p\u00f3ster o carteles) y din\u00e1micos (videos y temas libres).<\/p>\n<p align=\"justify\">Prestigiosos profesores impartir\u00e1n cursos pre\u00e2\u20ac\u201cconferencia, los\u00a0cuales se dar\u00e1n a conocer en una edici\u00f3n posterior.<\/p>\n<p align=\"justify\">MODALIDADES DEL\u00a0 PROGRAMA\u00a0CIENT\u00c3\u008dFICO<\/p>\n<table border=\"0\" cellspacing=\"0\" cellpadding=\"0\">\n<tbody>\n<tr>\n<td width=\"225\" valign=\"top\">\n<p align=\"left\">Modalidad<\/p>\n<\/td>\n<td width=\"132\" valign=\"top\">Tiempo<\/td>\n<\/tr>\n<tr>\n<td width=\"225\" valign=\"top\">Conferencias<\/td>\n<td width=\"132\" valign=\"top\">30 minutos<\/td>\n<\/tr>\n<tr>\n<td width=\"225\" valign=\"top\">Mesas Redondas<\/td>\n<td width=\"132\" valign=\"top\">60 minutos<\/td>\n<\/tr>\n<tr>\n<td width=\"225\" valign=\"top\">Simposios<\/td>\n<td width=\"132\" valign=\"top\">120 minutos<\/td>\n<\/tr>\n<tr>\n<td width=\"225\" valign=\"top\">Talleres<\/td>\n<td width=\"132\" valign=\"top\">240 minutos<\/td>\n<\/tr>\n<tr>\n<td width=\"225\" valign=\"top\">Temas Libres:<\/td>\n<td width=\"132\" valign=\"top\">\u00a0<\/td>\n<\/tr>\n<tr>\n<td width=\"225\" valign=\"top\">Cartel o P\u00f3ster<\/td>\n<td width=\"132\" valign=\"top\">15 minutos<\/td>\n<\/tr>\n<tr>\n<td width=\"225\" valign=\"top\">Videos<\/td>\n<td width=\"132\" valign=\"top\">15 minutos<\/td>\n<\/tr>\n<\/tbody>\n<\/table>\n<p align=\"justify\">\n<p align=\"justify\"><strong>TEMAS LIBRES EN CARTELES Y POSTERS <\/strong><\/p>\n<p align=\"justify\">Se organizar\u00e1n siguiendo el formato: <strong>introducci\u00f3n, m\u00e9todos, resultados, discusi\u00f3n y conclusiones<\/strong>. El tama\u00f1o ser\u00e1 de 82 cm de ancho (horizontal) y 120 cm de largo (vertical). Los trabajos presentados deber\u00e1n ser originales, sin que hayan sido presentados en ediciones anteriores del congreso.<\/p>\n<p align=\"justify\">Cada\u00a0trabajo tendr\u00e1 asignado dentro del programa cient\u00edfico el d\u00eda y la hora de su presentaci\u00f3n. El autor estar\u00e1 presente a la hora se\u00f1alada para responder posibles preguntas.<\/p>\n<p align=\"justify\">Los trabajos presentados en p\u00f3ster tendr\u00e1n car\u00e1cter competitivo, otorg\u00e1ndose por parte del Comit\u00e9 Cient\u00edfico un <strong>gran premio y dos menciones.<\/strong><\/p>\n<p align=\"justify\"><strong>TEMAS LIBRES EN VIDEO<\/strong><\/p>\n<p align=\"justify\">Tendr\u00e1n una duraci\u00f3n de 15 minutos; adicionalmente dispondr\u00e1n de\u00a05\u00a0minutos para preguntas y respuestas. Ser\u00e1n presentados en formato VHS norma NTSC 3,58 (\u00fanica norma), DVD, VCD.<\/p>\n<p align=\"justify\"><strong>REQUISITOS PARA EL ENV\u00c3\u008dO DE RESUMENES <\/strong><\/p>\n<p align=\"justify\">Debe consignarse un encabezamiento que incluya: <strong>t\u00edtulo, nombres y apellidos del autor (es), nombre del ponente, instituci\u00f3n, direcci\u00f3n de la instituci\u00f3n, tel\u00e9fono, fax, e-mail, pa\u00eds, tem\u00e1tica en la que se propone la inclusi\u00f3n del trabajo y modalidad de presentaci\u00f3n<\/strong>. En el caso de las presentaciones en conferencias, talleres o mesas redondas deber\u00e1 especificarse los medios audiovisuales a utilizar en la misma. Cada resumen estructurado tendr\u00e1 una extensi\u00f3n m\u00e1xima de 250 palabras y debe incluir: <strong>introducci\u00f3n, objetivos, m\u00e9todos, resultados y conclusiones<\/strong>.<\/p>\n<p align=\"justify\">Estos deben ser enviados en formato electr\u00f3nico como archivo de procesador de textos Word 6.0 o superior, en letra Arial 12, a dos espacios, anexado a un email a:\u00a0 <span style=\"text-decoration: underline\">psicohabana2010@infomed.sld.cu <\/span><br \/>\nLa fecha l\u00edmite para la entrega de los res\u00famenes es <strong>15 de enero de 2011.<\/strong><\/p>\n<p align=\"justify\"><strong>REQUISITOS PARA EL ENV\u00c3\u008dO DE TRABAJOS COMPLETOS<\/strong><\/p>\n<p align=\"justify\">El Comit\u00e9 Cient\u00edfico analizar\u00e1 los res\u00famenes presentados y notificar\u00e1 al\u00a0autor sobre su aprobaci\u00f3n; de ser aceptado para\u00a0 su inclusi\u00f3n en el\u00a0programa cient\u00edfico, le solicitar\u00e1 el env\u00edo del trabajo seg\u00fan las normas que se especifican, y ser\u00e1n publicados en las Memorias de la Conferencia.<\/p>\n<p align=\"justify\"><strong>NORMAS PARA LA PRESENTACION DE LOS TRABAJOS<\/strong><\/p>\n<p align=\"justify\">Los trabajos tendr\u00e1n ocho cuartillas como m\u00e1ximo y estar\u00e1n estructurados de la siguiente forma: resumen, introducci\u00f3n, objetivos,\u00a0materiales y\u00a0 m\u00e9todos, resultados, discusi\u00f3n, conclusiones y\u00a0referencias bibliogr\u00e1ficas.<\/p>\n<ul>\n<li>El texto se escribir\u00e1 en hojas tipo carta (8,5 x 11), a espacio y\u00a0medio entre l\u00edneas, en fuente Arial (12 puntos) en sistema Word\u00a06.0 (Microsoft) o\u00a0superior, o en formato PDF de Adobe Acrobat con las siguientes especificaciones:<\/li>\n<li>El t\u00edtulo se pondr\u00e1 en el centro en may\u00fascula y negrita, con no m\u00e1s de 15 palabras.<\/li>\n<li>Los nombres de los autores se escribir\u00e1n a tres espacios del t\u00edtulo, con las iniciales del nombre, seguida de los apellidos, separados por comas y subrayando el nombre y apellido de quien har\u00e1 la presentaci\u00f3n.<\/li>\n<li>A continuaci\u00f3n se identificar\u00e1 la(s) instituci\u00f3n(es) de procedencia de la siguiente forma: nombre de la instituci\u00f3n, direcci\u00f3n postal, ciudad y pa\u00eds. Deber\u00e1 agregar a continuaci\u00f3n n\u00famero de tel\u00e9fono, fax y\u00a0direcci\u00f3n electr\u00f3nica.<\/li>\n<li>Las im\u00e1genes, tablas y \/ o gr\u00e1ficos deber\u00e1n formar parte tambi\u00e9n del documento de Word o PDF. El documento no exceder\u00e1 de\u00a01\u00a0mega bites de tama\u00f1o. En caso de que sea mayor de\u00a0300\u00a0kbytes, debe ser compactado en formato multivolumen con tama\u00f1o m\u00e1ximo de 300\u00a0kbytes cada volumen.<\/li>\n<li>Si no est\u00e1 escrito con las especificaciones dadas, ser\u00e1 rechazado.<\/li>\n<\/ul>\n<p align=\"center\"><strong>FECHA DE RECEPCI\u00d3N DE LOS TRABAJOS<\/strong><\/p>\n<p align=\"center\"><strong>DEL 15 DE ENERO DEL 2010, AL 15 DE ENERO DEL 2011<\/strong><\/p>\n<h4><strong>MEDIOS AUDIOVISUALES PARA LAS PRESENTACIONES EN SALAS<\/strong><\/h4>\n<ul>\n<li>Proyector de datos y videos<\/li>\n<li>Computadora<\/li>\n<li>Reproductores VHS<\/li>\n<\/ul>\n<p align=\"justify\">Los medios audiovisuales que se requieren para las presentaciones, deber\u00e1n ser informados con antelaci\u00f3n al Comit\u00e9 Cient\u00edfico.<\/p>\n<p align=\"justify\">Los CDs, DVDs y\u00a0 unidades de almacenamiento masivo, que acompa\u00f1en los trabajos ser\u00e1n entregadas por los propios ponentes en la Oficina de Recepci\u00f3n de Medios Audiovisuales, que se habilitar\u00e1 en el Palacio de Convenciones, con 24 horas de antelaci\u00f3n a su presentaci\u00f3n en la sala.<\/p>\n<p align=\"justify\"><strong>Las presentaciones digitales deben ajustarse a los siguientes requisitos:<\/strong><\/p>\n<ul>\n<li>Sistemas operativos sobre Windows<\/li>\n<li>Presentaciones en Power Point<\/li>\n<li>Presentaciones en CD, DVD, unidades de almacenamiento masivo.<\/li>\n<li>Presentaciones compactadas con las siguientes aplicaciones:\n<ul>\n<li>WinZip versi\u00f3n 8,0 (o inferior)<\/li>\n<li>Winrar versi\u00f3n 2,5 (o inferior)<\/li>\n<li>Arj<\/li>\n<\/ul>\n<\/li>\n<li>Presentaci\u00f3n de im\u00e1genes de dise\u00f1o en Corel 9 \u00f3 10.<\/li>\n<\/ul>\n<p align=\"justify\">Las aplicaciones que necesiten programas asociados deben venir con las instalaciones de los mismos (Quicktime, Adobe Acrobat, etc\u00e9tera).<\/p>\n<h4><strong>INVITACIONES<\/strong><\/h4>\n<p align=\"justify\">Los participantes que requieran una Carta de Invitaci\u00f3n para participar en la Conferencia, a fin de realizar los tr\u00e1mites de viaje correspondientes, podr\u00e1n solicitarla al Comit\u00e9 Organizador al e-mail: <a href=\"mailto:psicohabana2010@infomed.sld.cu\">psicohabana2010@infomed.sld.cu<\/a><\/p>\n","protected":false},"excerpt":{"rendered":"<p>Comprende conferencias magistrales que ser\u00e1n impartidas por personalidades de reconocido prestigio internacional, conferencias especiales, mesas redondas, talleres, simposios y la presentaci\u00f3n de temas libres est\u00e1ticos (p\u00f3ster o carteles) y din\u00e1micos (videos y temas libres). Prestigiosos profesores impartir\u00e1n cursos pre\u00e2\u20ac\u201cconferencia, los\u00a0cuales se dar\u00e1n a conocer en una edici\u00f3n posterior. MODALIDADES DEL\u00a0 PROGRAMA\u00a0CIENT\u00c3\u008dFICO Modalidad Tiempo Conferencias 30 [&hellip;]<\/p>\n","protected":false},"author":31,"featured_media":0,"parent":0,"menu_order":8,"comment_status":"open","ping_status":"open","template":"","meta":[],"_links":{"self":[{"href":"https:\/\/promociondeeventos.sld.cu\/psicohabana2010\/wp-json\/wp\/v2\/pages\/19"}],"collection":[{"href":"https:\/\/promociondeeventos.sld.cu\/psicohabana2010\/wp-json\/wp\/v2\/pages"}],"about":[{"href":"https:\/\/promociondeeventos.sld.cu\/psicohabana2010\/wp-json\/wp\/v2\/types\/page"}],"author":[{"embeddable":true,"href":"https:\/\/promociondeeventos.sld.cu\/psicohabana2010\/wp-json\/wp\/v2\/users\/31"}],"replies":[{"embeddable":true,"href":"https:\/\/promociondeeventos.sld.cu\/psicohabana2010\/wp-json\/wp\/v2\/comments?post=19"}],"version-history":[{"count":6,"href":"https:\/\/promociondeeventos.sld.cu\/psicohabana2010\/wp-json\/wp\/v2\/pages\/19\/revisions"}],"predecessor-version":[{"id":85,"href":"https:\/\/promociondeeventos.sld.cu\/psicohabana2010\/wp-json\/wp\/v2\/pages\/19\/revisions\/85"}],"wp:attachment":[{"href":"https:\/\/promociondeeventos.sld.cu\/psicohabana2010\/wp-json\/wp\/v2\/media?parent=19"}],"curies":[{"name":"wp","href":"https:\/\/api.w.org\/{rel}","templated":true}]}}