{"id":17,"date":"2009-01-12T19:42:50","date_gmt":"2009-01-12T19:42:50","guid":{"rendered":"http:\/\/promociondeeventos.sld.cu\/psicohabana2010\/"},"modified":"2010-07-16T15:44:17","modified_gmt":"2010-07-16T13:44:17","slug":"tematicas","status":"publish","type":"page","link":"https:\/\/promociondeeventos.sld.cu\/psicohabana2010\/tematicas\/","title":{"rendered":"Tem\u00e1ticas"},"content":{"rendered":"<h2>PERFIL DE LOS PARTICIPANTES<\/h2>\n<p align=\"center\"><span style=\"font-family: Arial\">Podr\u00e1n participar psiquiatras, psic\u00f3logos,\u00a0 trabajadores sociales, psicometristas, enfermeros,<br \/>\ntecn\u00f3logos de la salud y todas las especialidades afines al equipo de salud mental.<\/span><\/p>\n<h4>Fecha de recepci\u00f3n de Res\u00famenes<\/h4>\n<p>Hasta el \u00a015 de Enero del 2011<\/p>\n<p><strong>TEM\u00c1TICAS GENERALES<\/strong><\/p>\n<p><strong>Psiquiatr\u00eda y Psicolog\u00eda Clinica<\/strong><\/p>\n<p><strong>Clasificaci\u00f3n Psiqui\u00e1trica<\/strong><\/p>\n<p><strong>Psiquiatr\u00eda y Psicolog\u00eda Forense<\/strong><\/p>\n<p><strong>Aspectos Biol\u00f3gicos y Farmacoterap\u00e9uticos de los Trastornos Mentales<\/strong><\/p>\n<p><strong>Rehabilitaci\u00f3n del Paciente Psiqui\u00e1trico<\/strong><\/p>\n<p><strong>Adicciones<\/strong><\/p>\n<p><strong>Equipo de Salud mental<\/strong><\/p>\n<p><strong>Enfermeria<\/strong><\/p>\n<p><strong>Trabajo social<\/strong><\/p>\n<p><strong>Psicoballet<\/strong><strong><br \/>\n<\/strong><strong><br \/>\n<strong>Psiquiatr\u00eda de enlace<\/strong><\/strong><\/p>\n<p><strong>Inform\u00e1tica en la Salud<\/strong><\/p>\n<p><strong>Enfermedades Cl\u00ednicas Generales en\u00a0 pacientes con trastorno mental<\/strong><\/p>\n<p><strong>Psicoterapia<\/strong><\/p>\n<p><strong>Sexualidad y Salud Mental<\/strong><\/p>\n<p align=\"center\"><strong>IDIOMAS OFICIALES<\/strong><\/p>\n<ul>\n<li>Los idiomas oficiales ser\u00e1n el espa\u00f1ol y el ingl\u00e9s.<\/li>\n<li>El servicio de traducci\u00f3n simult\u00e1nea espa\u00f1ol \u00e2\u20ac\u201c ingl\u00e9s, ingl\u00e9s \u00e2\u20ac\u201c espa\u00f1ol se ofrecer\u00e1 en las sesiones de inauguraci\u00f3n, clausura y en las de trabajo que decida el Comit\u00e9 Cient\u00edfico.<\/li>\n<\/ul>\n","protected":false},"excerpt":{"rendered":"<p>PERFIL DE LOS PARTICIPANTES Podr\u00e1n participar psiquiatras, psic\u00f3logos,\u00a0 trabajadores sociales, psicometristas, enfermeros, tecn\u00f3logos de la salud y todas las especialidades afines al equipo de salud mental. Fecha de recepci\u00f3n de Res\u00famenes Hasta el \u00a015 de Enero del 2011 TEM\u00c1TICAS GENERALES Psiquiatr\u00eda y Psicolog\u00eda Clinica Clasificaci\u00f3n Psiqui\u00e1trica Psiquiatr\u00eda y Psicolog\u00eda Forense Aspectos Biol\u00f3gicos y Farmacoterap\u00e9uticos de [&hellip;]<\/p>\n","protected":false},"author":31,"featured_media":0,"parent":0,"menu_order":6,"comment_status":"open","ping_status":"open","template":"","meta":[],"_links":{"self":[{"href":"https:\/\/promociondeeventos.sld.cu\/psicohabana2010\/wp-json\/wp\/v2\/pages\/17"}],"collection":[{"href":"https:\/\/promociondeeventos.sld.cu\/psicohabana2010\/wp-json\/wp\/v2\/pages"}],"about":[{"href":"https:\/\/promociondeeventos.sld.cu\/psicohabana2010\/wp-json\/wp\/v2\/types\/page"}],"author":[{"embeddable":true,"href":"https:\/\/promociondeeventos.sld.cu\/psicohabana2010\/wp-json\/wp\/v2\/users\/31"}],"replies":[{"embeddable":true,"href":"https:\/\/promociondeeventos.sld.cu\/psicohabana2010\/wp-json\/wp\/v2\/comments?post=17"}],"version-history":[{"count":9,"href":"https:\/\/promociondeeventos.sld.cu\/psicohabana2010\/wp-json\/wp\/v2\/pages\/17\/revisions"}],"predecessor-version":[{"id":49,"href":"https:\/\/promociondeeventos.sld.cu\/psicohabana2010\/wp-json\/wp\/v2\/pages\/17\/revisions\/49"}],"wp:attachment":[{"href":"https:\/\/promociondeeventos.sld.cu\/psicohabana2010\/wp-json\/wp\/v2\/media?parent=17"}],"curies":[{"name":"wp","href":"https:\/\/api.w.org\/{rel}","templated":true}]}}