{"id":166,"date":"2010-07-16T15:57:46","date_gmt":"2010-07-16T13:57:46","guid":{"rendered":"http:\/\/promociondeeventos.sld.cu\/psicohabana2010\/?page_id=166"},"modified":"2011-03-06T00:35:33","modified_gmt":"2011-03-05T23:35:33","slug":"cursos-precongresos","status":"publish","type":"page","link":"https:\/\/promociondeeventos.sld.cu\/psicohabana2010\/cursos-precongresos\/","title":{"rendered":"Cursos Precongresos"},"content":{"rendered":"<table border=\"1\" cellspacing=\"0\" cellpadding=\"0\" width=\"101%\">\n<tbody>\n<tr>\n<td width=\"100%\" valign=\"top\"><strong>PSICOHABANA2011<\/strong><\/td>\n<\/tr>\n<tr>\n<td width=\"100%\" valign=\"top\"><strong>Cursos PRE-CONGRESOS \u00a0LUNES 7<\/strong><\/td>\n<\/tr>\n<tr>\n<td width=\"100%\" valign=\"top\">.<\/td>\n<\/tr>\n<tr>\n<td width=\"100%\" valign=\"top\">1.- Epilepsia del l\u00f3bulo temporal.<\/td>\n<\/tr>\n<tr>\n<td width=\"100%\" valign=\"top\">Profesor: Dr. Juan Enrique Bender del Busto. (Cuba)<\/td>\n<\/tr>\n<tr>\n<td width=\"100%\" valign=\"top\">Tiempo: 8 horas\u00a0\u00a0\u00a0\u00a0\u00a0\u00a0 Cursistas: 40<\/td>\n<\/tr>\n<tr>\n<td width=\"100%\" valign=\"top\">SEDE:\u00a0Linea e I Vedado\u00a0 Hora: 8:30 a.m.<\/td>\n<\/tr>\n<tr>\n<td width=\"100%\" valign=\"top\">.<\/td>\n<\/tr>\n<tr>\n<td width=\"100%\" valign=\"top\">2.- Bipolaridad: Novedades en el Tratamiento.<\/td>\n<\/tr>\n<tr>\n<td width=\"100%\" valign=\"top\">Profesor: Dr. Antonio Jes\u00fas Caballero Moreno y Dr. Jos\u00e9 P\u00e9rez Mil\u00e1n\u00a0 (Cuba)<\/td>\n<\/tr>\n<tr>\n<td width=\"100%\" valign=\"top\">Tiempo: 8 horas\u00a0\u00a0\u00a0\u00a0\u00a0\u00a0\u00a0 Cursistas: 40<\/td>\n<\/tr>\n<tr>\n<td width=\"100%\" valign=\"top\">SEDE: Astra Zeneca (Calle 4 y Ave 7ma# 715 Miramar. Playa)<\/td>\n<\/tr>\n<tr>\n<td width=\"100%\" valign=\"top\">.<\/td>\n<\/tr>\n<tr>\n<td width=\"100%\" valign=\"top\">3.- Salud Mental en situaciones de emergencias y desastres.<\/td>\n<\/tr>\n<tr>\n<td width=\"100%\" valign=\"top\"><em>Profesor: Ren\u00e9 Esteban Ventura Vel\u00e1zquez\u00a0\u00a0\u00a0 (Cuba)<\/em><em>\u00a0\u00a0\u00a0\u00a0\u00a0\u00a0\u00a0\u00a0\u00a0\u00a0\u00a0\u00a0\u00a0 Alexis Lorenzo<\/em><\/p>\n<p><em>\u00a0\u00a0\u00a0\u00a0\u00a0\u00a0\u00a0\u00a0\u00a0\u00a0\u00a0\u00a0\u00a0 Cristobal Mart\u00ednez<\/em><\/p>\n<p><em>\u00a0\u00a0\u00a0\u00a0\u00a0\u00a0\u00a0\u00a0\u00a0\u00a0\u00a0\u00a0\u00a0 Isis Ivon S\u00e1nchez Gil<\/em><\/td>\n<\/tr>\n<tr>\n<td width=\"100%\" valign=\"top\">Tiempo: 8 horas\u00a0\u00a0\u00a0\u00a0\u00a0\u00a0\u00a0\u00a0\u00a0\u00a0\u00a0\u00a0\u00a0\u00a0\u00a0 Cursistas: 25<\/td>\n<\/tr>\n<tr>\n<td width=\"100%\" valign=\"top\">SEDE: CLAMED (Calle 18 No. 710 e\/ 29 y 7ma. Miramar, Ciudad de La Habana,)<\/td>\n<\/tr>\n<tr>\n<td width=\"100%\" valign=\"top\">.<\/td>\n<\/tr>\n<tr>\n<td width=\"100%\" valign=\"top\">4.- Psicoterapia breve de fundamento psicoanal\u00edtico<\/td>\n<\/tr>\n<tr>\n<td width=\"100%\" valign=\"top\">Profesora: Alfredo Carlos Grande Glade\u00a0\u00a0\u00a0 (Argentina)<\/td>\n<\/tr>\n<tr>\n<td width=\"100%\" valign=\"top\">Tiempo: 8 horas\u00a0\u00a0\u00a0\u00a0\u00a0\u00a0\u00a0\u00a0\u00a0\u00a0\u00a0\u00a0\u00a0\u00a0\u00a0 Cursistas: 50<\/td>\n<\/tr>\n<tr>\n<td width=\"100%\" valign=\"top\">SEDE: Memorial Jos\u00e9 Mart\u00ed (Plaza de la Revoluci\u00f3n)<\/td>\n<\/tr>\n<tr>\n<td width=\"100%\" valign=\"top\">.<\/td>\n<\/tr>\n<tr>\n<td width=\"100%\" valign=\"top\">5.- Abordaje Integral del Trastorno Obsesivo Compulsivo<\/td>\n<\/tr>\n<tr>\n<td width=\"100%\" valign=\"top\">Profesor: Dr. Eugenio Urrutia Zerquera\u00a0\u00a0 (Cuba)<\/td>\n<\/tr>\n<tr>\n<td width=\"100%\" valign=\"top\">Tiempo: 4 horas\u00a0\u00a0\u00a0\u00a0\u00a0\u00a0\u00a0\u00a0\u00a0\u00a0\u00a0\u00a0 Cursistas: 20<\/td>\n<\/tr>\n<tr>\n<td width=\"100%\" valign=\"top\">SEDE: Hospital Cl\u00ednico Quir\u00fargica\u00a0 Hermanos Amejeiras. (San L\u00e1zaro n\u00famero 701 entre M\u00e1rquez. Gonz\u00e1lez y Belascoa\u00edn, Centro Habana.)<\/td>\n<\/tr>\n<tr>\n<td width=\"100%\" valign=\"top\">.<\/td>\n<\/tr>\n<tr>\n<td width=\"100%\" valign=\"top\">6.- Aspectos biol\u00f3gicos y estrategias a seguir de la terap\u00e9utica en el PERIODO GRAVIDO-PUERPERAL\u00a0<\/td>\n<\/tr>\n<tr>\n<td width=\"100%\" valign=\"top\">Profesor: Dr. Mario Su\u00e1rez Mar\u00edn\u00a0\u00a0 (Cuba)<\/td>\n<\/tr>\n<tr>\n<td width=\"100%\" valign=\"top\">Tiempo:\u00a0\u00a0 4 horas.\u00a0\u00a0\u00a0\u00a0\u00a0\u00a0 Cursistas: 30<\/td>\n<\/tr>\n<tr>\n<td width=\"100%\" valign=\"top\">SEDE: Gali Garc\u00eda. Hospital nacional.<\/td>\n<\/tr>\n<tr>\n<td width=\"100%\" valign=\"top\">.<\/td>\n<\/tr>\n<tr>\n<td width=\"100%\" valign=\"top\">7.- Diagnostico integral personalizado. Discusi\u00f3n de base v\u00eddeo sobre La vida Del Caballero de Paris.<\/td>\n<\/tr>\n<tr>\n<td width=\"100%\" valign=\"top\">Profesores: Dr. \u00c1ngel Otero y Dr. Luis Calzadilla\u00a0 (Cuba)<\/td>\n<\/tr>\n<tr>\n<td width=\"100%\" valign=\"top\">Tiempo: 4 horas\u00a0\u00a0\u00a0 Cursistas: 20<\/td>\n<\/tr>\n<tr>\n<td width=\"100%\" valign=\"top\">SEDE: Hospital Psiqui\u00e1trico\u00a0 de La Habana (Ave Independencia, No. 26520 Mazorra Boyeros)<\/td>\n<\/tr>\n<tr>\n<td width=\"100%\" valign=\"top\">\u00a0<\/td>\n<\/tr>\n<tr>\n<td width=\"100%\" valign=\"top\">8.- Los antidepresivos en el siglo XXI. Retos y conflictos.<\/td>\n<\/tr>\n<tr>\n<td width=\"100%\" valign=\"top\">Profesor:\u00a0 Dr. Ignacio Zarragoitia Alonso\u00a0\u00a0 (Cuba)<\/td>\n<\/tr>\n<tr>\n<td width=\"100%\" valign=\"top\">Tiempo: 8 horas\u00a0\u00a0\u00a0\u00a0\u00a0\u00a0\u00a0\u00a0\u00a0\u00a0\u00a0 Cursistas: 20<\/td>\n<\/tr>\n<tr>\n<td width=\"100%\" valign=\"top\">SEDE: Hospital Hermanos Amejeiras. (San L\u00e1zaro n\u00famero 701 entre M\u00e1rquez. Gonz\u00e1lez y Belascoa\u00edn, Centro Habana.)<\/td>\n<\/tr>\n<tr>\n<td width=\"100%\" valign=\"top\"><strong>.<\/strong><\/td>\n<\/tr>\n<tr>\n<td width=\"100%\" valign=\"top\">9.- Seguridad y Costo de los Psicof\u00e1rmacos.<\/td>\n<\/tr>\n<tr>\n<td width=\"100%\" valign=\"top\">Profesoras:\u00a0Dra. Giset Jim\u00e9nez L\u00f3pez, Dra. Ismary Alfonso Orta y MsC Cristina Lara Bastansuri\u00a0\u00a0 (Cuba)<\/td>\n<\/tr>\n<tr>\n<td width=\"100%\" valign=\"top\">Tiempo: 8 horas\u00a0\u00a0\u00a0\u00a0\u00a0\u00a0\u00a0\u00a0\u00a0\u00a0\u00a0 Cursistas: 20\u00a0\u00a0\u00a0\u00a0\u00a0\u00a0<\/td>\n<\/tr>\n<tr>\n<td width=\"100%\" valign=\"top\">SEDE: NOVARTIS (21 y A, Vedado).<\/td>\n<\/tr>\n<tr>\n<td width=\"100%\" valign=\"top\">10.- TDAH A LO LARGO DE LA VIDA\u00a0<\/td>\n<\/tr>\n<tr>\n<td width=\"100%\" valign=\"top\">Profesor: Minervina Roman\u00a0\u00a0 (Cuba)<\/td>\n<\/tr>\n<tr>\n<td width=\"100%\" valign=\"top\">Tiempo: 4 horas\u00a0\u00a0\u00a0\u00a0\u00a0\u00a0\u00a0 Cursistas:25\u00a0\u00a0\u00a0\u00a0\u00a0<\/td>\n<\/tr>\n<tr>\n<td width=\"100%\" valign=\"top\">SEDE: Laboratorios \u00a0Bago\u00a0\u00a0 (22 y 5ta ave Miramar)\u00a0\u00a0\u00a0<\/td>\n<\/tr>\n<tr>\n<td width=\"100%\" valign=\"top\"><strong>.<\/strong><\/td>\n<\/tr>\n<tr>\n<td width=\"100%\" valign=\"top\"><strong>Cursos PRE-CONGRESOS\u00a0 Martes 8<\/strong><\/td>\n<\/tr>\n<tr>\n<td width=\"100%\" valign=\"top\">.<\/td>\n<\/tr>\n<tr>\n<td width=\"100%\" valign=\"top\">1.- Las adicciones desde la salud y la enfermedad.<\/td>\n<\/tr>\n<tr>\n<td width=\"100%\" valign=\"top\">Profesores: Dr. Justo Reinaldo Fabelo Roche, MsC.\u00a0Serguei Iglesias Mor\u00e9, MsC. Elisa G\u00e1lvez Cabrera\u00a0 y Lic. Mar\u00eda Esther Ortiz Quesada\u00a0 (Cuba)<\/td>\n<\/tr>\n<tr>\n<td width=\"100%\" valign=\"top\">Tiempo: 8 horas\u00a0\u00a0\u00a0\u00a0\u00a0\u00a0\u00a0\u00a0\u00a0\u00a0 Cursistas: 30<\/td>\n<\/tr>\n<tr>\n<td width=\"100%\" valign=\"top\">SEDE: Departamento Tratamientos Especializados (Esquina 26,\u00a0 Ave Boyeros)<\/td>\n<\/tr>\n<tr>\n<td width=\"100%\" valign=\"top\">.<\/td>\n<\/tr>\n<tr>\n<td width=\"100%\" valign=\"top\">2.- Psicoterapia Integrativa. Los Recursos terap\u00e9uticos que utilizamos.<\/td>\n<\/tr>\n<tr>\n<td width=\"100%\" valign=\"top\">Profesor: Lic. Margarita de las Mercedes Garc\u00eda Vald\u00e9s\u00a0 (Cuba)<\/td>\n<\/tr>\n<tr>\n<td width=\"100%\" valign=\"top\">Tiempo:\u00a0\u00a0 4\u00a0 horas\u00a0\u00a0\u00a0\u00a0\u00a0\u00a0 Cursistas: 30<\/td>\n<\/tr>\n<tr>\n<td width=\"100%\" valign=\"top\">SEDE: Facultad de Ciencias Medicas \u00abDr. Salvador Allende\u00bb (Calzada del Cerro 1551)<\/td>\n<\/tr>\n<tr>\n<td width=\"100%\" valign=\"top\">.<\/td>\n<\/tr>\n<tr>\n<td width=\"100%\" valign=\"top\">3.- La Relaci\u00f3n de Ayuda Enfermero-paciente como herramienta de la inteligencia emocional.<\/td>\n<\/tr>\n<tr>\n<td width=\"100%\" valign=\"top\">Profesores:\u00a0\u00a0 MSc Luis Ulloa Reyes\u00a0\u00a0\u00a0\u00a0\u00a0 (Cuba)<br \/>\n\u00a0\u00a0\u00a0\u00a0\u00a0\u00a0\u00a0\u00a0\u00a0\u00a0\u00a0\u00a0\u00a0\u00a0\u00a0\u00a0\u00a0\u00a0 MSc F\u00e9lix Vento Iznaga<br \/>\n\u00a0\u00a0\u00a0\u00a0\u00a0\u00a0\u00a0\u00a0\u00a0\u00a0\u00a0\u00a0\u00a0\u00a0\u00a0\u00a0\u00a0\u00a0 Lic. Esther Labrada Rodr\u00edguez<\/td>\n<\/tr>\n<tr>\n<td width=\"100%\" valign=\"top\">Tiempo: 4 horas\u00a0\u00a0\u00a0\u00a0\u00a0\u00a0\u00a0\u00a0\u00a0 Cursistas: 30<\/td>\n<\/tr>\n<tr>\n<td width=\"100%\" valign=\"top\">Sede: Instituto Nacional de Cardiolog\u00eda (17 \/ Paseo y A,\u00a0 Vedado)<\/td>\n<\/tr>\n<tr>\n<td width=\"100%\" valign=\"top\">.<\/td>\n<\/tr>\n<tr>\n<td width=\"100%\" valign=\"top\">4.- Enfoque psicoterap\u00e9utico de la autocompasi\u00f3n<\/td>\n<\/tr>\n<tr>\n<td width=\"100%\" valign=\"top\">Profesoras: Sara Gilda Argud\u00edn Depestre \u00a0y \u00a0Leticia Noa Cabrera\u00a0 (Cuba)<\/td>\n<\/tr>\n<tr>\n<td width=\"100%\" valign=\"top\">Tiempo: 6 horas\u00a0\u00a0\u00a0\u00a0\u00a0 Cursistas: 15<\/td>\n<\/tr>\n<tr>\n<td width=\"100%\" valign=\"top\">SEDE: Hospital Hermanos Amejeiras (San L\u00e1zaro n\u00famero 701 entre M\u00e1rquez. Gonz\u00e1lez y Belascoa\u00edn, Centro Habana.)<\/td>\n<\/tr>\n<tr>\n<td width=\"100%\" valign=\"top\">.<\/td>\n<\/tr>\n<tr>\n<td width=\"100%\" valign=\"top\">5.- Conceptos b\u00e1sicos de estad\u00edstica para psiquiatras: como leer un trabajo con cifras sin agobiarse.<\/td>\n<\/tr>\n<tr>\n<td width=\"100%\" valign=\"top\">Profesor: Dr. Juan Gibert Rahola\u00a0 (Espa\u00f1a)<\/td>\n<\/tr>\n<tr>\n<td width=\"100%\" valign=\"top\">Tiempo: 4 horas\u00a0\u00a0\u00a0\u00a0\u00a0\u00a0\u00a0 Cursistas:80<\/td>\n<\/tr>\n<tr>\n<td width=\"100%\" valign=\"top\">SEDE: Memorial Jos\u00e9 Mart\u00ed (Plaza de la Revoluci\u00f3n)<\/td>\n<\/tr>\n<tr>\n<td width=\"100%\" valign=\"top\">.<\/td>\n<\/tr>\n<tr>\n<td width=\"100%\" valign=\"top\">6.- Actualizaci\u00f3n en epilepsia para el 1er nivel de salud<\/td>\n<\/tr>\n<tr>\n<td width=\"100%\" valign=\"top\">Profesor: Dr. Salvador Gonz\u00e1lez Pal.\u00a0 (Cuba)<\/td>\n<\/tr>\n<tr>\n<td width=\"100%\" valign=\"top\">Tiempo: 4 horas\u00a0\u00a0\u00a0\u00a0 Cursistas: 40<\/td>\n<\/tr>\n<tr>\n<td width=\"100%\" valign=\"top\">SEDE:\u00a0Linea e I Vedado\u00a0 Hora: 8:30 a.m. Hora:8:80 a.m.<\/td>\n<\/tr>\n<tr>\n<td width=\"100%\" valign=\"top\">.<\/td>\n<\/tr>\n<tr>\n<td width=\"100%\" valign=\"top\"><strong>Cursos POST-CONGRESOS\u00a0 <\/strong><\/td>\n<\/tr>\n<tr>\n<td width=\"100%\" valign=\"top\"><strong>.<\/strong><\/td>\n<\/tr>\n<tr>\n<td width=\"100%\" valign=\"top\">1.- Revisitando la Terapia de Soluci\u00f3n de Problemas<\/td>\n<\/tr>\n<tr>\n<td width=\"100%\" valign=\"top\">Profesor: Miguel \u00c1ngel Roca Perera\u00a0\u00a0 (Cuba)<\/td>\n<\/tr>\n<tr>\n<td width=\"100%\" valign=\"top\">Tiempo: 8 horas\u00a0\u00a0\u00a0\u00a0\u00a0\u00a0\u00a0 Cursistas:20\u00a0\u00a0\u00a0\u00a0\u00a0 Fecha: 15 de Marzo<\/td>\n<\/tr>\n<tr>\n<td width=\"100%\" valign=\"top\">SEDE: DTE (Esquina 26,\u00a0 Ave Boyeros)\u00a0\u00a0\u00a0\u00a0\u00a0\u00a0<\/td>\n<\/tr>\n<tr>\n<td width=\"100%\" valign=\"top\">\u00a0<\/td>\n<\/tr>\n<tr>\n<td width=\"100%\" valign=\"top\">2.- Atenci\u00f3n\u00a0 integral\u00a0 al paciente psic\u00f3tico.<\/td>\n<\/tr>\n<tr>\n<td width=\"100%\" valign=\"top\">Profesor: Dra. Ana Irina Padr\u00f3n Garc\u00eda y Dr. Agust\u00edn Final\u00e9 Sabater.\u00a0 (Cuba)<\/td>\n<\/tr>\n<tr>\n<td width=\"100%\" valign=\"top\">Tiempo: 8 horas\u00a0\u00a0\u00a0\u00a0\u00a0\u00a0\u00a0\u00a0\u00a0\u00a0\u00a0\u00a0\u00a0 Cursistas: 20\u00a0\u00a0\u00a0\u00a0\u00a0\u00a0\u00a0\u00a0 Fecha:16 de Marzo<\/td>\n<\/tr>\n<tr>\n<td width=\"100%\" valign=\"top\">SEDE: Hospital Cl\u00ednico Quir\u00fargico \u00abHermanos Ameijeiras\u00bb (San L\u00e1zaro n\u00famero 701 entre M\u00e1rquez. Gonz\u00e1lez y Belascoa\u00edn, Centro Habana.)<\/td>\n<\/tr>\n<tr>\n<td width=\"100%\" valign=\"top\">\u00a0<\/td>\n<\/tr>\n<tr>\n<td width=\"100%\" valign=\"top\">3.- Curso de Rorschach seg\u00fan el m\u00e9todo de la escuela romana.<\/td>\n<\/tr>\n<tr>\n<td width=\"100%\" valign=\"top\">Profesor: Ar\u00edstides R. Guerra Mart\u00ednez\u00a0 (Cuba)<\/td>\n<\/tr>\n<tr>\n<td width=\"100%\" valign=\"top\">Tiempo: 6 horas\u00a0\u00a0 Cursistas:20\u00a0\u00a0\u00a0\u00a0\u00a0 \u00a0\u00a0\u00a0\u00a0\u00a0Fecha: 16 marzo<\/td>\n<\/tr>\n<tr>\n<td width=\"100%\" valign=\"top\">SEDE: DTE (Esquina 26,\u00a0 Ave Boyeros)<\/td>\n<\/tr>\n<tr>\n<td width=\"100%\" valign=\"top\">\u00a0<\/td>\n<\/tr>\n<tr>\n<td width=\"100%\" valign=\"top\">4.- La sexualidad y los trastornos mentales.<\/td>\n<\/tr>\n<tr>\n<td width=\"100%\" valign=\"top\">Profesor: MsC. Dra. Annia Duany Navarro\u00a0 (Cuba)<\/td>\n<\/tr>\n<tr>\n<td width=\"100%\" valign=\"top\">Tiempo: 4horas\u00a0\u00a0 Cursistas:20\u00a0\u00a0\u00a0\u00a0\u00a0\u00a0\u00a0\u00a0\u00a0\u00a0\u00a0\u00a0\u00a0\u00a0\u00a0\u00a0 Fecha: 14 de marzo<\/td>\n<\/tr>\n<tr>\n<td width=\"100%\" valign=\"top\">SEDE: Hospital\u00a0 \u00abSalvador Allende\u00bb (Calzada del Cerro 1551)<\/td>\n<\/tr>\n<tr>\n<td width=\"100%\" valign=\"top\">\u00a0<\/td>\n<\/tr>\n<tr>\n<td width=\"100%\" valign=\"top\">5.- Algunos aspectos controversiales y de inter\u00e9s de las Conductas adictivas.<\/td>\n<\/tr>\n<tr>\n<td width=\"100%\" valign=\"top\">Profesor: Dr. Octavio Garciga Ortega\u00a0 (Cuba)<\/td>\n<\/tr>\n<tr>\n<td width=\"100%\" valign=\"top\">Tiempo: 4 horas\u00a0\u00a0 Cursistas:30\u00a0\u00a0\u00a0\u00a0\u00a0\u00a0\u00a0\u00a0\u00a0\u00a0\u00a0\u00a0\u00a0\u00a0\u00a0 Fecha: 14 marzo<\/td>\n<\/tr>\n<tr>\n<td width=\"100%\" valign=\"top\">SEDE: DTE (Esquina 26,\u00a0 Ave Boyeros)<\/td>\n<\/tr>\n<tr>\n<td width=\"100%\" valign=\"top\">\u00a0<\/td>\n<\/tr>\n<tr>\n<td width=\"100%\" valign=\"top\">6.- Rehabilitaci\u00f3n Psicosocial<\/td>\n<\/tr>\n<tr>\n<td width=\"100%\" valign=\"top\"><em>Profesor:\u00a0Dr. Ra\u00fal G. Gil \u00a0\u00a0\u00a0\u00a0\u00a0\u00a0\u00a0\u00a0\u00a0\u00a0\u00a0\u00a0\u00a0\u00a0\u00a0\u00a0\u00a0\u00a0\u00a0\u00a0\u00a0\u00a0\u00a0(Cuba)<\/em><em>\u00a0\u00a0\u00a0\u00a0\u00a0\u00a0\u00a0\u00a0\u00a0\u00a0\u00a0 \u00a0\u00a0\u00a0\u00a0Dr. Eduardo Sabori Reyes<\/em><\/p>\n<p><em>\u00a0\u00a0\u00a0\u00a0\u00a0\u00a0\u00a0\u00a0\u00a0\u00a0\u00a0\u00a0\u00a0\u00a0\u00a0 Lic MsC Georgina Fari\u00f1as Gonzales<\/em><\/p>\n<p><em>\u00a0\u00a0\u00a0\u00a0\u00a0\u00a0\u00a0\u00a0\u00a0\u00a0\u00a0\u00a0\u00a0\u00a0\u00a0 Lic Elio Qui\u00f1ones Rio Seco<\/em><\/td>\n<\/tr>\n<tr>\n<td width=\"100%\" valign=\"top\">Tiempo: 8 horas\u00a0\u00a0\u00a0\u00a0\u00a0\u00a0\u00a0\u00a0\u00a0\u00a0\u00a0 Cursistas: 30\u00a0\u00a0\u00a0\u00a0\u00a0 Fecha: 15 marzo<\/td>\n<\/tr>\n<tr>\n<td width=\"100%\" valign=\"top\">SEDE: Convento San Francisco de As\u00eds. (Oficio \/ Teniente Rey y Mercaderes )<\/td>\n<\/tr>\n<tr>\n<td width=\"100%\" valign=\"top\">\u00a0<\/td>\n<\/tr>\n<tr>\n<td width=\"100%\" valign=\"top\">7.- Introducci\u00f3n al Psicodrama Psicoanalitico.\u00a0<\/td>\n<\/tr>\n<tr>\n<td width=\"100%\" valign=\"top\">Profesor: Enrique Saracho Rotaeche\u00a0\u00a0\u00a0\u00a0\u00a0\u00a0\u00a0\u00a0\u00a0\u00a0\u00a0\u00a0\u00a0\u00a0\u00a0 (Espa\u00f1a)<\/td>\n<\/tr>\n<tr>\n<td width=\"100%\" valign=\"top\">Tiempo:\u00a0 8 horas\u00a0\u00a0\u00a0\u00a0\u00a0\u00a0\u00a0\u00a0\u00a0\u00a0\u00a0\u00a0\u00a0\u00a0\u00a0\u00a0\u00a0\u00a0 Cursistas: 30\u00a0\u00a0\u00a0\u00a0\u00a0\u00a0\u00a0\u00a0\u00a0 Fecha: 16 de marzo<\/td>\n<\/tr>\n<tr>\n<td width=\"100%\" valign=\"top\">SEDE: Convento San Francisco de As\u00eds. (Oficio \/ Teniente Rey y Mercaderes)<\/td>\n<\/tr>\n<tr>\n<td width=\"100%\" valign=\"top\">\u00a0<\/td>\n<\/tr>\n<tr>\n<td width=\"100%\" valign=\"top\">8.- Herramientas para el trabajo Comunitario<\/td>\n<\/tr>\n<tr>\n<td width=\"100%\" valign=\"top\">Profesora: Mirian de la Osa<\/td>\n<\/tr>\n<tr>\n<td width=\"100%\" valign=\"top\">Tiempo:\u00a0 4 horas\u00a0\u00a0\u00a0\u00a0\u00a0\u00a0\u00a0\u00a0\u00a0\u00a0\u00a0\u00a0\u00a0\u00a0\u00a0\u00a0\u00a0\u00a0 Cursistas: 25\u00a0\u00a0\u00a0\u00a0\u00a0\u00a0\u00a0\u00a0\u00a0 Fecha: 17 de marzo<\/td>\n<\/tr>\n<tr>\n<td width=\"100%\" valign=\"top\">SEDE: Hospital Cl\u00ednico Quir\u00fargico \u00abHermanos Ameijeiras\u00bb (San L\u00e1zaro n\u00famero 701 entre M\u00e1rquez. Gonz\u00e1lez y Belascoa\u00edn, Centro Habana.)<\/td>\n<\/tr>\n<\/tbody>\n<\/table>\n","protected":false},"excerpt":{"rendered":"<p>PSICOHABANA2011 Cursos PRE-CONGRESOS \u00a0LUNES 7 . 1.- Epilepsia del l\u00f3bulo temporal. Profesor: Dr. Juan Enrique Bender del Busto. (Cuba) Tiempo: 8 horas\u00a0\u00a0\u00a0\u00a0\u00a0\u00a0 Cursistas: 40 SEDE:\u00a0Linea e I Vedado\u00a0 Hora: 8:30 a.m. . 2.- Bipolaridad: Novedades en el Tratamiento. Profesor: Dr. Antonio Jes\u00fas Caballero Moreno y Dr. Jos\u00e9 P\u00e9rez Mil\u00e1n\u00a0 (Cuba) Tiempo: 8 horas\u00a0\u00a0\u00a0\u00a0\u00a0\u00a0\u00a0 Cursistas: 40 [&hellip;]<\/p>\n","protected":false},"author":31,"featured_media":0,"parent":0,"menu_order":0,"comment_status":"open","ping_status":"open","template":"","meta":[],"_links":{"self":[{"href":"https:\/\/promociondeeventos.sld.cu\/psicohabana2010\/wp-json\/wp\/v2\/pages\/166"}],"collection":[{"href":"https:\/\/promociondeeventos.sld.cu\/psicohabana2010\/wp-json\/wp\/v2\/pages"}],"about":[{"href":"https:\/\/promociondeeventos.sld.cu\/psicohabana2010\/wp-json\/wp\/v2\/types\/page"}],"author":[{"embeddable":true,"href":"https:\/\/promociondeeventos.sld.cu\/psicohabana2010\/wp-json\/wp\/v2\/users\/31"}],"replies":[{"embeddable":true,"href":"https:\/\/promociondeeventos.sld.cu\/psicohabana2010\/wp-json\/wp\/v2\/comments?post=166"}],"version-history":[{"count":32,"href":"https:\/\/promociondeeventos.sld.cu\/psicohabana2010\/wp-json\/wp\/v2\/pages\/166\/revisions"}],"predecessor-version":[{"id":172,"href":"https:\/\/promociondeeventos.sld.cu\/psicohabana2010\/wp-json\/wp\/v2\/pages\/166\/revisions\/172"}],"wp:attachment":[{"href":"https:\/\/promociondeeventos.sld.cu\/psicohabana2010\/wp-json\/wp\/v2\/media?parent=166"}],"curies":[{"name":"wp","href":"https:\/\/api.w.org\/{rel}","templated":true}]}}