{"id":16,"date":"2009-01-12T19:02:54","date_gmt":"2009-01-12T19:02:54","guid":{"rendered":"http:\/\/promociondeeventos.sld.cu\/psicohabana2010\/informacion-de-contacto\/"},"modified":"2010-06-01T20:59:05","modified_gmt":"2010-06-01T18:59:05","slug":"informacion-de-contacto","status":"publish","type":"page","link":"https:\/\/promociondeeventos.sld.cu\/psicohabana2010\/informacion-de-contacto\/","title":{"rendered":"Informaci\u00f3n de Contacto"},"content":{"rendered":"<h2>Direcci\u00f3n de correo postal<\/h2>\n<p><strong><em>Hospital Psiqui\u00e1trico de La Habana<\/em><\/strong><\/p>\n<p><strong><em>Ave. Independencia, Nro. 26520 Mazorra. Boyeros, Ciudad de La Habana. Cuba. C.P. 19220<\/em><\/strong><\/p>\n<h4><span style=\"font-size: large\">Tel\u00e9fonos de contacto<\/span>:<\/h4>\n<blockquote>\n<blockquote><p><strong>(53-7)6468331 al 41 Pizarra<\/strong><\/p>\n<p><strong>(53-7)6453579 Direcci\u00f3n<\/strong><\/p>\n<p><strong>(53-7)6452923 Departamento Docente <\/strong><\/p>\n<p><strong>(53-7)6450088 Inform\u00e1tica<\/strong><\/p><\/blockquote>\n<\/blockquote>\n<blockquote>\n<blockquote>\n<h4><em><a href=\"mailto:psicohabana2010@infomed.sld.cu\">E-mail Evento<\/a><\/em><\/h4>\n<\/blockquote>\n<\/blockquote>\n<p><em><strong><span style=\"font-size: large\">Otras direcciones de Contacto:<\/span><\/strong><\/em><\/p>\n<blockquote>\n<h4><em><br \/>\n<\/em><a href=\"mailto:hph@infomed.sld.cu\"><em>Dr. Dalsys Torres \u00c1vila . Director HPH<\/em><\/a><em><br \/>\n<\/em><br \/>\n<em><a href=\"mailto:carlose@infomed.sld.cu\">Dr Carlos Rubalcaba<br \/>\n<\/a><\/em><\/h4>\n<h4><em><a href=\"mailto:revistahph@infomed.sld.cu\">Lic. Margarita Mart\u00edn Blanco. Secretaria del Evento<\/a><br \/>\n<\/em><br \/>\nURL sitio Web HPH:<em> <\/em><a href=\"http:\/\/www.psiquiatricohph.sld.cu\/\"><em>www.psiquiatricohph.sld.cu<\/em><\/a><\/h4>\n<p><strong>URL Evento:<\/strong><\/p>\n<p><strong><a class=\"alignleft\" href=\"http:\/\/promociondeeventos.sld.cu\/psicohabana2010\" target=\"_self\"><span style=\"text-decoration: underline\"><em>www.psicohabana.com<\/em><\/span> <\/a><\/strong><\/p>\n<p><a href=\"http:\/\/promociondeeventos.sld.cu\/psicohabana2010\/\"><strong><em>http:\/\/promociondeeventos.sld.cu\/psicohabana2010\/<\/em><\/strong><\/a><\/p>\n<h4>Representante Profesional Evento<\/h4>\n<h4><em><span style=\"text-decoration: underline\"><strong><a href=\"mailto:aliciagarcia@infomed.sld.cu\"><em>Alicia Garcia Gonzalez<\/em><\/a><\/strong><\/span><\/em><\/h4>\n<p><em>Tel\u00e9fono (53-7)208 5199 \/2026011 al 19 ext 1510<br \/>\nFax: (53-7) 2028382<\/em><\/p>\n<p><em>\u00a0<\/em><em><span style=\"text-decoration: underline\"><strong><em><strong>Agencia de Viajes Cubanac\u00e1n:<\/strong><\/em><\/strong><\/span><\/em><\/p>\n<p><em><span style=\"text-decoration: underline\"><strong><em><span style=\"text-decoration: underline\"><strong><a href=\"mailto:ventas10@avc.cyt.cu\"><em>Lic. Niurka Remedios Ballesteros<\/em><\/a><\/strong><\/span><\/em><\/strong><\/span><\/em><\/p>\n<p><em><strong>\u00a0<\/strong><\/em>Tel\u00e9fono (53-7)208 9920 ext 209<br \/>\nFax: (53-7) 2044791<\/p>\n<div><em><em><span>\u00a0<\/span><\/em><\/em><\/div>\n<p><em><em><\/em><\/em><\/p>\n<p><em><em><\/em><\/em><\/p><\/blockquote>\n","protected":false},"excerpt":{"rendered":"<p>Direcci\u00f3n de correo postal Hospital Psiqui\u00e1trico de La Habana Ave. Independencia, Nro. 26520 Mazorra. Boyeros, Ciudad de La Habana. Cuba. C.P. 19220 Tel\u00e9fonos de contacto: (53-7)6468331 al 41 Pizarra (53-7)6453579 Direcci\u00f3n (53-7)6452923 Departamento Docente (53-7)6450088 Inform\u00e1tica E-mail Evento Otras direcciones de Contacto: Dr. Dalsys Torres \u00c1vila . Director HPH Dr Carlos Rubalcaba Lic. Margarita Mart\u00edn [&hellip;]<\/p>\n","protected":false},"author":31,"featured_media":0,"parent":0,"menu_order":6,"comment_status":"closed","ping_status":"closed","template":"","meta":[],"_links":{"self":[{"href":"https:\/\/promociondeeventos.sld.cu\/psicohabana2010\/wp-json\/wp\/v2\/pages\/16"}],"collection":[{"href":"https:\/\/promociondeeventos.sld.cu\/psicohabana2010\/wp-json\/wp\/v2\/pages"}],"about":[{"href":"https:\/\/promociondeeventos.sld.cu\/psicohabana2010\/wp-json\/wp\/v2\/types\/page"}],"author":[{"embeddable":true,"href":"https:\/\/promociondeeventos.sld.cu\/psicohabana2010\/wp-json\/wp\/v2\/users\/31"}],"replies":[{"embeddable":true,"href":"https:\/\/promociondeeventos.sld.cu\/psicohabana2010\/wp-json\/wp\/v2\/comments?post=16"}],"version-history":[{"count":14,"href":"https:\/\/promociondeeventos.sld.cu\/psicohabana2010\/wp-json\/wp\/v2\/pages\/16\/revisions"}],"predecessor-version":[{"id":62,"href":"https:\/\/promociondeeventos.sld.cu\/psicohabana2010\/wp-json\/wp\/v2\/pages\/16\/revisions\/62"}],"wp:attachment":[{"href":"https:\/\/promociondeeventos.sld.cu\/psicohabana2010\/wp-json\/wp\/v2\/media?parent=16"}],"curies":[{"name":"wp","href":"https:\/\/api.w.org\/{rel}","templated":true}]}}