{"id":68,"date":"2020-12-11T20:00:58","date_gmt":"2020-12-11T20:00:58","guid":{"rendered":"http:\/\/promociondeeventos.sld.cu\/profesoranduxinmemorian\/?page_id=68"},"modified":"2021-01-02T05:11:09","modified_gmt":"2021-01-02T05:11:09","slug":"educacion-cientifico-cultural","status":"publish","type":"page","link":"https:\/\/promociondeeventos.sld.cu\/profesoranduxinmemorian\/trabajos-por-tematica\/educacion-cientifico-cultural\/","title":{"rendered":"Educaci\u00f3n Cient\u00edfico Cultural"},"content":{"rendered":"<ul>\n<li><a href=\"http:\/\/promociondeeventos.sld.cu\/profesoranduxinmemorian\/files\/2020\/12\/Profesor-Andux.pdf\">Profesor Andux<\/a><\/li>\n<li><a href=\"http:\/\/promociondeeventos.sld.cu\/profesoranduxinmemorian\/files\/2020\/12\/Juegos-de-animaci\u00f3n-cultural-como-v\u00eda-para-estimular-la-creaci\u00f3n-literaria-del-adulto-mayor.pdf\">Juegos de animaci\u00f3n cultural como v\u00eda para estimular la creaci\u00f3n literaria del adulto mayor<\/a><\/li>\n<li><a href=\"http:\/\/promociondeeventos.sld.cu\/profesoranduxinmemorian\/files\/2020\/12\/Cultura-y-comunicaci\u00f3n-en-la-universidad-multicultural.pdf\">Cultura y comunicaci\u00f3n en la universidad multicultural<\/a><\/li>\n<li><a href=\"http:\/\/promociondeeventos.sld.cu\/profesoranduxinmemorian\/files\/2020\/12\/MedHistopinar-un-software-para-el-estudio-de-la-medicina-local1.pdf\">MedHistopinar-un-software-para-el-estudio-de-la-medicina-local<\/a><\/li>\n<\/ul>\n","protected":false},"excerpt":{"rendered":"<p>Profesor Andux Juegos de animaci\u00f3n cultural como v\u00eda para estimular la creaci\u00f3n literaria del adulto mayor Cultura y comunicaci\u00f3n en la universidad multicultural MedHistopinar-un-software-para-el-estudio-de-la-medicina-local<\/p>\n","protected":false},"author":3262,"featured_media":0,"parent":66,"menu_order":0,"comment_status":"closed","ping_status":"closed","template":"sidebar-content.php","meta":[],"_links":{"self":[{"href":"https:\/\/promociondeeventos.sld.cu\/profesoranduxinmemorian\/wp-json\/wp\/v2\/pages\/68"}],"collection":[{"href":"https:\/\/promociondeeventos.sld.cu\/profesoranduxinmemorian\/wp-json\/wp\/v2\/pages"}],"about":[{"href":"https:\/\/promociondeeventos.sld.cu\/profesoranduxinmemorian\/wp-json\/wp\/v2\/types\/page"}],"author":[{"embeddable":true,"href":"https:\/\/promociondeeventos.sld.cu\/profesoranduxinmemorian\/wp-json\/wp\/v2\/users\/3262"}],"replies":[{"embeddable":true,"href":"https:\/\/promociondeeventos.sld.cu\/profesoranduxinmemorian\/wp-json\/wp\/v2\/comments?post=68"}],"version-history":[{"count":12,"href":"https:\/\/promociondeeventos.sld.cu\/profesoranduxinmemorian\/wp-json\/wp\/v2\/pages\/68\/revisions"}],"predecessor-version":[{"id":402,"href":"https:\/\/promociondeeventos.sld.cu\/profesoranduxinmemorian\/wp-json\/wp\/v2\/pages\/68\/revisions\/402"}],"up":[{"embeddable":true,"href":"https:\/\/promociondeeventos.sld.cu\/profesoranduxinmemorian\/wp-json\/wp\/v2\/pages\/66"}],"wp:attachment":[{"href":"https:\/\/promociondeeventos.sld.cu\/profesoranduxinmemorian\/wp-json\/wp\/v2\/media?parent=68"}],"curies":[{"name":"wp","href":"https:\/\/api.w.org\/{rel}","templated":true}]}}