{"id":37,"date":"2020-12-07T13:33:33","date_gmt":"2020-12-07T13:33:33","guid":{"rendered":"http:\/\/promociondeeventos.sld.cu\/profesoranduxinmemorian\/?page_id=37"},"modified":"2020-12-07T13:39:08","modified_gmt":"2020-12-07T13:39:08","slug":"normas-de-presentacion","status":"publish","type":"page","link":"https:\/\/promociondeeventos.sld.cu\/profesoranduxinmemorian\/normas-de-presentacion\/","title":{"rendered":"Normas de presentaci\u00f3n"},"content":{"rendered":"<p style=\"text-align: justify;\">El comit\u00e9 organizador considerar\u00e1 que todos los trabajos han sido autorizados para su presentaci\u00f3n en el evento virtual por todas las personas e instituciones que han participado en ellos.<\/p>\n<p style=\"text-align: justify;\">Las ponencias a presentar <strong><em>EVENTO VIRTUAL CIENT\u00cdFICO CULTURAL \u201cPROFESOR ANDUX in MEMORIAM\u201d 2020,<\/em><\/strong> deben ser: trabajos originales, con la estructura cl\u00e1sica de introducci\u00f3n, m\u00e9todo, resultados, discusi\u00f3n (si las tiene) y conclusiones.<\/p>\n<p style=\"text-align: justify;\">Estos trabajos deber\u00e1n ser escritos en letra verdana 10 puntos, con 1.5 de espacio entre l\u00edneas, hasta 20 cuartillas, con margen de 2 cm en cada lado.<\/p>\n<p style=\"text-align: justify;\"><strong>La primera p\u00e1gina debe contener:<\/strong><\/p>\n<ul style=\"text-align: justify;\">\n<li>Nombre del evento (centrado).<\/li>\n<li>T\u00edtulo de la ponencia en espa\u00f1ol.<\/li>\n<li>Autores: en orden de participaci\u00f3n, cada autor debe tener se\u00f1alado en super\u00edndice despu\u00e9s de la coma el n\u00famero que permita identificar sus cr\u00e9ditos.<\/li>\n<li>Cr\u00e9ditos de autores: en p\u00e1rrafo aparte se especifican los cr\u00e9ditos de cada autor (categor\u00eda cient\u00edfica, acad\u00e9mica, investigativa, unidad donde labora, ciudad y pa\u00eds).<\/li>\n<li>Correspondencia: se pone el correo electr\u00f3nico del autor de consulta.<\/li>\n<li>Resumen: el resumen, en espa\u00f1ol, en cualquier modalidad, p\u00e1rrafo \u00fanico o estructurado, con las palabras claves correspondientes, entre 3 y 5 t\u00e9rminos que permitan indexar el trabajo.<\/li>\n<li>Abstract: el resumen en idioma ingl\u00e9s.<\/li>\n<li>A continuaci\u00f3n, se escribe la introducci\u00f3n, el m\u00e9todo, los resultados, discusi\u00f3n, conclusiones, recomendaciones, bibliograf\u00eda y anexos.<\/li>\n<li>Las bibliograf\u00edas deben ser referenciadas en el texto en n\u00fameros escritos como super\u00edndices, y en la secci\u00f3n de Referencias Bibliogr\u00e1ficas deben estructurarse seg\u00fan los requisitos uniformes (Normas de Vancouver).<\/li>\n<li>Las figuras (cuadros, gr\u00e1ficos, fotos, esquemas) deben aparecer en el cuerpo del trabajo.<\/li>\n<li><strong>Los trabajos deben ser subidos en PDF y ajustarse a las normas de presentaci\u00f3n, de no ser asi, no ser\u00e1n aceptados<\/strong><\/li>\n<\/ul>\n<p style=\"text-align: justify;\">Ejemplo de la primera p\u00e1gina:<\/p>\n<p style=\"text-align: justify;\">EVENTO VIRTUAL CIENT\u00cdFICO CULTURAL<\/p>\n<p style=\"text-align: justify;\">\u00a0\u201cPROFESOR ANDUX in MEMORIAM\u201d 2020,<\/p>\n<p style=\"text-align: justify;\"><strong>T\u00cdTULO (May\u00fascula y en negrita, Verdana 12)<\/strong><\/p>\n<p style=\"text-align: justify;\">Autores: Verdana 11<\/p>\n<p style=\"text-align: justify;\">Nombre, apellidos1, Nombre, apellidos2\u2026\u2026\u2026\u2026\u2026<\/p>\n<p style=\"text-align: justify;\">1 Especialidad, Departamento\u2026, 2 Especialidad, Departamento\u2026, \u2026.<\/p>\n<p style=\"text-align: justify;\">Facultad, Universidad, Centro Investigaciones\u2026\u2026 (lo que corresponda) \u2026.<\/p>\n<p style=\"text-align: justify;\">Provincia, Pa\u00eds.<\/p>\n<p style=\"text-align: justify;\">e-mail primer autor<\/p>\n<p style=\"text-align: justify;\">Resumen<\/p>\n<p style=\"text-align: justify;\">Estructurado, (Introducci\u00f3n, Objetivos, Materiales y m\u00e9todos, Resultados y discusi\u00f3n, Conclusiones) no m\u00e1s de 200 palabras, es el mismo que se solicita para subir al sitio.<\/p>\n<p style=\"text-align: justify;\"><strong>El trabajo debe llevar:<\/strong><\/p>\n<p style=\"text-align: justify;\">Introducci\u00f3n, objetivos, materiales y m\u00e9todos, resultados y discusi\u00f3n, conclusiones, bibliograf\u00eda (seg\u00fan normas de Vancouver) y anexos con las im\u00e1genes y tablas, gr\u00e1ficos, etc.). Todo el trabajo, no debe tener m\u00e1s de 15 p\u00e1ginas, en letra Verdana 11 y justificado. Los trabajos pedag\u00f3gicos siguen la misma estructura, pero con introducci\u00f3n, desarrollo, conclusiones, bibliograf\u00eda y anexos. Las im\u00e1genes no deben exceder los 80 K bytes para que la subida al sitio sea r\u00e1pida y no deben ser m\u00e1s de 5.<\/p>\n<p style=\"text-align: justify;\">\n","protected":false},"excerpt":{"rendered":"<p>El comit\u00e9 organizador considerar\u00e1 que todos los trabajos han sido autorizados para su presentaci\u00f3n en el evento virtual por todas las personas e instituciones que han participado en ellos. Las ponencias a presentar EVENTO VIRTUAL CIENT\u00cdFICO CULTURAL \u201cPROFESOR ANDUX in MEMORIAM\u201d 2020, deben ser: trabajos originales, con la estructura cl\u00e1sica de introducci\u00f3n, m\u00e9todo, resultados, discusi\u00f3n [&hellip;]<\/p>\n","protected":false},"author":3262,"featured_media":0,"parent":0,"menu_order":0,"comment_status":"closed","ping_status":"open","template":"sidebar-content.php","meta":[],"_links":{"self":[{"href":"https:\/\/promociondeeventos.sld.cu\/profesoranduxinmemorian\/wp-json\/wp\/v2\/pages\/37"}],"collection":[{"href":"https:\/\/promociondeeventos.sld.cu\/profesoranduxinmemorian\/wp-json\/wp\/v2\/pages"}],"about":[{"href":"https:\/\/promociondeeventos.sld.cu\/profesoranduxinmemorian\/wp-json\/wp\/v2\/types\/page"}],"author":[{"embeddable":true,"href":"https:\/\/promociondeeventos.sld.cu\/profesoranduxinmemorian\/wp-json\/wp\/v2\/users\/3262"}],"replies":[{"embeddable":true,"href":"https:\/\/promociondeeventos.sld.cu\/profesoranduxinmemorian\/wp-json\/wp\/v2\/comments?post=37"}],"version-history":[{"count":3,"href":"https:\/\/promociondeeventos.sld.cu\/profesoranduxinmemorian\/wp-json\/wp\/v2\/pages\/37\/revisions"}],"predecessor-version":[{"id":43,"href":"https:\/\/promociondeeventos.sld.cu\/profesoranduxinmemorian\/wp-json\/wp\/v2\/pages\/37\/revisions\/43"}],"wp:attachment":[{"href":"https:\/\/promociondeeventos.sld.cu\/profesoranduxinmemorian\/wp-json\/wp\/v2\/media?parent=37"}],"curies":[{"name":"wp","href":"https:\/\/api.w.org\/{rel}","templated":true}]}}