{"id":30,"date":"2020-12-06T05:21:28","date_gmt":"2020-12-06T05:21:28","guid":{"rendered":"http:\/\/promociondeeventos.sld.cu\/profesoranduxinmemorian\/?page_id=30"},"modified":"2020-12-07T15:12:21","modified_gmt":"2020-12-07T15:12:21","slug":"organizan-y-auspician","status":"publish","type":"page","link":"https:\/\/promociondeeventos.sld.cu\/profesoranduxinmemorian\/organizan-y-auspician\/","title":{"rendered":"Organizan y auspician"},"content":{"rendered":"<p><strong>Organizan:<\/strong><\/p>\n<ul>\n<li>Facultad de Tecnolog\u00eda de la Salud<\/li>\n<li>Universidad de Ciencias M\u00e9dicas de la Habana.<\/li>\n<\/ul>\n<p><strong>Auspician:<\/strong><\/p>\n<ul>\n<li>Facultad de Tecnolog\u00eda de la Habana.<\/li>\n<li>Universidad de Ciencias M\u00e9dicas de La Habana.<\/li>\n<li>Consejo Nacional de Sociedades Cient\u00edficas.<\/li>\n<li>Sociedad de Pedagogos de Cuba<\/li>\n<\/ul>\n","protected":false},"excerpt":{"rendered":"<p>Organizan: Facultad de Tecnolog\u00eda de la Salud Universidad de Ciencias M\u00e9dicas de la Habana. Auspician: Facultad de Tecnolog\u00eda de la Habana. Universidad de Ciencias M\u00e9dicas de La Habana. Consejo Nacional de Sociedades Cient\u00edficas. Sociedad de Pedagogos de Cuba<\/p>\n","protected":false},"author":3262,"featured_media":0,"parent":0,"menu_order":0,"comment_status":"closed","ping_status":"open","template":"sidebar-content.php","meta":[],"_links":{"self":[{"href":"https:\/\/promociondeeventos.sld.cu\/profesoranduxinmemorian\/wp-json\/wp\/v2\/pages\/30"}],"collection":[{"href":"https:\/\/promociondeeventos.sld.cu\/profesoranduxinmemorian\/wp-json\/wp\/v2\/pages"}],"about":[{"href":"https:\/\/promociondeeventos.sld.cu\/profesoranduxinmemorian\/wp-json\/wp\/v2\/types\/page"}],"author":[{"embeddable":true,"href":"https:\/\/promociondeeventos.sld.cu\/profesoranduxinmemorian\/wp-json\/wp\/v2\/users\/3262"}],"replies":[{"embeddable":true,"href":"https:\/\/promociondeeventos.sld.cu\/profesoranduxinmemorian\/wp-json\/wp\/v2\/comments?post=30"}],"version-history":[{"count":3,"href":"https:\/\/promociondeeventos.sld.cu\/profesoranduxinmemorian\/wp-json\/wp\/v2\/pages\/30\/revisions"}],"predecessor-version":[{"id":45,"href":"https:\/\/promociondeeventos.sld.cu\/profesoranduxinmemorian\/wp-json\/wp\/v2\/pages\/30\/revisions\/45"}],"wp:attachment":[{"href":"https:\/\/promociondeeventos.sld.cu\/profesoranduxinmemorian\/wp-json\/wp\/v2\/media?parent=30"}],"curies":[{"name":"wp","href":"https:\/\/api.w.org\/{rel}","templated":true}]}}